{"id":39866,"date":"2022-09-26T13:26:37","date_gmt":"2022-09-26T11:26:37","guid":{"rendered":"https:\/\/dev.authority.biz\/boj\/product\/b-paire-de-chaussettes-tambo-le-singe\/"},"modified":"2023-10-02T10:17:26","modified_gmt":"2023-10-02T08:17:26","slug":"b-paire-de-chaussettes-kenzi-le-lion-duplicate-1","status":"publish","type":"product","link":"https:\/\/www.bojungle.eu\/fr\/produit\/b-paire-de-chaussettes-kenzi-le-lion-duplicate-1\/","title":{"rendered":"Paire de chaussettes Tambo Le Singe"},"content":{"rendered":"<ul>\n<li>Avec une doublure en polaire super douce et confortablement chaude.<\/li>\n<li>Des t\u00eates d&rsquo;animaux mignonnes \u00e0 jouer et \u00e0 d\u00e9couvrir<\/li>\n<li>Favorise le d\u00e9veloppement sensoriel de votre b\u00e9b\u00e9<\/li>\n<\/ul>\n","protected":false},"excerpt":{"rendered":"<p>Avec une doublure en polaire super douce et confortablement chaude.<\/p>\n","protected":false},"featured_media":60974,"comment_status":"closed","ping_status":"closed","template":"","meta":{"_lmt_disableupdate":"no","_lmt_disable":""},"product_brand":[],"product_cat":[446,445,1339],"product_tag":[],"woo-feed-brand":[],"class_list":{"0":"post-39866","1":"product","2":"type-product","3":"status-publish","4":"has-post-thumbnail","6":"product_cat-jouets-en-peluche","7":"product_cat-playtime-fr","8":"product_cat-soldes","10":"first","11":"instock","12":"sale","13":"taxable","14":"shipping-taxable","15":"purchasable","16":"product-type-simple"},"_links":{"self":[{"href":"https:\/\/www.bojungle.eu\/fr\/wp-json\/wp\/v2\/product\/39866","targetHints":{"allow":["GET"]}}],"collection":[{"href":"https:\/\/www.bojungle.eu\/fr\/wp-json\/wp\/v2\/product"}],"about":[{"href":"https:\/\/www.bojungle.eu\/fr\/wp-json\/wp\/v2\/types\/product"}],"replies":[{"embeddable":true,"href":"https:\/\/www.bojungle.eu\/fr\/wp-json\/wp\/v2\/comments?post=39866"}],"version-history":[{"count":0,"href":"https:\/\/www.bojungle.eu\/fr\/wp-json\/wp\/v2\/product\/39866\/revisions"}],"wp:featuredmedia":[{"embeddable":true,"href":"https:\/\/www.bojungle.eu\/fr\/wp-json\/wp\/v2\/media\/60974"}],"wp:attachment":[{"href":"https:\/\/www.bojungle.eu\/fr\/wp-json\/wp\/v2\/media?parent=39866"}],"wp:term":[{"taxonomy":"product_brand","embeddable":true,"href":"https:\/\/www.bojungle.eu\/fr\/wp-json\/wp\/v2\/product_brand?post=39866"},{"taxonomy":"product_cat","embeddable":true,"href":"https:\/\/www.bojungle.eu\/fr\/wp-json\/wp\/v2\/product_cat?post=39866"},{"taxonomy":"product_tag","embeddable":true,"href":"https:\/\/www.bojungle.eu\/fr\/wp-json\/wp\/v2\/product_tag?post=39866"},{"taxonomy":"woo-feed-brand","embeddable":true,"href":"https:\/\/www.bojungle.eu\/fr\/wp-json\/wp\/v2\/woo-feed-brand?post=39866"}],"curies":[{"name":"wp","href":"https:\/\/api.w.org\/{rel}","templated":true}]}}