{"id":39899,"date":"2022-09-26T12:00:10","date_gmt":"2022-09-26T10:00:10","guid":{"rendered":"https:\/\/dev.authority.biz\/boj\/product\/b-booklet-la-journee-du-bebe\/"},"modified":"2023-09-29T14:48:06","modified_gmt":"2023-09-29T12:48:06","slug":"b-booklet-babys-day-2","status":"publish","type":"product","link":"https:\/\/www.bojungle.eu\/fr\/produit\/b-booklet-babys-day-2\/","title":{"rendered":"Livre d\u2019\u00e9veil Journ\u00e9e de B\u00e9b\u00e9"},"content":{"rendered":"<ul>\n<li>Les petites mains peuvent facilement saisir ce livret<\/li>\n<li>Anneau de dentition textur\u00e9<\/li>\n<li>Les pages souples sont faciles \u00e0 tourner<\/li>\n<li>\u00c9tiquettes en satin<\/li>\n<li>Livret doux et croustillant<\/li>\n<\/ul>\n","protected":false},"excerpt":{"rendered":"<p>Livret doux et croustillant<\/p>\n","protected":false},"featured_media":70637,"comment_status":"closed","ping_status":"closed","template":"","meta":{"_lmt_disableupdate":"no","_lmt_disable":""},"product_brand":[],"product_cat":[496,498,445],"product_tag":[],"woo-feed-brand":[],"class_list":{"0":"post-39899","1":"product","2":"type-product","3":"status-publish","4":"has-post-thumbnail","6":"product_cat-des-jouets-colores","7":"product_cat-jouets-a-suspendre","8":"product_cat-playtime-fr","10":"first","11":"outofstock","12":"taxable","13":"shipping-taxable","14":"purchasable","15":"product-type-simple"},"_links":{"self":[{"href":"https:\/\/www.bojungle.eu\/fr\/wp-json\/wp\/v2\/product\/39899","targetHints":{"allow":["GET"]}}],"collection":[{"href":"https:\/\/www.bojungle.eu\/fr\/wp-json\/wp\/v2\/product"}],"about":[{"href":"https:\/\/www.bojungle.eu\/fr\/wp-json\/wp\/v2\/types\/product"}],"replies":[{"embeddable":true,"href":"https:\/\/www.bojungle.eu\/fr\/wp-json\/wp\/v2\/comments?post=39899"}],"version-history":[{"count":0,"href":"https:\/\/www.bojungle.eu\/fr\/wp-json\/wp\/v2\/product\/39899\/revisions"}],"wp:featuredmedia":[{"embeddable":true,"href":"https:\/\/www.bojungle.eu\/fr\/wp-json\/wp\/v2\/media\/70637"}],"wp:attachment":[{"href":"https:\/\/www.bojungle.eu\/fr\/wp-json\/wp\/v2\/media?parent=39899"}],"wp:term":[{"taxonomy":"product_brand","embeddable":true,"href":"https:\/\/www.bojungle.eu\/fr\/wp-json\/wp\/v2\/product_brand?post=39899"},{"taxonomy":"product_cat","embeddable":true,"href":"https:\/\/www.bojungle.eu\/fr\/wp-json\/wp\/v2\/product_cat?post=39899"},{"taxonomy":"product_tag","embeddable":true,"href":"https:\/\/www.bojungle.eu\/fr\/wp-json\/wp\/v2\/product_tag?post=39899"},{"taxonomy":"woo-feed-brand","embeddable":true,"href":"https:\/\/www.bojungle.eu\/fr\/wp-json\/wp\/v2\/woo-feed-brand?post=39899"}],"curies":[{"name":"wp","href":"https:\/\/api.w.org\/{rel}","templated":true}]}}