{"id":40081,"date":"2022-05-29T12:06:19","date_gmt":"2022-05-29T10:06:19","guid":{"rendered":"https:\/\/dev.authority.biz\/boj\/product\/b-biodegradable-cpla-set-de-vaisselle-5pcs-ocre\/"},"modified":"2023-09-29T11:40:39","modified_gmt":"2023-09-29T09:40:39","slug":"b-biodegradable-cpla-table-set-5pcs-ochre","status":"publish","type":"product","link":"https:\/\/www.bojungle.eu\/fr\/produit\/b-biodegradable-cpla-table-set-5pcs-ochre\/","title":{"rendered":"Set vaisselle Eco-responsable CPLA 5pcs Ocre"},"content":{"rendered":"<p>Cet ensemble contient une tasse \u00e0 boire, une assiette, des couverts et un bol.<\/p>\n<p>PLA signifie acide polylactique. Il s&rsquo;agit d&rsquo;un plastique biod\u00e9gradable d\u00e9riv\u00e9 de ressources d&rsquo;amidon renouvelables telles que le ma\u00efs ou la canne \u00e0 sucre. Le CPLA est un PLA cristallis\u00e9 qui est plus solide et r\u00e9siste \u00e0 des temp\u00e9ratures plus \u00e9lev\u00e9es.<\/p>\n<p>La vaisselle pour enfants CPLA est fabriqu\u00e9e \u00e0 partir de plantes naturelles et non de p\u00e9trole. Il peut s&rsquo;agir de ma\u00efs, de manioc, de canne \u00e0 sucre, de betteraves \u00e0 sucre, de bl\u00e9, de d\u00e9chets agricoles et de plantes non alimentaires. Par cons\u00e9quent, le CPLA est 100% naturel, ce qui signifie qu&rsquo;il ne contient aucune huile, aucune toxicit\u00e9, aucun m\u00e9tal lourd. En outre, il peut \u00eatre utilis\u00e9 au micro-ondes et au lave-vaisselle (mais pas au four). C&rsquo;est pourquoi CPLA est le choix le plus s\u00fbr pour vos enfants.<\/p>\n","protected":false},"excerpt":{"rendered":"<p>Cet ensemble contient une tasse \u00e0 boire, une assiette, des couverts et un bol.<\/p>\n<p>&nbsp;<\/p>\n","protected":false},"featured_media":70331,"comment_status":"closed","ping_status":"closed","template":"","meta":{"_lmt_disableupdate":"no","_lmt_disable":""},"product_brand":[],"product_cat":[554,552,439],"product_tag":[],"woo-feed-brand":[],"class_list":{"0":"post-40081","1":"product","2":"type-product","3":"status-publish","4":"has-post-thumbnail","6":"product_cat-gamme-cpla","7":"product_cat-lheure-du-diner","8":"product_cat-nourriture-et-boisson","10":"first","11":"outofstock","12":"taxable","13":"shipping-taxable","14":"purchasable","15":"product-type-simple"},"_links":{"self":[{"href":"https:\/\/www.bojungle.eu\/fr\/wp-json\/wp\/v2\/product\/40081","targetHints":{"allow":["GET"]}}],"collection":[{"href":"https:\/\/www.bojungle.eu\/fr\/wp-json\/wp\/v2\/product"}],"about":[{"href":"https:\/\/www.bojungle.eu\/fr\/wp-json\/wp\/v2\/types\/product"}],"replies":[{"embeddable":true,"href":"https:\/\/www.bojungle.eu\/fr\/wp-json\/wp\/v2\/comments?post=40081"}],"version-history":[{"count":0,"href":"https:\/\/www.bojungle.eu\/fr\/wp-json\/wp\/v2\/product\/40081\/revisions"}],"wp:featuredmedia":[{"embeddable":true,"href":"https:\/\/www.bojungle.eu\/fr\/wp-json\/wp\/v2\/media\/70331"}],"wp:attachment":[{"href":"https:\/\/www.bojungle.eu\/fr\/wp-json\/wp\/v2\/media?parent=40081"}],"wp:term":[{"taxonomy":"product_brand","embeddable":true,"href":"https:\/\/www.bojungle.eu\/fr\/wp-json\/wp\/v2\/product_brand?post=40081"},{"taxonomy":"product_cat","embeddable":true,"href":"https:\/\/www.bojungle.eu\/fr\/wp-json\/wp\/v2\/product_cat?post=40081"},{"taxonomy":"product_tag","embeddable":true,"href":"https:\/\/www.bojungle.eu\/fr\/wp-json\/wp\/v2\/product_tag?post=40081"},{"taxonomy":"woo-feed-brand","embeddable":true,"href":"https:\/\/www.bojungle.eu\/fr\/wp-json\/wp\/v2\/woo-feed-brand?post=40081"}],"curies":[{"name":"wp","href":"https:\/\/api.w.org\/{rel}","templated":true}]}}