{"id":40119,"date":"2022-05-29T12:06:19","date_gmt":"2022-05-29T10:06:19","guid":{"rendered":"https:\/\/dev.authority.biz\/boj\/product\/b-biodegradable-cpla-set-de-vaisselle-5pcs-terracotta\/"},"modified":"2024-12-05T13:27:58","modified_gmt":"2024-12-05T12:27:58","slug":"b-biodegradable-cpla-vaisselle-set-5pcs-terracotta","status":"publish","type":"product","link":"https:\/\/www.bojungle.eu\/fr\/produit\/b-biodegradable-cpla-vaisselle-set-5pcs-terracotta\/","title":{"rendered":"Service de table CPLA \u00e9co-responsable 5 pi\u00e8ces Terracotta"},"content":{"rendered":"<p>Am\u00e9liorez votre exp\u00e9rience de repas avec notre ensemble de vaisselle CPLA \u00e9co-responsable de 5 pi\u00e8ces con\u00e7u sp\u00e9cifiquement pour les enfants. Cet ensemble de 5 pi\u00e8ces comprend une tasse \u00e0 boire, une assiette, des couverts et un bol, tout ce dont votre enfant a besoin pour une exp\u00e9rience culinaire s\u00fbre et durable. Fabriqu\u00e9e \u00e0 partir de CPLA (acide polylactique cristallis\u00e9), une forme de PLA plus solide et r\u00e9sistante \u00e0 la chaleur, cette vaisselle est fabriqu\u00e9e \u00e0 partir de ressources renouvelables comme le ma\u00efs, la canne \u00e0 sucre, le manioc et d&rsquo;autres plantes naturelles. Le CPLA est une alternative 100 % biod\u00e9gradable au plastique traditionnel, garantissant un produit sans huile, sans toxicit\u00e9 et sans m\u00e9tal lourd, \u00e0 la fois s\u00fbr et respectueux de l&rsquo;environnement. Passant au micro-ondes et au lave-vaisselle (ne passe pas au four), notre vaisselle pour enfants CPLA allie commodit\u00e9 et durabilit\u00e9, offrant un choix non toxique, durable et respectueux de l&rsquo;environnement pour votre enfant. Passez \u00e0 un avenir plus vert avec cet ensemble de vaisselle de haute qualit\u00e9, d&rsquo;origine naturelle ! <\/p>\n","protected":false},"excerpt":{"rendered":"<div class=\"flex max-w-full flex-col flex-grow\">\n<div class=\"min-h-8 text-message flex w-full flex-col items-end gap-2 whitespace-normal break-words text-start [.text-message+&amp;]:mt-5\" dir=\"auto\" data-message-author-role=\"assistant\" data-message-id=\"78eb40a4-57b3-45ff-9d68-8f3e746316e9\" data-message-model-slug=\"gpt-4o-mini\">\n<div class=\"flex w-full flex-col gap-1 empty:hidden first:pt-[3px]\">\n<div class=\"markdown prose w-full break-words dark:prose-invert light\">\n<p>Cet ensemble de vaisselle \u00e9cologique CPLA de 5 pi\u00e8ces comprend une tasse, une assiette, des couverts et un bol, tous fabriqu\u00e9s \u00e0 partir de mat\u00e9riaux v\u00e9g\u00e9taux renouvelables comme le ma\u00efs et la canne \u00e0 sucre. Solide, r\u00e9sistant \u00e0 la chaleur et 100 % biod\u00e9gradable, le CPLA est non toxique et sans danger pour les enfants. Passant au micro-ondes et au lave-vaisselle, cet ensemble \u00e9cologique est le choix durable id\u00e9al pour les repas de votre enfant.  <\/p>\n<\/div>\n<\/div>\n<\/div>\n<\/div>\n<div class=\"mb-2 flex gap-3 empty:hidden -ml-2\">\n<div class=\"items-center justify-start rounded-xl p-1 flex\">\n<div class=\"flex items-center\"><\/div>\n<\/div>\n<\/div>\n","protected":false},"featured_media":70291,"comment_status":"closed","ping_status":"closed","template":"","meta":{"_lmt_disableupdate":"no","_lmt_disable":""},"product_brand":[],"product_cat":[554,552,439],"product_tag":[1102],"woo-feed-brand":[],"class_list":{"0":"post-40119","1":"product","2":"type-product","3":"status-publish","4":"has-post-thumbnail","6":"product_cat-gamme-cpla","7":"product_cat-lheure-du-diner","8":"product_cat-nourriture-et-boisson","9":"product_tag-manger","11":"first","12":"outofstock","13":"taxable","14":"shipping-taxable","15":"purchasable","16":"product-type-simple"},"_links":{"self":[{"href":"https:\/\/www.bojungle.eu\/fr\/wp-json\/wp\/v2\/product\/40119","targetHints":{"allow":["GET"]}}],"collection":[{"href":"https:\/\/www.bojungle.eu\/fr\/wp-json\/wp\/v2\/product"}],"about":[{"href":"https:\/\/www.bojungle.eu\/fr\/wp-json\/wp\/v2\/types\/product"}],"replies":[{"embeddable":true,"href":"https:\/\/www.bojungle.eu\/fr\/wp-json\/wp\/v2\/comments?post=40119"}],"version-history":[{"count":1,"href":"https:\/\/www.bojungle.eu\/fr\/wp-json\/wp\/v2\/product\/40119\/revisions"}],"predecessor-version":[{"id":78584,"href":"https:\/\/www.bojungle.eu\/fr\/wp-json\/wp\/v2\/product\/40119\/revisions\/78584"}],"wp:featuredmedia":[{"embeddable":true,"href":"https:\/\/www.bojungle.eu\/fr\/wp-json\/wp\/v2\/media\/70291"}],"wp:attachment":[{"href":"https:\/\/www.bojungle.eu\/fr\/wp-json\/wp\/v2\/media?parent=40119"}],"wp:term":[{"taxonomy":"product_brand","embeddable":true,"href":"https:\/\/www.bojungle.eu\/fr\/wp-json\/wp\/v2\/product_brand?post=40119"},{"taxonomy":"product_cat","embeddable":true,"href":"https:\/\/www.bojungle.eu\/fr\/wp-json\/wp\/v2\/product_cat?post=40119"},{"taxonomy":"product_tag","embeddable":true,"href":"https:\/\/www.bojungle.eu\/fr\/wp-json\/wp\/v2\/product_tag?post=40119"},{"taxonomy":"woo-feed-brand","embeddable":true,"href":"https:\/\/www.bojungle.eu\/fr\/wp-json\/wp\/v2\/woo-feed-brand?post=40119"}],"curies":[{"name":"wp","href":"https:\/\/api.w.org\/{rel}","templated":true}]}}