{"id":40228,"date":"2022-05-29T12:05:40","date_gmt":"2022-05-29T10:05:40","guid":{"rendered":"https:\/\/dev.authority.biz\/boj\/product\/b-wrap-fleur-rose-grand\/"},"modified":"2023-10-02T11:48:15","modified_gmt":"2023-10-02T09:48:15","slug":"b-wrap-pink-flower-large-2","status":"publish","type":"product","link":"https:\/\/www.bojungle.eu\/fr\/produit\/b-wrap-pink-flower-large-2\/","title":{"rendered":"B-Couverture d\u2019Emmaillotage Fleur Rose Large"},"content":{"rendered":"<ul>\n<li>Large (6,4 \u00e0 10 kg ) : \u00e0 partir de +\/- 4 mois<\/li>\n<li>Couverture d&rsquo;enveloppement en 100% coton<\/li>\n<li>La fa\u00e7on la plus simple d&rsquo;envelopper votre b\u00e9b\u00e9 en 3 \u00e9tapes<\/li>\n<\/ul>\n","protected":false},"excerpt":{"rendered":"<p>Couverture d&rsquo;enveloppement en 100% coton<\/p>\n","protected":false},"featured_media":67976,"comment_status":"closed","ping_status":"closed","template":"","meta":{"_lmt_disableupdate":"no","_lmt_disable":""},"product_brand":[],"product_cat":[572,527],"product_tag":[],"woo-feed-brand":[],"class_list":{"0":"post-40228","1":"product","2":"type-product","3":"status-publish","4":"has-post-thumbnail","6":"product_cat-couvertures-demmaillotage","7":"product_cat-sommeil","9":"first","10":"instock","11":"taxable","12":"shipping-taxable","13":"purchasable","14":"product-type-simple"},"_links":{"self":[{"href":"https:\/\/www.bojungle.eu\/fr\/wp-json\/wp\/v2\/product\/40228","targetHints":{"allow":["GET"]}}],"collection":[{"href":"https:\/\/www.bojungle.eu\/fr\/wp-json\/wp\/v2\/product"}],"about":[{"href":"https:\/\/www.bojungle.eu\/fr\/wp-json\/wp\/v2\/types\/product"}],"replies":[{"embeddable":true,"href":"https:\/\/www.bojungle.eu\/fr\/wp-json\/wp\/v2\/comments?post=40228"}],"version-history":[{"count":0,"href":"https:\/\/www.bojungle.eu\/fr\/wp-json\/wp\/v2\/product\/40228\/revisions"}],"wp:featuredmedia":[{"embeddable":true,"href":"https:\/\/www.bojungle.eu\/fr\/wp-json\/wp\/v2\/media\/67976"}],"wp:attachment":[{"href":"https:\/\/www.bojungle.eu\/fr\/wp-json\/wp\/v2\/media?parent=40228"}],"wp:term":[{"taxonomy":"product_brand","embeddable":true,"href":"https:\/\/www.bojungle.eu\/fr\/wp-json\/wp\/v2\/product_brand?post=40228"},{"taxonomy":"product_cat","embeddable":true,"href":"https:\/\/www.bojungle.eu\/fr\/wp-json\/wp\/v2\/product_cat?post=40228"},{"taxonomy":"product_tag","embeddable":true,"href":"https:\/\/www.bojungle.eu\/fr\/wp-json\/wp\/v2\/product_tag?post=40228"},{"taxonomy":"woo-feed-brand","embeddable":true,"href":"https:\/\/www.bojungle.eu\/fr\/wp-json\/wp\/v2\/woo-feed-brand?post=40228"}],"curies":[{"name":"wp","href":"https:\/\/api.w.org\/{rel}","templated":true}]}}