{"id":40280,"date":"2022-05-29T12:05:39","date_gmt":"2022-05-29T10:05:39","guid":{"rendered":"https:\/\/dev.authority.biz\/boj\/product\/b-wrap-leopard-small\/"},"modified":"2024-01-16T10:17:45","modified_gmt":"2024-01-16T09:17:45","slug":"b-wrap-leopard-small-2","status":"publish","type":"product","link":"https:\/\/www.bojungle.eu\/fr\/produit\/b-wrap-leopard-small-2\/","title":{"rendered":"B-Couverture d&#8217;emmaillotage Tigre Blanc"},"content":{"rendered":"<ul>\n<li>Petit (3,2 \u00e0 6,4 kg) : de la naissance \u00e0 +\/- 4 mois<\/li>\n<li>Couverture d&rsquo;enveloppement en 100% coton<\/li>\n<li>La fa\u00e7on la plus simple d&rsquo;envelopper votre b\u00e9b\u00e9 en 3 \u00e9tapes<\/li>\n<\/ul>\n","protected":false},"excerpt":{"rendered":"<p>La Couverture d&#8217;emmaillotage Leopard est une couverture enveloppante douillette 100 % coton avec un motif \u00e9l\u00e9gant de leopard, con\u00e7ue sp\u00e9cialement pour les b\u00e9b\u00e9s de petite taille (3,2 \u00e0 6,4 kg), de la naissance jusqu&rsquo;\u00e0 environ 4 mois. Cette couverture, fabriqu\u00e9e en coton de haute qualit\u00e9, offre un environnement douillet et confortable \u00e0 votre enfant. Simplifiant le processus, il offre le moyen le plus facile d&#8217;emmailloter votre b\u00e9b\u00e9 en seulement trois \u00e9tapes simples.<\/p>\n","protected":false},"featured_media":64372,"comment_status":"closed","ping_status":"closed","template":"","meta":{"_lmt_disableupdate":"no","_lmt_disable":""},"product_brand":[],"product_cat":[572,527],"product_tag":[],"woo-feed-brand":[],"class_list":{"0":"post-40280","1":"product","2":"type-product","3":"status-publish","4":"has-post-thumbnail","6":"product_cat-couvertures-demmaillotage","7":"product_cat-sommeil","9":"first","10":"instock","11":"taxable","12":"shipping-taxable","13":"purchasable","14":"product-type-simple"},"_links":{"self":[{"href":"https:\/\/www.bojungle.eu\/fr\/wp-json\/wp\/v2\/product\/40280","targetHints":{"allow":["GET"]}}],"collection":[{"href":"https:\/\/www.bojungle.eu\/fr\/wp-json\/wp\/v2\/product"}],"about":[{"href":"https:\/\/www.bojungle.eu\/fr\/wp-json\/wp\/v2\/types\/product"}],"replies":[{"embeddable":true,"href":"https:\/\/www.bojungle.eu\/fr\/wp-json\/wp\/v2\/comments?post=40280"}],"version-history":[{"count":2,"href":"https:\/\/www.bojungle.eu\/fr\/wp-json\/wp\/v2\/product\/40280\/revisions"}],"predecessor-version":[{"id":64416,"href":"https:\/\/www.bojungle.eu\/fr\/wp-json\/wp\/v2\/product\/40280\/revisions\/64416"}],"wp:featuredmedia":[{"embeddable":true,"href":"https:\/\/www.bojungle.eu\/fr\/wp-json\/wp\/v2\/media\/64372"}],"wp:attachment":[{"href":"https:\/\/www.bojungle.eu\/fr\/wp-json\/wp\/v2\/media?parent=40280"}],"wp:term":[{"taxonomy":"product_brand","embeddable":true,"href":"https:\/\/www.bojungle.eu\/fr\/wp-json\/wp\/v2\/product_brand?post=40280"},{"taxonomy":"product_cat","embeddable":true,"href":"https:\/\/www.bojungle.eu\/fr\/wp-json\/wp\/v2\/product_cat?post=40280"},{"taxonomy":"product_tag","embeddable":true,"href":"https:\/\/www.bojungle.eu\/fr\/wp-json\/wp\/v2\/product_tag?post=40280"},{"taxonomy":"woo-feed-brand","embeddable":true,"href":"https:\/\/www.bojungle.eu\/fr\/wp-json\/wp\/v2\/woo-feed-brand?post=40280"}],"curies":[{"name":"wp","href":"https:\/\/api.w.org\/{rel}","templated":true}]}}