{"id":40322,"date":"2022-05-29T12:05:38","date_gmt":"2022-05-29T10:05:38","guid":{"rendered":"https:\/\/dev.authority.biz\/boj\/product\/b-wood-teether-flower-bleu\/"},"modified":"2023-09-29T15:11:22","modified_gmt":"2023-09-29T13:11:22","slug":"b-bois-teether-fleur-bleu","status":"publish","type":"product","link":"https:\/\/www.bojungle.eu\/fr\/produit\/b-bois-teether-fleur-bleu\/","title":{"rendered":"B-Anneau de Dentition en Bois Fleur Bleu"},"content":{"rendered":"<ul>\n<li>Apaise les gencives douloureuses de b\u00e9b\u00e9 en toute s\u00e9curit\u00e9 !<\/li>\n<li>En bois de h\u00eatre<\/li>\n<li>100% silicone LGFB de qualit\u00e9 alimentaire sans BPA<\/li>\n<li>Des couleurs vives, des animaux diff\u00e9rents<\/li>\n<\/ul>\n","protected":false},"excerpt":{"rendered":"<p>Apaise les gencives douloureuses de b\u00e9b\u00e9 en toute s\u00e9curit\u00e9 !<\/p>\n","protected":false},"featured_media":74700,"comment_status":"closed","ping_status":"closed","template":"","meta":{"_lmt_disableupdate":"no","_lmt_disable":""},"product_brand":[],"product_cat":[600,501,445],"product_tag":[],"woo-feed-brand":[],"class_list":{"0":"post-40322","1":"product","2":"type-product","3":"status-publish","4":"has-post-thumbnail","6":"product_cat-jouets-de-dentition","7":"product_cat-jouets-en-silicone","8":"product_cat-playtime-fr","10":"first","11":"instock","12":"taxable","13":"shipping-taxable","14":"purchasable","15":"product-type-simple"},"_links":{"self":[{"href":"https:\/\/www.bojungle.eu\/fr\/wp-json\/wp\/v2\/product\/40322","targetHints":{"allow":["GET"]}}],"collection":[{"href":"https:\/\/www.bojungle.eu\/fr\/wp-json\/wp\/v2\/product"}],"about":[{"href":"https:\/\/www.bojungle.eu\/fr\/wp-json\/wp\/v2\/types\/product"}],"replies":[{"embeddable":true,"href":"https:\/\/www.bojungle.eu\/fr\/wp-json\/wp\/v2\/comments?post=40322"}],"version-history":[{"count":0,"href":"https:\/\/www.bojungle.eu\/fr\/wp-json\/wp\/v2\/product\/40322\/revisions"}],"wp:featuredmedia":[{"embeddable":true,"href":"https:\/\/www.bojungle.eu\/fr\/wp-json\/wp\/v2\/media\/74700"}],"wp:attachment":[{"href":"https:\/\/www.bojungle.eu\/fr\/wp-json\/wp\/v2\/media?parent=40322"}],"wp:term":[{"taxonomy":"product_brand","embeddable":true,"href":"https:\/\/www.bojungle.eu\/fr\/wp-json\/wp\/v2\/product_brand?post=40322"},{"taxonomy":"product_cat","embeddable":true,"href":"https:\/\/www.bojungle.eu\/fr\/wp-json\/wp\/v2\/product_cat?post=40322"},{"taxonomy":"product_tag","embeddable":true,"href":"https:\/\/www.bojungle.eu\/fr\/wp-json\/wp\/v2\/product_tag?post=40322"},{"taxonomy":"woo-feed-brand","embeddable":true,"href":"https:\/\/www.bojungle.eu\/fr\/wp-json\/wp\/v2\/woo-feed-brand?post=40322"}],"curies":[{"name":"wp","href":"https:\/\/api.w.org\/{rel}","templated":true}]}}