{"id":40516,"date":"2022-05-29T11:59:10","date_gmt":"2022-05-29T09:59:10","guid":{"rendered":"https:\/\/dev.authority.biz\/boj\/product\/b-umbrellas-universal-fit-grey\/"},"modified":"2025-08-07T15:28:17","modified_gmt":"2025-08-07T13:28:17","slug":"b-umbrellas-universal-fit-grey-2","status":"publish","type":"product","link":"https:\/\/www.bojungle.eu\/fr\/produit\/b-umbrellas-universal-fit-grey-2\/","title":{"rendered":"Ombrelle Universel Gris"},"content":{"rendered":"<p>Voici le parapluie universel gris, con\u00e7u pour offrir un maximum de confort et de protection \u00e0 votre enfant pendant les journ\u00e9es ensoleill\u00e9es.<\/p>\n<ul>\n<li><strong>Protection solaire ultime :<\/strong> Prot\u00e9gez votre enfant des rayons UV nocifs gr\u00e2ce \u00e0 notre protection UV de 50+, garantissant une sortie s\u00fbre et confortable.<\/li>\n<li><strong>Utilisation polyvalente :<\/strong> Parfaitement adaptable \u00e0 tous les types de poussettes et de si\u00e8ges pour b\u00e9b\u00e9, ce parapluie offre un ajustement universel pour votre commodit\u00e9.<\/li>\n<li><strong>Syst\u00e8me r\u00e9glable <\/strong> : Dot\u00e9 d&rsquo;un syst\u00e8me de r\u00e9glage facile \u00e0 utiliser, il se fixe en toute s\u00e9curit\u00e9 sur votre poussette, ce qui facilite l&rsquo;installation et les r\u00e9glages.<\/li>\n<li><strong>Confort maximal : <\/strong> Gr\u00e2ce \u00e0 sa grande toile, ce parapluie offre une ombre g\u00e9n\u00e9reuse, permettant \u00e0 votre enfant de rester au frais et \u00e0 l&rsquo;aise m\u00eame pendant les journ\u00e9es les plus chaudes.<\/li>\n<li><strong>\u00c9l\u00e9gant et lumineux : <\/strong> Bien qu&rsquo;il soit propos\u00e9 dans un noir \u00e9l\u00e9gant, notre parapluie est \u00e9galement disponible dans une vari\u00e9t\u00e9 de couleurs vives pour s&rsquo;adapter \u00e0 votre style personnel et ajouter une touche de gaiet\u00e9 \u00e0 votre poussette<\/li>\n<\/ul>\n<p>Soyez toujours pr\u00eat et \u00e9l\u00e9gant avec l&rsquo;ombrelle Universal Grey, qui garantit \u00e0 votre enfant un confort et une protection optimaux lors de chaque sortie.<\/p>\n<p>&nbsp;<\/p>\n","protected":false},"excerpt":{"rendered":"<p>Gardez votre enfant au frais et en s\u00e9curit\u00e9 gr\u00e2ce \u00e0 notre \u00e9l\u00e9gant parapluie universel gris. Dot\u00e9 d&rsquo;une protection UV 50+, ce grand parapluie s&rsquo;adapte \u00e0 toutes les poussettes et si\u00e8ges b\u00e9b\u00e9. Son syst\u00e8me r\u00e9glable s&rsquo;enclenche facilement, offrant un confort et une ombre maximaux. Disponible dans des couleurs vives pour une touche de style. Parfait pour les journ\u00e9es ensoleill\u00e9es !    <\/p>\n","protected":false},"featured_media":68266,"comment_status":"closed","ping_status":"closed","template":"","meta":{"_lmt_disableupdate":"no","_lmt_disable":""},"product_brand":[],"product_cat":[636,635],"product_tag":[],"woo-feed-brand":[],"class_list":{"0":"post-40516","1":"product","2":"type-product","3":"status-publish","4":"has-post-thumbnail","6":"product_cat-accessoires-dexterieur","7":"product_cat-exterieur","9":"first","10":"outofstock","11":"featured","12":"taxable","13":"shipping-taxable","14":"purchasable","15":"product-type-simple"},"_links":{"self":[{"href":"https:\/\/www.bojungle.eu\/fr\/wp-json\/wp\/v2\/product\/40516","targetHints":{"allow":["GET"]}}],"collection":[{"href":"https:\/\/www.bojungle.eu\/fr\/wp-json\/wp\/v2\/product"}],"about":[{"href":"https:\/\/www.bojungle.eu\/fr\/wp-json\/wp\/v2\/types\/product"}],"replies":[{"embeddable":true,"href":"https:\/\/www.bojungle.eu\/fr\/wp-json\/wp\/v2\/comments?post=40516"}],"version-history":[{"count":1,"href":"https:\/\/www.bojungle.eu\/fr\/wp-json\/wp\/v2\/product\/40516\/revisions"}],"predecessor-version":[{"id":80903,"href":"https:\/\/www.bojungle.eu\/fr\/wp-json\/wp\/v2\/product\/40516\/revisions\/80903"}],"wp:featuredmedia":[{"embeddable":true,"href":"https:\/\/www.bojungle.eu\/fr\/wp-json\/wp\/v2\/media\/68266"}],"wp:attachment":[{"href":"https:\/\/www.bojungle.eu\/fr\/wp-json\/wp\/v2\/media?parent=40516"}],"wp:term":[{"taxonomy":"product_brand","embeddable":true,"href":"https:\/\/www.bojungle.eu\/fr\/wp-json\/wp\/v2\/product_brand?post=40516"},{"taxonomy":"product_cat","embeddable":true,"href":"https:\/\/www.bojungle.eu\/fr\/wp-json\/wp\/v2\/product_cat?post=40516"},{"taxonomy":"product_tag","embeddable":true,"href":"https:\/\/www.bojungle.eu\/fr\/wp-json\/wp\/v2\/product_tag?post=40516"},{"taxonomy":"woo-feed-brand","embeddable":true,"href":"https:\/\/www.bojungle.eu\/fr\/wp-json\/wp\/v2\/woo-feed-brand?post=40516"}],"curies":[{"name":"wp","href":"https:\/\/api.w.org\/{rel}","templated":true}]}}