{"id":40524,"date":"2022-05-29T11:58:22","date_gmt":"2022-05-29T09:58:22","guid":{"rendered":"https:\/\/dev.authority.biz\/boj\/product\/b-thermo-footmuff-universal-taupe\/"},"modified":"2024-03-04T13:32:24","modified_gmt":"2024-03-04T12:32:24","slug":"b-thermo-footmuff-universal-taupe-2","status":"publish","type":"product","link":"https:\/\/www.bojungle.eu\/fr\/produit\/b-thermo-footmuff-universal-taupe-2\/","title":{"rendered":"B-Thermo Chanceli\u00e8re Universal Taupe"},"content":{"rendered":"<p>La chanceli\u00e8re Thermo Universal en taupe est la solution ultime pour garder votre tout-petit bien au chaud pendant les promenades froides. Fabriqu\u00e9e avec une attention m\u00e9ticuleuse aux d\u00e9tails, cette chanceli\u00e8re est con\u00e7ue pour r\u00e9pondre aux divers besoins des parents modernes et de leurs b\u00e9b\u00e9s.<\/p>\n<p><strong>Compatibilit\u00e9 universelle :<\/strong> Compatible avec la plupart des types de poussettes, notre couvre-pieds comporte des ouvertures strat\u00e9giquement plac\u00e9es pour les harnais de s\u00e9curit\u00e9, garantissant un ajustement s\u00fbr tout en offrant un maximum de commodit\u00e9.<\/p>\n<p><strong>Chaleur et confort sup\u00e9rieurs :<\/strong> Envelopp\u00e9e d&rsquo;une somptueuse doublure en polaire douce, d&rsquo;une \u00e9paisseur de 400 grammes, notre chanceli\u00e8re promet une chaleur in\u00e9gal\u00e9e, m\u00eame pendant les mois d&rsquo;hiver les plus froids. Votre b\u00e9b\u00e9 b\u00e9n\u00e9ficiera d&rsquo;un confort luxueux tout au long du voyage.<\/p>\n<p><strong>Design luxueux<\/strong> : Offrez \u00e0 votre enfant le summum du luxe. Notre couvre-pieds est dot\u00e9 de tissus ext\u00e9rieurs opulents qui rehaussent \u00e0 la fois le style et la fonctionnalit\u00e9. <\/p>\n<p><strong>Protection am\u00e9lior\u00e9e :<\/strong> prot\u00e9gez votre b\u00e9b\u00e9 des \u00e9l\u00e9ments avec notre chanceli\u00e8re r\u00e9sistante \u00e0 l&rsquo;eau et au vent. Qu&rsquo;il pleuve ou qu&rsquo;il neige, soyez assur\u00e9 que votre tout-petit reste bien au chaud et au sec. <\/p>\n<p><strong>Capuche adaptable :<\/strong> combattez facilement les vents glacials. Notre chanceli\u00e8re offre la flexibilit\u00e9 n\u00e9cessaire pour former une capuche protectrice autour de la t\u00eate de votre b\u00e9b\u00e9, offrant ainsi plus de chaleur et de s\u00e9curit\u00e9 lors des journ\u00e9es glaciales. <\/p>\n<p><strong>Robuste et s\u00fbre<\/strong> : Con\u00e7ue pour la tranquillit\u00e9 d&rsquo;esprit, notre chanceli\u00e8re est dot\u00e9e d&rsquo;un fond et de sangles antid\u00e9rapants, ce qui garantit qu&rsquo;elle reste bien en place lorsqu&rsquo;elle est attach\u00e9e \u00e0 la poussette.<\/p>\n<p><strong>Utilisation polyvalente :<\/strong> Notre chanceli\u00e8re grandit en m\u00eame temps que votre b\u00e9b\u00e9. L\u2019extr\u00e9mit\u00e9 du pied peut \u00eatre facilement ouverte pour permettre la libert\u00e9 de mouvement, s\u2019adaptant ainsi aux besoins changeants de votre tout-petit.<\/p>\n<p><strong>Entretien facile :<\/strong> con\u00e7ue pour les parents occup\u00e9s, notre chanceli\u00e8re est facilement lavable \u00e0 30\u00b0C, la gardant propre et fra\u00eeche \u00e0 chaque sortie.<\/p>\n<p>D\u00e9couvrez la quintessence de la chaleur, du confort et du style avec la chanceli\u00e8re Thermo Universal \u2013 le compagnon id\u00e9al pour les aventures en plein air de votre b\u00e9b\u00e9.<\/p>\n","protected":false},"excerpt":{"rendered":"<div class=\"flex flex-grow flex-col max-w-full\">\n<div class=\"min-h-[20px] text-message flex flex-col items-start gap-3 whitespace-pre-wrap break-words [.text-message+&amp;]:mt-5 overflow-x-auto\" data-message-author-role=\"assistant\" data-message-id=\"b8d9f90e-46a7-45ac-9c2b-1b996e36b397\">\n<div class=\"markdown prose w-full break-words dark:prose-invert light\">\n<p>D\u00e9couvrez la chanceli\u00e8re Thermo Universal en taupe \u2013 la solution douillette ultime pour les promenades hivernales. Avec une doublure en polaire moelleuse de 400 g, une r\u00e9sistance \u00e0 l&rsquo;eau et au vent et un design polyvalent, il offre une chaleur, une protection et une commodit\u00e9 in\u00e9gal\u00e9es.  Gardez votre enfant bien au chaud et \u00e9l\u00e9gant lors de chaque sortie.<\/p>\n<\/div>\n<\/div>\n<\/div>\n<div class=\"mt-1 flex justify-start gap-3 empty:hidden\">\n<div class=\"text-gray-400 flex self-end lg:self-center justify-center lg:justify-start mt-0 -ml-1 h-7 visible\"><\/div>\n<\/div>\n","protected":false},"featured_media":67666,"comment_status":"closed","ping_status":"closed","template":"","meta":{"_lmt_disableupdate":"no","_lmt_disable":""},"product_brand":[],"product_cat":[636,635],"product_tag":[],"woo-feed-brand":[],"class_list":{"0":"post-40524","1":"product","2":"type-product","3":"status-publish","4":"has-post-thumbnail","6":"product_cat-accessoires-dexterieur","7":"product_cat-exterieur","9":"first","10":"instock","11":"taxable","12":"shipping-taxable","13":"purchasable","14":"product-type-simple"},"_links":{"self":[{"href":"https:\/\/www.bojungle.eu\/fr\/wp-json\/wp\/v2\/product\/40524","targetHints":{"allow":["GET"]}}],"collection":[{"href":"https:\/\/www.bojungle.eu\/fr\/wp-json\/wp\/v2\/product"}],"about":[{"href":"https:\/\/www.bojungle.eu\/fr\/wp-json\/wp\/v2\/types\/product"}],"replies":[{"embeddable":true,"href":"https:\/\/www.bojungle.eu\/fr\/wp-json\/wp\/v2\/comments?post=40524"}],"version-history":[{"count":2,"href":"https:\/\/www.bojungle.eu\/fr\/wp-json\/wp\/v2\/product\/40524\/revisions"}],"predecessor-version":[{"id":67695,"href":"https:\/\/www.bojungle.eu\/fr\/wp-json\/wp\/v2\/product\/40524\/revisions\/67695"}],"wp:featuredmedia":[{"embeddable":true,"href":"https:\/\/www.bojungle.eu\/fr\/wp-json\/wp\/v2\/media\/67666"}],"wp:attachment":[{"href":"https:\/\/www.bojungle.eu\/fr\/wp-json\/wp\/v2\/media?parent=40524"}],"wp:term":[{"taxonomy":"product_brand","embeddable":true,"href":"https:\/\/www.bojungle.eu\/fr\/wp-json\/wp\/v2\/product_brand?post=40524"},{"taxonomy":"product_cat","embeddable":true,"href":"https:\/\/www.bojungle.eu\/fr\/wp-json\/wp\/v2\/product_cat?post=40524"},{"taxonomy":"product_tag","embeddable":true,"href":"https:\/\/www.bojungle.eu\/fr\/wp-json\/wp\/v2\/product_tag?post=40524"},{"taxonomy":"woo-feed-brand","embeddable":true,"href":"https:\/\/www.bojungle.eu\/fr\/wp-json\/wp\/v2\/woo-feed-brand?post=40524"}],"curies":[{"name":"wp","href":"https:\/\/api.w.org\/{rel}","templated":true}]}}