{"id":40590,"date":"2022-05-29T11:58:21","date_gmt":"2022-05-29T09:58:21","guid":{"rendered":"https:\/\/dev.authority.biz\/boj\/product\/organisateur-de-tire-lait-b-thermo-gris-fonce\/"},"modified":"2024-02-15T15:55:13","modified_gmt":"2024-02-15T14:55:13","slug":"b-thermo-breastpump-organizer-dark-grey","status":"publish","type":"product","link":"https:\/\/www.bojungle.eu\/fr\/produit\/b-thermo-breastpump-organizer-dark-grey\/","title":{"rendered":"Sac de transport thermo pour repas ou tire-lait Gris Fonc\u00e9"},"content":{"rendered":"<ul>\n<li>Le Sac de transport thermo pour repas ou tire-lait Gris Fonc\u00e9 a \u00e9t\u00e9 con\u00e7u pour permettre aux mamans qui allaitent d&#8217;emporter facilement tout ce dont elles ont besoin, par exemple lorsqu&rsquo;elles reprennent le travail et souhaitent continuer \u00e0 allaiter. Lorsque le b\u00e9b\u00e9 cessera d&rsquo;\u00eatre allait\u00e9, ce sac discret pourra toujours \u00eatre utilis\u00e9 en voyage, etc. !<\/li>\n<li>Un design discret bas\u00e9 sur les derni\u00e8res tendances et en accord avec nos autres produits.<\/li>\n<li>Sac isotherme pour conserver le lait maternel (ou plus tard les pots d&rsquo;aliments pour b\u00e9b\u00e9, etc.) et le garder au frais.<\/li>\n<li>Deux compartiments s\u00e9par\u00e9s : compartiment sup\u00e9rieur pour le tire-lait, compartiment inf\u00e9rieur pour les bouteilles de lait, etc.<\/li>\n<li>Suffisamment d&rsquo;espace pour ranger un tire-lait, deux biberons, des coussinets d&rsquo;allaitement et d&rsquo;autres petits objets.<\/li>\n<li>Poches \u00e0 l&rsquo;int\u00e9rieur pour garder tout en place<\/li>\n<li>Dimensions : H : 29 cm x P : 18 cm x L : 24 cm<\/li>\n<\/ul>\n","protected":false},"excerpt":{"rendered":"<p>Notre Sac de transport thermo pour repas ou tire-lait Gris Fonc\u00e9 est la solution essentielle pour les mamans qui allaitent et qui sont toujours en mouvement. Con\u00e7u dans un souci de commodit\u00e9 et de discr\u00e9tion, cet organiseur s&rsquo;int\u00e8gre parfaitement \u00e0 votre mode de vie actif et vous permet de ranger vos accessoires d&rsquo;allaitement et d&rsquo;y acc\u00e9der facilement. Dot\u00e9 d&rsquo;un design discret qui s&rsquo;int\u00e8gre sans effort aux derni\u00e8res tendances et \u00e0 notre gamme de produits haut de gamme, cet organiseur vous permet de poursuivre votre parcours d&rsquo;allaitement en toute confiance et avec style. Que vous alliez au bureau ou que vous partiez \u00e0 l&rsquo;aventure le week-end, ce sac \u00e9l\u00e9gant est fait pour vous. Dot\u00e9 d&rsquo;un compartiment thermo-isol\u00e9, notre organiseur maintient la temp\u00e9rature optimale pour votre lait maternel ou, plus tard, pour vos petits pots, garantissant ainsi leur fra\u00eecheur o\u00f9 que vous alliez. Gr\u00e2ce \u00e0 ses deux compartiments distincts, vous pouvez organiser efficacement vos objets essentiels. Le compartiment sup\u00e9rieur peut accueillir votre tire-lait, tandis que le compartiment inf\u00e9rieur offre suffisamment d&rsquo;espace pour ranger les biberons de lait et d&rsquo;autres articles n\u00e9cessaires. Avec suffisamment de place pour un tire-lait, deux biberons, des coussinets d&rsquo;allaitement et d&rsquo;autres petits objets, tout ce dont vous avez besoin est \u00e0 port\u00e9e de main. \u00c0 l&rsquo;int\u00e9rieur, des poches strat\u00e9giquement plac\u00e9es gardent vos objets en s\u00e9curit\u00e9 et facilement accessibles. Plus besoin de chercher des objets \u00e9gar\u00e9s ; tout reste en place, ce qui vous permet de vous concentrer sur les soins \u00e0 donner \u00e0 votre b\u00e9b\u00e9.<\/p>\n<p>Am\u00e9liorez votre parcours d&rsquo;allaitement avec notre Sac de transport thermo pour repas ou tire-lait Gris Fonc\u00e9. Pratique, \u00e9l\u00e9gant et polyvalent, c&rsquo;est le compagnon id\u00e9al de toutes les mamans qui allaitent.<\/p>\n","protected":false},"featured_media":66302,"comment_status":"closed","ping_status":"closed","template":"","meta":{"_lmt_disableupdate":"no","_lmt_disable":""},"product_brand":[],"product_cat":[636,635],"product_tag":[],"woo-feed-brand":[],"class_list":{"0":"post-40590","1":"product","2":"type-product","3":"status-publish","4":"has-post-thumbnail","6":"product_cat-accessoires-dexterieur","7":"product_cat-exterieur","9":"first","10":"instock","11":"taxable","12":"shipping-taxable","13":"purchasable","14":"product-type-simple"},"_links":{"self":[{"href":"https:\/\/www.bojungle.eu\/fr\/wp-json\/wp\/v2\/product\/40590","targetHints":{"allow":["GET"]}}],"collection":[{"href":"https:\/\/www.bojungle.eu\/fr\/wp-json\/wp\/v2\/product"}],"about":[{"href":"https:\/\/www.bojungle.eu\/fr\/wp-json\/wp\/v2\/types\/product"}],"replies":[{"embeddable":true,"href":"https:\/\/www.bojungle.eu\/fr\/wp-json\/wp\/v2\/comments?post=40590"}],"version-history":[{"count":1,"href":"https:\/\/www.bojungle.eu\/fr\/wp-json\/wp\/v2\/product\/40590\/revisions"}],"predecessor-version":[{"id":66395,"href":"https:\/\/www.bojungle.eu\/fr\/wp-json\/wp\/v2\/product\/40590\/revisions\/66395"}],"wp:featuredmedia":[{"embeddable":true,"href":"https:\/\/www.bojungle.eu\/fr\/wp-json\/wp\/v2\/media\/66302"}],"wp:attachment":[{"href":"https:\/\/www.bojungle.eu\/fr\/wp-json\/wp\/v2\/media?parent=40590"}],"wp:term":[{"taxonomy":"product_brand","embeddable":true,"href":"https:\/\/www.bojungle.eu\/fr\/wp-json\/wp\/v2\/product_brand?post=40590"},{"taxonomy":"product_cat","embeddable":true,"href":"https:\/\/www.bojungle.eu\/fr\/wp-json\/wp\/v2\/product_cat?post=40590"},{"taxonomy":"product_tag","embeddable":true,"href":"https:\/\/www.bojungle.eu\/fr\/wp-json\/wp\/v2\/product_tag?post=40590"},{"taxonomy":"woo-feed-brand","embeddable":true,"href":"https:\/\/www.bojungle.eu\/fr\/wp-json\/wp\/v2\/woo-feed-brand?post=40590"}],"curies":[{"name":"wp","href":"https:\/\/api.w.org\/{rel}","templated":true}]}}