{"id":40597,"date":"2022-05-29T11:58:22","date_gmt":"2022-05-29T09:58:22","guid":{"rendered":"https:\/\/dev.authority.biz\/boj\/product\/bouteille-b-thermo-silicone-verre-240-ml-turquoise\/"},"modified":"2023-09-29T11:20:31","modified_gmt":"2023-09-29T09:20:31","slug":"b-thermo-bouteille-verre-silicone-240-ml-turquoise","status":"publish","type":"product","link":"https:\/\/www.bojungle.eu\/fr\/produit\/b-thermo-bouteille-verre-silicone-240-ml-turquoise\/","title":{"rendered":"Thermo Biberon Verre et Silicone 240 ml Turquoise"},"content":{"rendered":"<ul>\n<li>Vous pr\u00e9f\u00e9rez acheter un biberon en verre pour des raisons d&rsquo;hygi\u00e8ne, mais vous avez peur qu&rsquo;il se casse ? Vous voulez \u00eatre absolument s\u00fbr que le biberon de votre b\u00e9b\u00e9 est \u00e0 la bonne temp\u00e9rature et qu&rsquo;il ne contient pas de produits chimiques dangereux ? Ne cherchez pas plus loin : Bo Jungle a d\u00e9velopp\u00e9 une gamme de magnifiques biberons qui feront le bonheur de b\u00e9b\u00e9 et de sa maman. Nos bouteilles sont fabriqu\u00e9es en verre borosilicate l\u00e9ger et sont faciles \u00e0 nettoyer et \u00e0 st\u00e9riliser. Leur couleur ne changera pas avec le temps ET nous garantissons qu&rsquo;ils sont absolument exempts de produits chimiques dangereux et conformes \u00e0 la l\u00e9gislation europ\u00e9enne. Ne se fend pas<\/li>\n<li>Peut r\u00e9sister \u00e0 des chutes d&rsquo;un m\u00e8tre (dans des circonstances normales).<\/li>\n<li>Fonction de d\u00e9tection de la chaleur : devient blanche lorsque le contenu de la bouteille est trop chaud (\u00e0 partir de +-40\u00b0C)<\/li>\n<li>Verre borosilicate l\u00e9ger<\/li>\n<li>Sans BPA<\/li>\n<li>Couvercle anti-\u00e9claboussures &#8211; Poign\u00e9es amovibles gratuites<\/li>\n<li>Hygi\u00e9nique : facile \u00e0 nettoyer et \u00e0 st\u00e9riliser<\/li>\n<li>Diff\u00e9rents types de t\u00e9tines disponibles : liquides lents, moyens, rapides et \u00e9pais.<\/li>\n<\/ul>\n","protected":false},"excerpt":{"rendered":"<p>Bo Jungle a d\u00e9velopp\u00e9 une gamme de magnifiques biberons qui feront le bonheur de b\u00e9b\u00e9 et de sa maman. Nos bouteilles sont fabriqu\u00e9es en verre borosilicate l\u00e9ger et sont faciles \u00e0 nettoyer et \u00e0 st\u00e9riliser. Leur couleur ne changera pas avec le temps ET nous garantissons qu&rsquo;ils sont absolument exempts de produits chimiques dangereux et conformes \u00e0 la l\u00e9gislation europ\u00e9enne.<\/p>\n","protected":false},"featured_media":58829,"comment_status":"closed","ping_status":"closed","template":"","meta":{"_lmt_disableupdate":"no","_lmt_disable":""},"product_brand":[],"product_cat":[440,552,439,1339],"product_tag":[],"woo-feed-brand":[],"class_list":{"0":"post-40597","1":"product","2":"type-product","3":"status-publish","4":"has-post-thumbnail","6":"product_cat-gamme-silicone","7":"product_cat-lheure-du-diner","8":"product_cat-nourriture-et-boisson","9":"product_cat-soldes","11":"first","12":"instock","13":"sale","14":"taxable","15":"shipping-taxable","16":"purchasable","17":"product-type-simple"},"_links":{"self":[{"href":"https:\/\/www.bojungle.eu\/fr\/wp-json\/wp\/v2\/product\/40597","targetHints":{"allow":["GET"]}}],"collection":[{"href":"https:\/\/www.bojungle.eu\/fr\/wp-json\/wp\/v2\/product"}],"about":[{"href":"https:\/\/www.bojungle.eu\/fr\/wp-json\/wp\/v2\/types\/product"}],"replies":[{"embeddable":true,"href":"https:\/\/www.bojungle.eu\/fr\/wp-json\/wp\/v2\/comments?post=40597"}],"version-history":[{"count":0,"href":"https:\/\/www.bojungle.eu\/fr\/wp-json\/wp\/v2\/product\/40597\/revisions"}],"wp:featuredmedia":[{"embeddable":true,"href":"https:\/\/www.bojungle.eu\/fr\/wp-json\/wp\/v2\/media\/58829"}],"wp:attachment":[{"href":"https:\/\/www.bojungle.eu\/fr\/wp-json\/wp\/v2\/media?parent=40597"}],"wp:term":[{"taxonomy":"product_brand","embeddable":true,"href":"https:\/\/www.bojungle.eu\/fr\/wp-json\/wp\/v2\/product_brand?post=40597"},{"taxonomy":"product_cat","embeddable":true,"href":"https:\/\/www.bojungle.eu\/fr\/wp-json\/wp\/v2\/product_cat?post=40597"},{"taxonomy":"product_tag","embeddable":true,"href":"https:\/\/www.bojungle.eu\/fr\/wp-json\/wp\/v2\/product_tag?post=40597"},{"taxonomy":"woo-feed-brand","embeddable":true,"href":"https:\/\/www.bojungle.eu\/fr\/wp-json\/wp\/v2\/woo-feed-brand?post=40597"}],"curies":[{"name":"wp","href":"https:\/\/api.w.org\/{rel}","templated":true}]}}