{"id":40786,"date":"2022-05-29T11:53:16","date_gmt":"2022-05-29T09:53:16","guid":{"rendered":"https:\/\/dev.authority.biz\/boj\/product\/b-suction-bowl-silicone-spoon-bleu\/"},"modified":"2025-03-26T16:28:55","modified_gmt":"2025-03-26T15:28:55","slug":"b-succion-bouleau-silicone-cuillere-bleu","status":"publish","type":"product","link":"https:\/\/www.bojungle.eu\/fr\/produit\/b-succion-bouleau-silicone-cuillere-bleu\/","title":{"rendered":"Bol \u00e0 ventouse en silicone et cuill\u00e8re bleue"},"content":{"rendered":"<div class=\"elementor-element elementor-element-80cf67d elementor-widget elementor-widget-jet-single-excerpt\" data-id=\"80cf67d\" data-element_type=\"widget\" data-widget_type=\"jet-single-excerpt.default\">\n<div class=\"elementor-widget-container\">\n<div class=\"elementor-jet-single-excerpt jet-woo-builder\">\n<div class=\"woocommerce-product-details__short-description\">\n<p>L&rsquo;heure des repas est devenue plus facile et plus amusante avec le Suction Bowl Silicone &amp; Spoon Set ! Con\u00e7u pour aider votre enfant \u00e0 apprendre \u00e0 manger de fa\u00e7on autonome, cet ensemble intelligent met l&rsquo;accent sur la nourriture et non sur le d\u00e9sordre. La puissante base \u00e0 ventouse garantit que le bol reste bien en place, \u00e9vitant ainsi les d\u00e9versements et l&rsquo;incident occasionnel du \u00ab bol volant \u00bb.  <\/p>\n<p>Fabriqu\u00e9 en silicone durable de premi\u00e8re qualit\u00e9, cet ensemble est con\u00e7u pour durer pendant d&rsquo;innombrables aventures \u00e0 l&rsquo;heure des repas. Il r\u00e9siste \u00e0 la rupture, \u00e0 l&rsquo;absorption des odeurs et au transfert de go\u00fbt, ce qui en fait un choix s\u00fbr et hygi\u00e9nique pour votre enfant. La cuill\u00e8re ergonomique assortie est parfaitement adapt\u00e9e aux petites mains, ce qui favorise l&rsquo;auto-alimentation.  <\/p>\n<p>Avec son design ludique et \u00e9l\u00e9gant, l&rsquo;ensemble bol et cuill\u00e8re B-Suction est aussi agr\u00e9able \u00e0 regarder que pratique \u00e0 utiliser, ce qui en fait un indispensable pour chaque famille. Adapt\u00e9 aux b\u00e9b\u00e9s et aux jeunes enfants, c&rsquo;est le moyen id\u00e9al de transformer l&rsquo;heure des repas en une exp\u00e9rience d&rsquo;apprentissage sans stress. <\/p>\n<p><strong>Donnez \u00e0 votre b\u00e9b\u00e9 le meilleur d\u00e9part possible avec le coussin ergonomique B-Cale-t\u00eate Jersey rose, qui allie confort et praticit\u00e9.Caract\u00e9ristiques principales :<\/strong><\/p>\n<ul>\n<li><strong>Base d&rsquo;aspiration solide <\/strong>: Maintient le bol fermement en place pour des repas sans d\u00e9g\u00e2ts.<\/li>\n<li><strong>Silicone durable : <\/strong>R\u00e9sistant \u00e0 la rupture et facile \u00e0 nettoyer, sans absorption d&rsquo;odeurs ou de go\u00fbts.<\/li>\n<li><strong>Conception adapt\u00e9e aux enfants :<\/strong> Comprend une cuill\u00e8re adapt\u00e9e aux petites mains et \u00e0 l&rsquo;autonomie alimentaire.<\/li>\n<li><strong>Look attrayant : <\/strong>Un design clair et moderne qui pla\u00eet aux enfants comme aux parents.<\/li>\n<\/ul>\n<p>L&rsquo;heure des repas devient plus douce, plus \u00e9l\u00e9gante et plus amusante gr\u00e2ce \u00e0 l&rsquo;ensemble bol en silicone et cuill\u00e8re \u00e0 succion !<\/p>\n<\/div>\n<\/div>\n<\/div>\n<\/div>\n<div class=\"elementor-element elementor-element-c5d7d93 elementor-widget elementor-widget-spacer\" data-id=\"c5d7d93\" data-element_type=\"widget\" data-widget_type=\"spacer.default\">\n<div class=\"elementor-widget-container\">\n<div class=\"elementor-spacer\"><\/div>\n<\/div>\n<\/div>\n","protected":false},"excerpt":{"rendered":"<div class=\"elementor-element elementor-element-80cf67d elementor-widget elementor-widget-jet-single-excerpt\" data-id=\"80cf67d\" data-element_type=\"widget\" data-widget_type=\"jet-single-excerpt.default\">\n<div class=\"elementor-widget-container\">\n<div class=\"elementor-jet-single-excerpt jet-woo-builder\">\n<div class=\"woocommerce-product-details__short-description\">\n<p>Le bol et la cuill\u00e8re \u00e0 succion rendent l&rsquo;heure des repas moins stressante ! La base \u00e0 succion solide maintient le bol en place, tandis que la cuill\u00e8re ergonomique aide votre enfant \u00e0 apprendre \u00e0 manger de fa\u00e7on autonome. Fabriqu\u00e9 en silicone durable et inodore, cet ensemble est r\u00e9sistant \u00e0 la casse, facile \u00e0 nettoyer et con\u00e7u avec style pour les enfants comme pour les parents. Parfait pour des repas heureux et sans d\u00e9g\u00e2ts   <\/p>\n<\/div>\n<\/div>\n<\/div>\n<\/div>\n","protected":false},"featured_media":69961,"comment_status":"closed","ping_status":"closed","template":"","meta":{"_lmt_disableupdate":"no","_lmt_disable":""},"product_brand":[],"product_cat":[440,552,439],"product_tag":[],"woo-feed-brand":[],"class_list":{"0":"post-40786","1":"product","2":"type-product","3":"status-publish","4":"has-post-thumbnail","6":"product_cat-gamme-silicone","7":"product_cat-lheure-du-diner","8":"product_cat-nourriture-et-boisson","10":"first","11":"instock","12":"taxable","13":"shipping-taxable","14":"purchasable","15":"product-type-simple"},"_links":{"self":[{"href":"https:\/\/www.bojungle.eu\/fr\/wp-json\/wp\/v2\/product\/40786","targetHints":{"allow":["GET"]}}],"collection":[{"href":"https:\/\/www.bojungle.eu\/fr\/wp-json\/wp\/v2\/product"}],"about":[{"href":"https:\/\/www.bojungle.eu\/fr\/wp-json\/wp\/v2\/types\/product"}],"replies":[{"embeddable":true,"href":"https:\/\/www.bojungle.eu\/fr\/wp-json\/wp\/v2\/comments?post=40786"}],"version-history":[{"count":3,"href":"https:\/\/www.bojungle.eu\/fr\/wp-json\/wp\/v2\/product\/40786\/revisions"}],"predecessor-version":[{"id":79504,"href":"https:\/\/www.bojungle.eu\/fr\/wp-json\/wp\/v2\/product\/40786\/revisions\/79504"}],"wp:featuredmedia":[{"embeddable":true,"href":"https:\/\/www.bojungle.eu\/fr\/wp-json\/wp\/v2\/media\/69961"}],"wp:attachment":[{"href":"https:\/\/www.bojungle.eu\/fr\/wp-json\/wp\/v2\/media?parent=40786"}],"wp:term":[{"taxonomy":"product_brand","embeddable":true,"href":"https:\/\/www.bojungle.eu\/fr\/wp-json\/wp\/v2\/product_brand?post=40786"},{"taxonomy":"product_cat","embeddable":true,"href":"https:\/\/www.bojungle.eu\/fr\/wp-json\/wp\/v2\/product_cat?post=40786"},{"taxonomy":"product_tag","embeddable":true,"href":"https:\/\/www.bojungle.eu\/fr\/wp-json\/wp\/v2\/product_tag?post=40786"},{"taxonomy":"woo-feed-brand","embeddable":true,"href":"https:\/\/www.bojungle.eu\/fr\/wp-json\/wp\/v2\/woo-feed-brand?post=40786"}],"curies":[{"name":"wp","href":"https:\/\/api.w.org\/{rel}","templated":true}]}}