{"id":40811,"date":"2022-05-29T11:53:16","date_gmt":"2022-05-29T09:53:16","guid":{"rendered":"https:\/\/dev.authority.biz\/boj\/product\/plaque-b-suction-ours-rose\/"},"modified":"2025-08-11T16:33:30","modified_gmt":"2025-08-11T14:33:30","slug":"b-succion-plaque-ours-rose","status":"publish","type":"product","link":"https:\/\/www.bojungle.eu\/fr\/produit\/b-succion-plaque-ours-rose\/","title":{"rendered":"Plaque B-Suction Ours Rose"},"content":{"rendered":"<p data-start=\"84\" data-end=\"132\">Fini les repas salissants gr\u00e2ce \u00e0 l&rsquo;assiette \u00e0 ventouse Bear. Elle adh\u00e8re \u00e0 la table, emp\u00eachant ainsi votre b\u00e9b\u00e9 de la jeter par terre. Elle est dot\u00e9e d&rsquo;une ventouse puissante qui maintient l&rsquo;assiette en place pendant que votre tout-petit mange.  <\/p>\n<p data-start=\"311\" data-end=\"446\">Fabriqu\u00e9 en silicone souple et sans danger, il est doux pour les b\u00e9b\u00e9s et facile \u00e0 nettoyer pour les parents. Les adorables oreilles d&rsquo;ours rendent les repas encore plus amusants ! <\/p>\n<ul>\n<li data-start=\"448\" data-end=\"643\">Reste en place gr\u00e2ce \u00e0 une forte adh\u00e9rence<\/li>\n<li data-start=\"448\" data-end=\"643\">Peut \u00eatre utilis\u00e9 sans danger au micro-ondes et au four (jusqu&rsquo;\u00e0 220 \u00b0C)<\/li>\n<li data-start=\"448\" data-end=\"643\">Facile \u00e0 nettoyer : il suffit de le mettre au lave-vaisselle.<\/li>\n<li data-start=\"448\" data-end=\"643\">Fabriqu\u00e9 en silicone<\/li>\n<\/ul>\n<p data-start=\"645\" data-end=\"716\">Id\u00e9al pour les repas quotidiens et les petites mains qui apprennent \u00e0 manger toutes seules.<\/p>\n","protected":false},"excerpt":{"rendered":"<p>L&rsquo;assiette \u00e0 ventouse Bear est une assiette en silicone mignonne et pratique dot\u00e9e d&rsquo;une forte ventouse pour \u00e9viter les \u00e9claboussures. Elle passe au micro-ondes, au four (jusqu&rsquo;\u00e0 220 \u00b0C) et au lave-vaisselle. <\/p>\n","protected":false},"featured_media":72469,"comment_status":"closed","ping_status":"closed","template":"","meta":{"_lmt_disableupdate":"no","_lmt_disable":""},"product_brand":[],"product_cat":[440,552,439],"product_tag":[],"woo-feed-brand":[],"class_list":{"0":"post-40811","1":"product","2":"type-product","3":"status-publish","4":"has-post-thumbnail","6":"product_cat-gamme-silicone","7":"product_cat-lheure-du-diner","8":"product_cat-nourriture-et-boisson","10":"first","11":"instock","12":"taxable","13":"shipping-taxable","14":"purchasable","15":"product-type-simple"},"_links":{"self":[{"href":"https:\/\/www.bojungle.eu\/fr\/wp-json\/wp\/v2\/product\/40811","targetHints":{"allow":["GET"]}}],"collection":[{"href":"https:\/\/www.bojungle.eu\/fr\/wp-json\/wp\/v2\/product"}],"about":[{"href":"https:\/\/www.bojungle.eu\/fr\/wp-json\/wp\/v2\/types\/product"}],"replies":[{"embeddable":true,"href":"https:\/\/www.bojungle.eu\/fr\/wp-json\/wp\/v2\/comments?post=40811"}],"version-history":[{"count":1,"href":"https:\/\/www.bojungle.eu\/fr\/wp-json\/wp\/v2\/product\/40811\/revisions"}],"predecessor-version":[{"id":80939,"href":"https:\/\/www.bojungle.eu\/fr\/wp-json\/wp\/v2\/product\/40811\/revisions\/80939"}],"wp:featuredmedia":[{"embeddable":true,"href":"https:\/\/www.bojungle.eu\/fr\/wp-json\/wp\/v2\/media\/72469"}],"wp:attachment":[{"href":"https:\/\/www.bojungle.eu\/fr\/wp-json\/wp\/v2\/media?parent=40811"}],"wp:term":[{"taxonomy":"product_brand","embeddable":true,"href":"https:\/\/www.bojungle.eu\/fr\/wp-json\/wp\/v2\/product_brand?post=40811"},{"taxonomy":"product_cat","embeddable":true,"href":"https:\/\/www.bojungle.eu\/fr\/wp-json\/wp\/v2\/product_cat?post=40811"},{"taxonomy":"product_tag","embeddable":true,"href":"https:\/\/www.bojungle.eu\/fr\/wp-json\/wp\/v2\/product_tag?post=40811"},{"taxonomy":"woo-feed-brand","embeddable":true,"href":"https:\/\/www.bojungle.eu\/fr\/wp-json\/wp\/v2\/woo-feed-brand?post=40811"}],"curies":[{"name":"wp","href":"https:\/\/api.w.org\/{rel}","templated":true}]}}