{"id":40849,"date":"2022-05-29T11:52:36","date_gmt":"2022-05-29T09:52:36","guid":{"rendered":"https:\/\/dev.authority.biz\/boj\/product\/b-strolly-gris-argente-lune-cadre-unite-de-siege-adaptateurs-de-siege-auto-protection-contre-la-pluie-berceau\/"},"modified":"2024-11-29T13:37:02","modified_gmt":"2024-11-29T12:37:02","slug":"b-strolly-grey-silver-moon-frame-seat-unit-car-seat-adapters-rain-protection-cradle-2","status":"publish","type":"product","link":"https:\/\/www.bojungle.eu\/fr\/produit\/b-strolly-grey-silver-moon-frame-seat-unit-car-seat-adapters-rain-protection-cradle-2\/","title":{"rendered":"B-Strolly Gris Argent\u00e9 Lune (Cadre + Unit\u00e9 de si\u00e8ge + Adaptateurs de si\u00e8ge auto + Protection contre la pluie + Berceau)"},"content":{"rendered":"<ul>\n<li>Voici le Strolly de Bo Jungle qui offre \u00e0 votre b\u00e9b\u00e9 des caract\u00e9ristiques de s\u00e9curit\u00e9 et de sant\u00e9 qui sont disponibles dans toutes les poussettes Bo Jungle. Le B-Strolly convient \u00e0 tout le monde. Appr\u00e9ciez sa simplicit\u00e9 et sa qualit\u00e9.<\/li>\n<li>Dans la simplicit\u00e9 se trouve la g\u00e9nialit\u00e9 &#8211; la B-Strolly poss\u00e8de la majorit\u00e9 des caract\u00e9ristiques des poussettes pour b\u00e9b\u00e9 de premi\u00e8re classe, elle est donc confortable et pratique pour les trajets quotidiens en ville et dans la nature. Le ch\u00e2ssis avec des roues en mousse EVA permettra de profiter de la balade sur des chemins attrayants en for\u00eat ou dans un parc. De plus, des broderies sp\u00e9ciales et des \u00e9l\u00e9ments de conception r\u00e9fl\u00e9chissant la lumi\u00e8re rendent la poussette pour b\u00e9b\u00e9 unique et visible \u00e0 tout moment de la journ\u00e9e. Le matelas souple en flocons de noix de coco et la protection suppl\u00e9mentaire du berceau contre le vent cr\u00e9eront un environnement s\u00fbr et confortable pour votre b\u00e9b\u00e9.<\/li>\n<li>Dimensions (pli\u00e9) : 61 cm x 81 cm<\/li>\n<\/ul>\n","protected":false},"excerpt":{"rendered":"<p>La simplicit\u00e9 est la g\u00e9n\u00e9rosit\u00e9<\/p>\n","protected":false},"featured_media":57444,"comment_status":"closed","ping_status":"closed","template":"","meta":{"_lmt_disableupdate":"","_lmt_disable":""},"product_brand":[],"product_cat":[635,643,1339],"product_tag":[],"woo-feed-brand":[],"class_list":{"0":"post-40849","1":"product","2":"type-product","3":"status-publish","4":"has-post-thumbnail","6":"product_cat-exterieur","7":"product_cat-poussettes","8":"product_cat-soldes","10":"first","11":"instock","12":"sale","13":"taxable","14":"shipping-taxable","15":"purchasable","16":"product-type-simple"},"_links":{"self":[{"href":"https:\/\/www.bojungle.eu\/fr\/wp-json\/wp\/v2\/product\/40849","targetHints":{"allow":["GET"]}}],"collection":[{"href":"https:\/\/www.bojungle.eu\/fr\/wp-json\/wp\/v2\/product"}],"about":[{"href":"https:\/\/www.bojungle.eu\/fr\/wp-json\/wp\/v2\/types\/product"}],"replies":[{"embeddable":true,"href":"https:\/\/www.bojungle.eu\/fr\/wp-json\/wp\/v2\/comments?post=40849"}],"version-history":[{"count":0,"href":"https:\/\/www.bojungle.eu\/fr\/wp-json\/wp\/v2\/product\/40849\/revisions"}],"wp:featuredmedia":[{"embeddable":true,"href":"https:\/\/www.bojungle.eu\/fr\/wp-json\/wp\/v2\/media\/57444"}],"wp:attachment":[{"href":"https:\/\/www.bojungle.eu\/fr\/wp-json\/wp\/v2\/media?parent=40849"}],"wp:term":[{"taxonomy":"product_brand","embeddable":true,"href":"https:\/\/www.bojungle.eu\/fr\/wp-json\/wp\/v2\/product_brand?post=40849"},{"taxonomy":"product_cat","embeddable":true,"href":"https:\/\/www.bojungle.eu\/fr\/wp-json\/wp\/v2\/product_cat?post=40849"},{"taxonomy":"product_tag","embeddable":true,"href":"https:\/\/www.bojungle.eu\/fr\/wp-json\/wp\/v2\/product_tag?post=40849"},{"taxonomy":"woo-feed-brand","embeddable":true,"href":"https:\/\/www.bojungle.eu\/fr\/wp-json\/wp\/v2\/woo-feed-brand?post=40849"}],"curies":[{"name":"wp","href":"https:\/\/api.w.org\/{rel}","templated":true}]}}