{"id":40883,"date":"2022-05-29T11:49:08","date_gmt":"2022-05-29T09:49:08","guid":{"rendered":"https:\/\/dev.authority.biz\/boj\/product\/tabouret-b-step-up-rose\/"},"modified":"2025-03-18T14:45:56","modified_gmt":"2025-03-18T13:45:56","slug":"b-step-up-stool-pink-2","status":"publish","type":"product","link":"https:\/\/www.bojungle.eu\/fr\/produit\/b-step-up-stool-pink-2\/","title":{"rendered":"Tabouret B-Step up Rose"},"content":{"rendered":"<p>Le tabouret Bo Jungle Step-Up en rose est parfait pour les tout-petits qui apprennent \u00e0 aller sur le pot ou qui ont besoin d&rsquo;aide pour atteindre le lavabo. Il est s\u00fbr gr\u00e2ce \u00e0 un syst\u00e8me de verrouillage s\u00e9curis\u00e9 et \u00e0 des pieds antid\u00e9rapants qui le maintiennent stable pendant son utilisation. <\/p>\n<p>Ce tabouret est r\u00e9glable en hauteur (15 cm &#8211; 26 cm), ce qui lui permet de grandir avec votre enfant. Il est l\u00e9ger et dot\u00e9 d&rsquo;une poign\u00e9e de transport, ce qui permet de le d\u00e9placer facilement. De plus, il est facile \u00e0 nettoyer, pour que votre maison reste propre.  <\/p>\n<p>Avec son design moderne et \u00e9pur\u00e9, le tabouret marchepied Bo Jungle s&rsquo;int\u00e8gre parfaitement dans n&rsquo;importe quelle pi\u00e8ce. Il peut supporter jusqu&rsquo;\u00e0 150 kg, il est donc assez solide pour tous les membres de la famille. <\/p>\n<p>S\u00fbr, pratique et \u00e9l\u00e9gant, le tabouret marchepied Bo Jungle est un must pour chaque maison.<\/p>\n","protected":false},"excerpt":{"rendered":"<div class=\"elementor-element elementor-element-80cf67d elementor-widget elementor-widget-jet-single-excerpt\" data-id=\"80cf67d\" data-element_type=\"widget\" data-widget_type=\"jet-single-excerpt.default\">\n<div class=\"elementor-widget-container\">\n<div class=\"elementor-jet-single-excerpt jet-woo-builder\">\n<div class=\"woocommerce-product-details__short-description\">\n<div class=\"flex-1 overflow-hidden @container\/thread translate-y-[1.5rem] -mt-[1.5rem] pb-[1.5rem]\">\n<div class=\"h-full\">\n<div class=\"react-scroll-to-bottom--css-wjdla-79elbk h-full\">\n<div class=\"react-scroll-to-bottom--css-wjdla-1n7m0yu\">\n<div class=\"flex flex-col text-sm\">\n<article class=\"w-full text-token-text-primary focus-visible:outline-2 focus-visible:outline-offset-[-4px]\" dir=\"auto\" data-testid=\"conversation-turn-7\" data-scroll-anchor=\"true\">\n<div class=\"m-auto text-base py-[18px] px-6\">\n<div class=\"mx-auto flex flex-1 gap-4 text-base md:gap-5 lg:gap-6 md:max-w-3xl\">\n<div class=\"group\/conversation-turn relative flex w-full min-w-0 flex-col agent-turn @xs\/thread:px-0 @sm\/thread:px-1.5 @md\/thread:px-4\">\n<div class=\"flex-col gap-1 md:gap-3\">\n<div class=\"flex max-w-full flex-col flex-grow\">\n<div class=\"min-h-8 text-message flex w-full flex-col items-end gap-2 whitespace-normal break-words text-start [.text-message+&amp;]:mt-5\" dir=\"auto\" data-message-author-role=\"assistant\" data-message-id=\"b4871a3b-8d97-4bd5-9e52-52989dc4a866\" data-message-model-slug=\"gpt-4o-mini\">\n<div class=\"flex w-full flex-col gap-1 empty:hidden first:pt-[3px]\">\n<div class=\"markdown prose w-full break-words dark:prose-invert light\">\n<p>Le tabouret Bo Jungle Step-Up en rose est parfait pour les tout-petits, les aidant \u00e0 apprendre \u00e0 aller sur le pot et \u00e0 atteindre les lavabos. Il est s\u00fbr, l\u00e9ger et facile \u00e0 d\u00e9placer, avec un syst\u00e8me de verrouillage s\u00e9curis\u00e9 et des pieds antid\u00e9rapants. La hauteur r\u00e9glable (15 cm &#8211; 26 cm) grandit avec votre enfant et peut supporter jusqu&rsquo;\u00e0 150 kg. Avec son design moderne et sa surface facile \u00e0 nettoyer, c&rsquo;est l&rsquo;ajout parfait \u00e0 toute maison !   <\/p>\n<\/div>\n<\/div>\n<\/div>\n<\/div>\n<\/div>\n<\/div>\n<\/div>\n<\/div>\n<\/article>\n<\/div>\n<\/div>\n<\/div>\n<\/div>\n<\/div>\n<\/div>\n<\/div>\n<\/div>\n<\/div>\n<div class=\"elementor-element elementor-element-8148547 elementor-widget elementor-widget-spacer\" data-id=\"8148547\" data-element_type=\"widget\" data-widget_type=\"spacer.default\">\n<div class=\"elementor-widget-container\">\n<div class=\"elementor-spacer\"><\/div>\n<\/div>\n<\/div>\n","protected":false},"featured_media":69621,"comment_status":"closed","ping_status":"closed","template":"","meta":{"_lmt_disableupdate":"no","_lmt_disable":""},"product_brand":[],"product_cat":[542,510],"product_tag":[],"woo-feed-brand":[],"class_list":{"0":"post-40883","1":"product","2":"type-product","3":"status-publish","4":"has-post-thumbnail","6":"product_cat-articles-de-toilette","7":"product_cat-soins","9":"first","10":"instock","11":"taxable","12":"shipping-taxable","13":"purchasable","14":"product-type-simple"},"_links":{"self":[{"href":"https:\/\/www.bojungle.eu\/fr\/wp-json\/wp\/v2\/product\/40883","targetHints":{"allow":["GET"]}}],"collection":[{"href":"https:\/\/www.bojungle.eu\/fr\/wp-json\/wp\/v2\/product"}],"about":[{"href":"https:\/\/www.bojungle.eu\/fr\/wp-json\/wp\/v2\/types\/product"}],"replies":[{"embeddable":true,"href":"https:\/\/www.bojungle.eu\/fr\/wp-json\/wp\/v2\/comments?post=40883"}],"version-history":[{"count":3,"href":"https:\/\/www.bojungle.eu\/fr\/wp-json\/wp\/v2\/product\/40883\/revisions"}],"predecessor-version":[{"id":79378,"href":"https:\/\/www.bojungle.eu\/fr\/wp-json\/wp\/v2\/product\/40883\/revisions\/79378"}],"wp:featuredmedia":[{"embeddable":true,"href":"https:\/\/www.bojungle.eu\/fr\/wp-json\/wp\/v2\/media\/69621"}],"wp:attachment":[{"href":"https:\/\/www.bojungle.eu\/fr\/wp-json\/wp\/v2\/media?parent=40883"}],"wp:term":[{"taxonomy":"product_brand","embeddable":true,"href":"https:\/\/www.bojungle.eu\/fr\/wp-json\/wp\/v2\/product_brand?post=40883"},{"taxonomy":"product_cat","embeddable":true,"href":"https:\/\/www.bojungle.eu\/fr\/wp-json\/wp\/v2\/product_cat?post=40883"},{"taxonomy":"product_tag","embeddable":true,"href":"https:\/\/www.bojungle.eu\/fr\/wp-json\/wp\/v2\/product_tag?post=40883"},{"taxonomy":"woo-feed-brand","embeddable":true,"href":"https:\/\/www.bojungle.eu\/fr\/wp-json\/wp\/v2\/woo-feed-brand?post=40883"}],"curies":[{"name":"wp","href":"https:\/\/api.w.org\/{rel}","templated":true}]}}