{"id":40976,"date":"2022-05-29T11:49:07","date_gmt":"2022-05-29T09:49:07","guid":{"rendered":"https:\/\/dev.authority.biz\/boj\/product\/b-silicone-cuillere-fourchette-couteau-set-rose\/"},"modified":"2025-05-13T16:04:16","modified_gmt":"2025-05-13T14:04:16","slug":"b-silicone-spoon-fork-knife-set-pink-2","status":"publish","type":"product","link":"https:\/\/www.bojungle.eu\/fr\/produit\/b-silicone-spoon-fork-knife-set-pink-2\/","title":{"rendered":"Set cuill\u00e8re-fourchette-couteau en silicone rose"},"content":{"rendered":"<p data-pm-slice=\"1 1 []\">Rendez l&rsquo;heure des repas amusante et s\u00fbre avec notre ensemble cuill\u00e8re-fourchette-couteau en silicone, l&rsquo;ensemble de couverts pour enfants id\u00e9al pour les petites mains. Ce ravissant ensemble comprend une cuill\u00e8re, une fourchette et un couteau, tous fabriqu\u00e9s en caoutchouc de silicone de qualit\u00e9 alimentaire. Con\u00e7ues pour une prise en main facile, les poign\u00e9es ergonomiques sont sp\u00e9cialement form\u00e9es pour les petits doigts, ce qui favorise l&rsquo;auto-alimentation et donne confiance aux enfants. L&rsquo;ensemble est durable, l\u00e9ger et doux pour les gencives sensibles, ce qui en fait le choix id\u00e9al pour les tout-petits et les jeunes enfants qui apprennent \u00e0 manger de mani\u00e8re autonome.   <\/p>\n<p>Donnez \u00e0 votre b\u00e9b\u00e9 le meilleur d\u00e9part possible avec le coussin ergonomique B-Cale-t\u00eate Jersey rose, qui allie confort et praticit\u00e9.Caract\u00e9ristiques principales :<\/p>\n<ul data-spread=\"false\">\n<li><strong>Conception adapt\u00e9e aux enfants : <\/strong>Les bords doux et arrondis et le mat\u00e9riau en silicone lisse garantissent une utilisation s\u00fbre et confortable.<\/li>\n<li><strong>Poign\u00e9es faciles \u00e0 saisir : <\/strong>Sp\u00e9cialement con\u00e7ues pour s&rsquo;adapter aux petites mains, elles encouragent l&rsquo;auto-alimentation.<\/li>\n<li><strong>Mat\u00e9riau de haute qualit\u00e9 <\/strong>: Fabriqu\u00e9 en silicone de qualit\u00e9 alimentaire sans BPA pour la s\u00e9curit\u00e9 et la durabilit\u00e9.<\/li>\n<li><strong>Des couleurs vives : <\/strong>Disponibles dans des couleurs amusantes et ludiques qui attirent et ravissent les petits mangeurs.<\/li>\n<li><strong>Lavable au lave-vaisselle :<\/strong> Facile \u00e0 nettoyer et \u00e0 entretenir pour les parents occup\u00e9s.<\/li>\n<\/ul>\n<p>Faites de chaque bouch\u00e9e une exp\u00e9rience amusante avec l&rsquo;ensemble cuill\u00e8re-fourchette-couteau en silicone, un ensemble de couverts pour enfants \u00e0 la fois pratique et ludique, con\u00e7u pour les petites mains et les app\u00e9tits grandissants.<\/p>\n<p>&nbsp;<\/p>\n","protected":false},"excerpt":{"rendered":"<p data-pm-slice=\"1 1 []\">Rendez l&rsquo;heure des repas facile et amusante avec notre ensemble cuill\u00e8re-fourchette-couteau en silicone &#8211; l&rsquo;ensemble de couverts id\u00e9al pour les enfants, con\u00e7u pour les petites mains. Fabriqu\u00e9 en silicone alimentaire sans BPA, cet ensemble durable est doux, s\u00fbr et facile \u00e0 saisir, ce qui aide les petits \u00e0 apprendre \u00e0 manger de mani\u00e8re autonome. <\/p>\n","protected":false},"featured_media":72399,"comment_status":"closed","ping_status":"closed","template":"","meta":{"_lmt_disableupdate":"no","_lmt_disable":""},"product_brand":[],"product_cat":[440,552,439],"product_tag":[],"woo-feed-brand":[],"class_list":{"0":"post-40976","1":"product","2":"type-product","3":"status-publish","4":"has-post-thumbnail","6":"product_cat-gamme-silicone","7":"product_cat-lheure-du-diner","8":"product_cat-nourriture-et-boisson","10":"first","11":"instock","12":"taxable","13":"shipping-taxable","14":"purchasable","15":"product-type-simple"},"_links":{"self":[{"href":"https:\/\/www.bojungle.eu\/fr\/wp-json\/wp\/v2\/product\/40976","targetHints":{"allow":["GET"]}}],"collection":[{"href":"https:\/\/www.bojungle.eu\/fr\/wp-json\/wp\/v2\/product"}],"about":[{"href":"https:\/\/www.bojungle.eu\/fr\/wp-json\/wp\/v2\/types\/product"}],"replies":[{"embeddable":true,"href":"https:\/\/www.bojungle.eu\/fr\/wp-json\/wp\/v2\/comments?post=40976"}],"version-history":[{"count":1,"href":"https:\/\/www.bojungle.eu\/fr\/wp-json\/wp\/v2\/product\/40976\/revisions"}],"predecessor-version":[{"id":79655,"href":"https:\/\/www.bojungle.eu\/fr\/wp-json\/wp\/v2\/product\/40976\/revisions\/79655"}],"wp:featuredmedia":[{"embeddable":true,"href":"https:\/\/www.bojungle.eu\/fr\/wp-json\/wp\/v2\/media\/72399"}],"wp:attachment":[{"href":"https:\/\/www.bojungle.eu\/fr\/wp-json\/wp\/v2\/media?parent=40976"}],"wp:term":[{"taxonomy":"product_brand","embeddable":true,"href":"https:\/\/www.bojungle.eu\/fr\/wp-json\/wp\/v2\/product_brand?post=40976"},{"taxonomy":"product_cat","embeddable":true,"href":"https:\/\/www.bojungle.eu\/fr\/wp-json\/wp\/v2\/product_cat?post=40976"},{"taxonomy":"product_tag","embeddable":true,"href":"https:\/\/www.bojungle.eu\/fr\/wp-json\/wp\/v2\/product_tag?post=40976"},{"taxonomy":"woo-feed-brand","embeddable":true,"href":"https:\/\/www.bojungle.eu\/fr\/wp-json\/wp\/v2\/woo-feed-brand?post=40976"}],"curies":[{"name":"wp","href":"https:\/\/api.w.org\/{rel}","templated":true}]}}