{"id":40995,"date":"2022-05-29T11:49:07","date_gmt":"2022-05-29T09:49:07","guid":{"rendered":"https:\/\/dev.authority.biz\/boj\/product\/tabouret-b-step-up-bleu\/"},"modified":"2025-03-18T13:27:44","modified_gmt":"2025-03-18T12:27:44","slug":"b-step-up-stool-blue-2","status":"publish","type":"product","link":"https:\/\/www.bojungle.eu\/fr\/produit\/b-step-up-stool-blue-2\/","title":{"rendered":"Double Marche Bleu"},"content":{"rendered":"<p>Le marche-pied Bo Jungle en bleu est parfait pour les tout-petits qui apprennent \u00e0 aller sur le pot ou qui ont besoin d&rsquo;aide pour atteindre l&rsquo;\u00e9vier. Il est s\u00fbr gr\u00e2ce \u00e0 un syst\u00e8me de verrouillage s\u00e9curis\u00e9 et \u00e0 des pieds antid\u00e9rapants qui le maintiennent stable pendant son utilisation. <\/p>\n<p>Ce double marche est r\u00e9glable en hauteur (15 cm &#8211; 26 cm), ce qui lui permet de grandir avec votre enfant. Il est l\u00e9ger et dot\u00e9 d&rsquo;une poign\u00e9e de transport, ce qui permet de le d\u00e9placer facilement. De plus, il est facile \u00e0 nettoyer, pour que votre maison reste propre.  <\/p>\n<p>Avec son design moderne et \u00e9pur\u00e9, le tabouret marchepied Bo Jungle s&rsquo;int\u00e8gre parfaitement dans n&rsquo;importe quelle pi\u00e8ce. Il peut supporter jusqu&rsquo;\u00e0 150 kg, il est donc assez solide pour tous les membres de la famille. <\/p>\n<p>S\u00fbr, pratique et \u00e9l\u00e9gant, le tabouret marchepied Bo Jungle est un must pour chaque maison.<\/p>\n","protected":false},"excerpt":{"rendered":"<p>Le marche-pied Bo Jungle en bleu est parfait pour les tout-petits, les aidant \u00e0 apprendre \u00e0 aller sur le pot et \u00e0 atteindre les \u00e9viers. Il est s\u00fbr, l\u00e9ger et facile \u00e0 d\u00e9placer, avec un syst\u00e8me de verrouillage s\u00e9curis\u00e9 et des pieds antid\u00e9rapants. La hauteur r\u00e9glable (15 cm &#8211; 26 cm) grandit avec votre enfant et peut supporter jusqu&rsquo;\u00e0 150 kg. Avec son design moderne et sa surface facile \u00e0 nettoyer, c&rsquo;est l&rsquo;ajout parfait \u00e0 toute maison !   <\/p>\n","protected":false},"featured_media":69751,"comment_status":"closed","ping_status":"closed","template":"","meta":{"_lmt_disableupdate":"no","_lmt_disable":""},"product_brand":[],"product_cat":[542,510],"product_tag":[],"woo-feed-brand":[],"class_list":{"0":"post-40995","1":"product","2":"type-product","3":"status-publish","4":"has-post-thumbnail","6":"product_cat-articles-de-toilette","7":"product_cat-soins","9":"first","10":"outofstock","11":"taxable","12":"shipping-taxable","13":"purchasable","14":"product-type-simple"},"_links":{"self":[{"href":"https:\/\/www.bojungle.eu\/fr\/wp-json\/wp\/v2\/product\/40995","targetHints":{"allow":["GET"]}}],"collection":[{"href":"https:\/\/www.bojungle.eu\/fr\/wp-json\/wp\/v2\/product"}],"about":[{"href":"https:\/\/www.bojungle.eu\/fr\/wp-json\/wp\/v2\/types\/product"}],"replies":[{"embeddable":true,"href":"https:\/\/www.bojungle.eu\/fr\/wp-json\/wp\/v2\/comments?post=40995"}],"version-history":[{"count":2,"href":"https:\/\/www.bojungle.eu\/fr\/wp-json\/wp\/v2\/product\/40995\/revisions"}],"predecessor-version":[{"id":79363,"href":"https:\/\/www.bojungle.eu\/fr\/wp-json\/wp\/v2\/product\/40995\/revisions\/79363"}],"wp:featuredmedia":[{"embeddable":true,"href":"https:\/\/www.bojungle.eu\/fr\/wp-json\/wp\/v2\/media\/69751"}],"wp:attachment":[{"href":"https:\/\/www.bojungle.eu\/fr\/wp-json\/wp\/v2\/media?parent=40995"}],"wp:term":[{"taxonomy":"product_brand","embeddable":true,"href":"https:\/\/www.bojungle.eu\/fr\/wp-json\/wp\/v2\/product_brand?post=40995"},{"taxonomy":"product_cat","embeddable":true,"href":"https:\/\/www.bojungle.eu\/fr\/wp-json\/wp\/v2\/product_cat?post=40995"},{"taxonomy":"product_tag","embeddable":true,"href":"https:\/\/www.bojungle.eu\/fr\/wp-json\/wp\/v2\/product_tag?post=40995"},{"taxonomy":"woo-feed-brand","embeddable":true,"href":"https:\/\/www.bojungle.eu\/fr\/wp-json\/wp\/v2\/woo-feed-brand?post=40995"}],"curies":[{"name":"wp","href":"https:\/\/api.w.org\/{rel}","templated":true}]}}