{"id":41011,"date":"2022-05-29T11:49:06","date_gmt":"2022-05-29T09:49:06","guid":{"rendered":"https:\/\/dev.authority.biz\/boj\/product\/b-snooze-3-en-1-gris-noir\/"},"modified":"2023-10-02T13:11:00","modified_gmt":"2023-10-02T11:11:00","slug":"b-snooze-3-in-1-grey-black-2","status":"publish","type":"product","link":"https:\/\/www.bojungle.eu\/fr\/produit\/b-snooze-3-in-1-grey-black-2\/","title":{"rendered":"B-Coussin R\u00e9ducteur 3-en-1 Gris\/Noir"},"content":{"rendered":"<ul>\n<li>Oreiller universel qui offre un soutien \u00e0 tout le corps de votre b\u00e9b\u00e9<\/li>\n<li>Les 3 parties peuvent \u00e9galement \u00eatre utilis\u00e9es individuellement<\/li>\n<li>L&rsquo;appui-t\u00eate peut \u00eatre r\u00e9gl\u00e9 en fonction de la croissance du b\u00e9b\u00e9.<\/li>\n<li>Les substances ventilantes offrent plus de confort et de s\u00e9curit\u00e9 en toutes saisons.<\/li>\n<li>Avec des ouvertures pour les ceintures de s\u00e9curit\u00e9<\/li>\n<li>La partie inf\u00e9rieure est r\u00e9sistante \u00e0 l&rsquo;eau pour offrir une protection contre les accidents de trempage.<\/li>\n<\/ul>\n","protected":false},"excerpt":{"rendered":"<p>Oreiller universel qui offre un soutien \u00e0 tout le corps de votre b\u00e9b\u00e9<\/p>\n","protected":false},"featured_media":65884,"comment_status":"closed","ping_status":"closed","template":"","meta":{"_lmt_disableupdate":"no","_lmt_disable":""},"product_brand":[],"product_cat":[636,635],"product_tag":[],"woo-feed-brand":[],"class_list":{"0":"post-41011","1":"product","2":"type-product","3":"status-publish","4":"has-post-thumbnail","6":"product_cat-accessoires-dexterieur","7":"product_cat-exterieur","9":"first","10":"instock","11":"taxable","12":"shipping-taxable","13":"purchasable","14":"product-type-simple"},"_links":{"self":[{"href":"https:\/\/www.bojungle.eu\/fr\/wp-json\/wp\/v2\/product\/41011","targetHints":{"allow":["GET"]}}],"collection":[{"href":"https:\/\/www.bojungle.eu\/fr\/wp-json\/wp\/v2\/product"}],"about":[{"href":"https:\/\/www.bojungle.eu\/fr\/wp-json\/wp\/v2\/types\/product"}],"replies":[{"embeddable":true,"href":"https:\/\/www.bojungle.eu\/fr\/wp-json\/wp\/v2\/comments?post=41011"}],"version-history":[{"count":0,"href":"https:\/\/www.bojungle.eu\/fr\/wp-json\/wp\/v2\/product\/41011\/revisions"}],"wp:featuredmedia":[{"embeddable":true,"href":"https:\/\/www.bojungle.eu\/fr\/wp-json\/wp\/v2\/media\/65884"}],"wp:attachment":[{"href":"https:\/\/www.bojungle.eu\/fr\/wp-json\/wp\/v2\/media?parent=41011"}],"wp:term":[{"taxonomy":"product_brand","embeddable":true,"href":"https:\/\/www.bojungle.eu\/fr\/wp-json\/wp\/v2\/product_brand?post=41011"},{"taxonomy":"product_cat","embeddable":true,"href":"https:\/\/www.bojungle.eu\/fr\/wp-json\/wp\/v2\/product_cat?post=41011"},{"taxonomy":"product_tag","embeddable":true,"href":"https:\/\/www.bojungle.eu\/fr\/wp-json\/wp\/v2\/product_tag?post=41011"},{"taxonomy":"woo-feed-brand","embeddable":true,"href":"https:\/\/www.bojungle.eu\/fr\/wp-json\/wp\/v2\/woo-feed-brand?post=41011"}],"curies":[{"name":"wp","href":"https:\/\/api.w.org\/{rel}","templated":true}]}}