{"id":41035,"date":"2022-05-29T11:49:06","date_gmt":"2022-05-29T09:49:06","guid":{"rendered":"https:\/\/dev.authority.biz\/boj\/product\/b-snooze-3-en-1-taupe\/"},"modified":"2024-02-12T16:32:48","modified_gmt":"2024-02-12T15:32:48","slug":"b-snooze-3-in-1-taupe-2","status":"publish","type":"product","link":"https:\/\/www.bojungle.eu\/fr\/produit\/b-snooze-3-in-1-taupe-2\/","title":{"rendered":"B-Coussin R\u00e9ducteur 3 in 1 Beige"},"content":{"rendered":"<p>The B-Snooze 3 in 1 Beige is crafted with versatility in mind. Il peut \u00eatre utilis\u00e9 dans trois configurations diff\u00e9rentes, chacune offrant un support personnalis\u00e9 pour diff\u00e9rentes positions et besoins de sommeil. Qu&rsquo;il s&rsquo;agisse de sur\u00e9lever en douceur la t\u00eate de votre b\u00e9b\u00e9, de bercer son corps d\u00e9licat ou de le soutenir pendant les voyages, cet oreiller s&rsquo;adapte sans effort aux besoins changeants de votre b\u00e9b\u00e9. L&rsquo;une des caract\u00e9ristiques les plus remarquables du B-Snooze 3 en 1 est son appui-t\u00eate r\u00e9glable, con\u00e7u pour s&rsquo;adapter \u00e0 la croissance et au d\u00e9veloppement de votre b\u00e9b\u00e9. Au fur et \u00e0 mesure que votre enfant grandit, il vous suffit de modifier l&rsquo;appui-t\u00eate pour assurer un confort et un alignement optimaux, favorisant ainsi des habitudes de sommeil saines de la petite enfance \u00e0 l&rsquo;adolescence. Con\u00e7u avec des mat\u00e9riaux respirants, ce transat favorise la circulation de l&rsquo;air et la respirabilit\u00e9, ce qui permet \u00e0 votre b\u00e9b\u00e9 de rester au frais et \u00e0 l&rsquo;aise en toute saison. L&rsquo;utilisation de tissus respirants de qualit\u00e9 sup\u00e9rieure am\u00e9liore non seulement le confort, mais donne \u00e9galement la priorit\u00e9 \u00e0 la s\u00e9curit\u00e9, garantissant que votre b\u00e9b\u00e9 dort bien sans surchauffe. La s\u00e9curit\u00e9 est primordiale, c&rsquo;est pourquoi le B-Snooze 3 en 1 est \u00e9quip\u00e9 d&rsquo;ouvertures pour les ceintures de s\u00e9curit\u00e9, ce qui permet un ajustement s\u00fbr et confortable pendant les voyages ou lors de l&rsquo;utilisation dans une poussette ou un si\u00e8ge-auto. De plus, la partie inf\u00e9rieure est r\u00e9sistante \u00e0 l&rsquo;eau, offrant une protection suppl\u00e9mentaire contre les accidents de couches et les \u00e9claboussures, ce qui vous permet d&rsquo;avoir l&rsquo;esprit tranquille en sachant que l&rsquo;environnement de sommeil de votre b\u00e9b\u00e9 reste propre et hygi\u00e9nique.<\/p>\n<p>Am\u00e9liorez l&rsquo;exp\u00e9rience de voyage et de sommeil de votre b\u00e9b\u00e9 avec le B-Coussin R\u00e9ducteur 3 en 1 beige. Con\u00e7u pour la polyvalence, le confort et la s\u00e9curit\u00e9, c&rsquo;est le compagnon id\u00e9al pour le voyage de votre enfant !<\/p>\n<ul>\n<li>Oreiller universel qui offre un soutien \u00e0 tout le corps de votre b\u00e9b\u00e9<\/li>\n<li>Les 3 parties peuvent \u00e9galement \u00eatre utilis\u00e9es individuellement<\/li>\n<li>L&rsquo;appui-t\u00eate peut \u00eatre r\u00e9gl\u00e9 en fonction de la croissance du b\u00e9b\u00e9.<\/li>\n<li>Les substances ventilantes offrent plus de confort et de s\u00e9curit\u00e9 en toutes saisons.<\/li>\n<li>Avec des ouvertures pour les ceintures de s\u00e9curit\u00e9<\/li>\n<li>La partie inf\u00e9rieure est r\u00e9sistante \u00e0 l&rsquo;eau pour offrir une protection contre les accidents de trempage.<\/li>\n<\/ul>\n","protected":false},"excerpt":{"rendered":"<p>D\u00e9couvrez le B-Coussin R\u00e9ducteur 3 en 1 beige, la solution ultime pour le confort et la s\u00e9curit\u00e9 de votre b\u00e9b\u00e9 pendant le sommeil et les voyages. Ce coussin universel innovant est m\u00e9ticuleusement con\u00e7u pour offrir un soutien complet \u00e0 l&rsquo;ensemble du corps de votre enfant, garantissant ainsi un repos confortable et s\u00fbr \u00e0 chaque fois.<\/p>\n<p>&nbsp;<\/p>\n","protected":false},"featured_media":65863,"comment_status":"closed","ping_status":"closed","template":"","meta":{"_lmt_disableupdate":"no","_lmt_disable":""},"product_brand":[],"product_cat":[636,635],"product_tag":[],"woo-feed-brand":[],"class_list":{"0":"post-41035","1":"product","2":"type-product","3":"status-publish","4":"has-post-thumbnail","6":"product_cat-accessoires-dexterieur","7":"product_cat-exterieur","9":"first","10":"outofstock","11":"taxable","12":"shipping-taxable","13":"purchasable","14":"product-type-simple"},"_links":{"self":[{"href":"https:\/\/www.bojungle.eu\/fr\/wp-json\/wp\/v2\/product\/41035","targetHints":{"allow":["GET"]}}],"collection":[{"href":"https:\/\/www.bojungle.eu\/fr\/wp-json\/wp\/v2\/product"}],"about":[{"href":"https:\/\/www.bojungle.eu\/fr\/wp-json\/wp\/v2\/types\/product"}],"replies":[{"embeddable":true,"href":"https:\/\/www.bojungle.eu\/fr\/wp-json\/wp\/v2\/comments?post=41035"}],"version-history":[{"count":1,"href":"https:\/\/www.bojungle.eu\/fr\/wp-json\/wp\/v2\/product\/41035\/revisions"}],"predecessor-version":[{"id":65873,"href":"https:\/\/www.bojungle.eu\/fr\/wp-json\/wp\/v2\/product\/41035\/revisions\/65873"}],"wp:featuredmedia":[{"embeddable":true,"href":"https:\/\/www.bojungle.eu\/fr\/wp-json\/wp\/v2\/media\/65863"}],"wp:attachment":[{"href":"https:\/\/www.bojungle.eu\/fr\/wp-json\/wp\/v2\/media?parent=41035"}],"wp:term":[{"taxonomy":"product_brand","embeddable":true,"href":"https:\/\/www.bojungle.eu\/fr\/wp-json\/wp\/v2\/product_brand?post=41035"},{"taxonomy":"product_cat","embeddable":true,"href":"https:\/\/www.bojungle.eu\/fr\/wp-json\/wp\/v2\/product_cat?post=41035"},{"taxonomy":"product_tag","embeddable":true,"href":"https:\/\/www.bojungle.eu\/fr\/wp-json\/wp\/v2\/product_tag?post=41035"},{"taxonomy":"woo-feed-brand","embeddable":true,"href":"https:\/\/www.bojungle.eu\/fr\/wp-json\/wp\/v2\/woo-feed-brand?post=41035"}],"curies":[{"name":"wp","href":"https:\/\/api.w.org\/{rel}","templated":true}]}}