{"id":41042,"date":"2022-05-29T11:49:00","date_gmt":"2022-05-29T09:49:00","guid":{"rendered":"https:\/\/dev.authority.biz\/boj\/product\/b-silicone-ronds-a-empiler\/"},"modified":"2023-09-29T14:51:33","modified_gmt":"2023-09-29T12:51:33","slug":"b-silicone-stacking-toys-circles-2","status":"publish","type":"product","link":"https:\/\/www.bojungle.eu\/fr\/produit\/b-silicone-stacking-toys-circles-2\/","title":{"rendered":"Jouet \u00e0 Empiler Ronds"},"content":{"rendered":"<ul>\n<li>Un grand classique revisit\u00e9, la tour \u00e0 empiler multicolore en silicone pour un produit durable et sain.<\/li>\n<li>C&rsquo;est le jouet id\u00e9al pour d\u00e9velopper la motricit\u00e9 fine de votre enfant.<\/li>\n<li>Jouet design et couleurs tendance pour plaire \u00e0 b\u00e9b\u00e9 et aux parents !<\/li>\n<li>Pour une hygi\u00e8ne parfaite, ce jouet peut \u00eatre lav\u00e9 au lave-vaisselle et peut \u00eatre st\u00e9rilis\u00e9.<\/li>\n<li>Jouet en silicone de haute qualit\u00e9.<\/li>\n<\/ul>\n","protected":false},"excerpt":{"rendered":"<p>Un grand classique revisit\u00e9, la tour \u00e0 empiler multicolore en silicone pour un produit durable et sain.<\/p>\n","protected":false},"featured_media":71189,"comment_status":"closed","ping_status":"closed","template":"","meta":{"_lmt_disableupdate":"no","_lmt_disable":""},"product_brand":[],"product_cat":[501,445],"product_tag":[],"woo-feed-brand":[],"class_list":{"0":"post-41042","1":"product","2":"type-product","3":"status-publish","4":"has-post-thumbnail","6":"product_cat-jouets-en-silicone","7":"product_cat-playtime-fr","9":"first","10":"instock","11":"taxable","12":"shipping-taxable","13":"purchasable","14":"product-type-simple"},"_links":{"self":[{"href":"https:\/\/www.bojungle.eu\/fr\/wp-json\/wp\/v2\/product\/41042","targetHints":{"allow":["GET"]}}],"collection":[{"href":"https:\/\/www.bojungle.eu\/fr\/wp-json\/wp\/v2\/product"}],"about":[{"href":"https:\/\/www.bojungle.eu\/fr\/wp-json\/wp\/v2\/types\/product"}],"replies":[{"embeddable":true,"href":"https:\/\/www.bojungle.eu\/fr\/wp-json\/wp\/v2\/comments?post=41042"}],"version-history":[{"count":0,"href":"https:\/\/www.bojungle.eu\/fr\/wp-json\/wp\/v2\/product\/41042\/revisions"}],"wp:featuredmedia":[{"embeddable":true,"href":"https:\/\/www.bojungle.eu\/fr\/wp-json\/wp\/v2\/media\/71189"}],"wp:attachment":[{"href":"https:\/\/www.bojungle.eu\/fr\/wp-json\/wp\/v2\/media?parent=41042"}],"wp:term":[{"taxonomy":"product_brand","embeddable":true,"href":"https:\/\/www.bojungle.eu\/fr\/wp-json\/wp\/v2\/product_brand?post=41042"},{"taxonomy":"product_cat","embeddable":true,"href":"https:\/\/www.bojungle.eu\/fr\/wp-json\/wp\/v2\/product_cat?post=41042"},{"taxonomy":"product_tag","embeddable":true,"href":"https:\/\/www.bojungle.eu\/fr\/wp-json\/wp\/v2\/product_tag?post=41042"},{"taxonomy":"woo-feed-brand","embeddable":true,"href":"https:\/\/www.bojungle.eu\/fr\/wp-json\/wp\/v2\/woo-feed-brand?post=41042"}],"curies":[{"name":"wp","href":"https:\/\/api.w.org\/{rel}","templated":true}]}}