{"id":41059,"date":"2022-05-29T11:47:33","date_gmt":"2022-05-29T09:47:33","guid":{"rendered":"https:\/\/dev.authority.biz\/boj\/product\/b-silicone-bavoir-bleu\/"},"modified":"2023-09-29T11:11:51","modified_gmt":"2023-09-29T09:11:51","slug":"b-silicone-bib-bleu","status":"publish","type":"product","link":"https:\/\/www.bojungle.eu\/fr\/produit\/b-silicone-bib-bleu\/","title":{"rendered":"B-Silicone bavoir Bleu"},"content":{"rendered":"<ul>\n<li>Fabriqu\u00e9 en silicone<\/li>\n<li>Doux et pratique \u00e0 saisir pour les enfants, facile \u00e0 nettoyer et pouvant \u00eatre st\u00e9rilis\u00e9 \u00e0 haute temp\u00e9rature.<\/li>\n<li>Flexible et portable, facile \u00e0 stocker et \u00e0 transporter.<\/li>\n<li>Attrape la nourriture quand elle tombe<\/li>\n<\/ul>\n","protected":false},"excerpt":{"rendered":"<p>Flexible et portable, facile \u00e0 stocker et \u00e0 transporter.<\/p>\n","protected":false},"featured_media":74015,"comment_status":"closed","ping_status":"closed","template":"","meta":{"_lmt_disableupdate":"no","_lmt_disable":""},"product_brand":[],"product_cat":[440,552,439],"product_tag":[],"woo-feed-brand":[],"class_list":{"0":"post-41059","1":"product","2":"type-product","3":"status-publish","4":"has-post-thumbnail","6":"product_cat-gamme-silicone","7":"product_cat-lheure-du-diner","8":"product_cat-nourriture-et-boisson","10":"first","11":"instock","12":"taxable","13":"shipping-taxable","14":"purchasable","15":"product-type-simple"},"_links":{"self":[{"href":"https:\/\/www.bojungle.eu\/fr\/wp-json\/wp\/v2\/product\/41059","targetHints":{"allow":["GET"]}}],"collection":[{"href":"https:\/\/www.bojungle.eu\/fr\/wp-json\/wp\/v2\/product"}],"about":[{"href":"https:\/\/www.bojungle.eu\/fr\/wp-json\/wp\/v2\/types\/product"}],"replies":[{"embeddable":true,"href":"https:\/\/www.bojungle.eu\/fr\/wp-json\/wp\/v2\/comments?post=41059"}],"version-history":[{"count":0,"href":"https:\/\/www.bojungle.eu\/fr\/wp-json\/wp\/v2\/product\/41059\/revisions"}],"wp:featuredmedia":[{"embeddable":true,"href":"https:\/\/www.bojungle.eu\/fr\/wp-json\/wp\/v2\/media\/74015"}],"wp:attachment":[{"href":"https:\/\/www.bojungle.eu\/fr\/wp-json\/wp\/v2\/media?parent=41059"}],"wp:term":[{"taxonomy":"product_brand","embeddable":true,"href":"https:\/\/www.bojungle.eu\/fr\/wp-json\/wp\/v2\/product_brand?post=41059"},{"taxonomy":"product_cat","embeddable":true,"href":"https:\/\/www.bojungle.eu\/fr\/wp-json\/wp\/v2\/product_cat?post=41059"},{"taxonomy":"product_tag","embeddable":true,"href":"https:\/\/www.bojungle.eu\/fr\/wp-json\/wp\/v2\/product_tag?post=41059"},{"taxonomy":"woo-feed-brand","embeddable":true,"href":"https:\/\/www.bojungle.eu\/fr\/wp-json\/wp\/v2\/woo-feed-brand?post=41059"}],"curies":[{"name":"wp","href":"https:\/\/api.w.org\/{rel}","templated":true}]}}