{"id":41129,"date":"2022-05-29T11:46:49","date_gmt":"2022-05-29T09:46:49","guid":{"rendered":"https:\/\/dev.authority.biz\/boj\/product\/b-rocket-silicone-rouge\/"},"modified":"2023-09-29T15:03:25","modified_gmt":"2023-09-29T13:03:25","slug":"b-rocket-silicone-rose","status":"publish","type":"product","link":"https:\/\/www.bojungle.eu\/fr\/produit\/b-rocket-silicone-rose\/","title":{"rendered":"B-Fus\u00e9e Rouge Silicone"},"content":{"rendered":"<ul>\n<li>Notre raquette en silicone stimule les sens de la morsure et de la pr\u00e9hension. Il permet d&rsquo;att\u00e9nuer la douleur et l&rsquo;inconfort li\u00e9s au passage des dents et stimule \u00e9galement les l\u00e8vres et la langue gr\u00e2ce \u00e0 ses diff\u00e9rentes surfaces de morsure. Les dents sont mass\u00e9es et cela permet \u00e9galement d&rsquo;assouplir les gencives. Id\u00e9al pour les petites mains et les dents \u00e0 venir !<\/li>\n<li>Facile \u00e0 entretenir, lavable en machine<\/li>\n<li>Fabriqu\u00e9 en silicone<\/li>\n<\/ul>\n","protected":false},"excerpt":{"rendered":"<p>Notre raquette en silicone stimule les sens de la morsure et de la pr\u00e9hension. Il permet d&rsquo;att\u00e9nuer la douleur et l&rsquo;inconfort li\u00e9s au passage des dents et stimule \u00e9galement les l\u00e8vres et la langue gr\u00e2ce \u00e0 ses diff\u00e9rentes surfaces de morsure. Les dents sont mass\u00e9es et cela permet \u00e9galement d&rsquo;assouplir les gencives. Id\u00e9al pour les petites mains et les dents \u00e0 venir !<\/p>\n","protected":false},"featured_media":73154,"comment_status":"closed","ping_status":"closed","template":"","meta":{"_lmt_disableupdate":"no","_lmt_disable":""},"product_brand":[],"product_cat":[600,501,445],"product_tag":[],"woo-feed-brand":[],"class_list":{"0":"post-41129","1":"product","2":"type-product","3":"status-publish","4":"has-post-thumbnail","6":"product_cat-jouets-de-dentition","7":"product_cat-jouets-en-silicone","8":"product_cat-playtime-fr","10":"first","11":"instock","12":"taxable","13":"shipping-taxable","14":"purchasable","15":"product-type-simple"},"_links":{"self":[{"href":"https:\/\/www.bojungle.eu\/fr\/wp-json\/wp\/v2\/product\/41129","targetHints":{"allow":["GET"]}}],"collection":[{"href":"https:\/\/www.bojungle.eu\/fr\/wp-json\/wp\/v2\/product"}],"about":[{"href":"https:\/\/www.bojungle.eu\/fr\/wp-json\/wp\/v2\/types\/product"}],"replies":[{"embeddable":true,"href":"https:\/\/www.bojungle.eu\/fr\/wp-json\/wp\/v2\/comments?post=41129"}],"version-history":[{"count":1,"href":"https:\/\/www.bojungle.eu\/fr\/wp-json\/wp\/v2\/product\/41129\/revisions"}],"predecessor-version":[{"id":48795,"href":"https:\/\/www.bojungle.eu\/fr\/wp-json\/wp\/v2\/product\/41129\/revisions\/48795"}],"wp:featuredmedia":[{"embeddable":true,"href":"https:\/\/www.bojungle.eu\/fr\/wp-json\/wp\/v2\/media\/73154"}],"wp:attachment":[{"href":"https:\/\/www.bojungle.eu\/fr\/wp-json\/wp\/v2\/media?parent=41129"}],"wp:term":[{"taxonomy":"product_brand","embeddable":true,"href":"https:\/\/www.bojungle.eu\/fr\/wp-json\/wp\/v2\/product_brand?post=41129"},{"taxonomy":"product_cat","embeddable":true,"href":"https:\/\/www.bojungle.eu\/fr\/wp-json\/wp\/v2\/product_cat?post=41129"},{"taxonomy":"product_tag","embeddable":true,"href":"https:\/\/www.bojungle.eu\/fr\/wp-json\/wp\/v2\/product_tag?post=41129"},{"taxonomy":"woo-feed-brand","embeddable":true,"href":"https:\/\/www.bojungle.eu\/fr\/wp-json\/wp\/v2\/woo-feed-brand?post=41129"}],"curies":[{"name":"wp","href":"https:\/\/api.w.org\/{rel}","templated":true}]}}