{"id":41138,"date":"2022-05-29T11:46:40","date_gmt":"2022-05-29T09:46:40","guid":{"rendered":"https:\/\/dev.authority.biz\/boj\/product\/b-rocker-gris-0-18kg\/"},"modified":"2025-06-11T16:37:34","modified_gmt":"2025-06-11T14:37:34","slug":"b-rocker-grey-0-18kg-2","status":"publish","type":"product","link":"https:\/\/www.bojungle.eu\/fr\/produit\/b-rocker-grey-0-18kg-2\/","title":{"rendered":"B-Rocker Gris (0 &#8211; 18kg)"},"content":{"rendered":"<ul>\n<li>Un seul si\u00e8ge de b\u00e9b\u00e9 \u00e0 l&rsquo;enfant !<\/li>\n<li>Assise dans une combinaison de tissus luxueux ultra-doux en velours et respirants<\/li>\n<li>Deux fa\u00e7ons de l&rsquo;utiliser : comme bascule ou dans une position stable et fixe.<\/li>\n<li>Dossier r\u00e9glable en 3 positions<\/li>\n<li>Fonction vibration (fonctionne avec 2 piles AA, non incluses)<\/li>\n<li>Jusqu&rsquo;\u00e0 18 kg ! (+-5 ans)<\/li>\n<li>Tissus amovibles et lavables en machine<\/li>\n<li>Tubes robustes et de luxe en aluminium avec rev\u00eatement en poudre.<\/li>\n<li>Harnais de s\u00e9curit\u00e9 \u00e0 5 points<\/li>\n<li>Barre de jouets facilement d\u00e9tachable et r\u00e9glable avec 2 jouets.<\/li>\n<li>Conception facilement pliable pour le stockage et le transport.<\/li>\n<\/ul>\n<table border=\"1\">\n<tbody>\n<tr>\n<td>Manuel<\/td>\n<td><a href=\"https:\/\/www.bojungle.eu\/wp-content\/uploads\/2025\/06\/Manual_Rocker.pdf\" target=\"_blank\" rel=\"noopener\">Cliquez ici<\/a><\/td>\n<\/tr>\n<\/tbody>\n<\/table>\n","protected":false},"excerpt":{"rendered":"<p>Un seul si\u00e8ge de b\u00e9b\u00e9 \u00e0 l&rsquo;enfant ! Si\u00e8ge en velours ultra-doux et tissu respirant. Deux possibilit\u00e9s d&rsquo;utilisation : comme balancement ou en position stable et fixe.<\/p>\n","protected":false},"featured_media":71744,"comment_status":"closed","ping_status":"closed","template":"","meta":{"_lmt_disableupdate":"no","_lmt_disable":""},"product_brand":[],"product_cat":[526],"product_tag":[],"woo-feed-brand":[],"class_list":{"0":"post-41138","1":"product","2":"type-product","3":"status-publish","4":"has-post-thumbnail","6":"product_cat-balancoires-et-bascules","8":"first","9":"instock","10":"taxable","11":"shipping-taxable","12":"purchasable","13":"product-type-simple"},"_links":{"self":[{"href":"https:\/\/www.bojungle.eu\/fr\/wp-json\/wp\/v2\/product\/41138","targetHints":{"allow":["GET"]}}],"collection":[{"href":"https:\/\/www.bojungle.eu\/fr\/wp-json\/wp\/v2\/product"}],"about":[{"href":"https:\/\/www.bojungle.eu\/fr\/wp-json\/wp\/v2\/types\/product"}],"replies":[{"embeddable":true,"href":"https:\/\/www.bojungle.eu\/fr\/wp-json\/wp\/v2\/comments?post=41138"}],"version-history":[{"count":1,"href":"https:\/\/www.bojungle.eu\/fr\/wp-json\/wp\/v2\/product\/41138\/revisions"}],"predecessor-version":[{"id":80209,"href":"https:\/\/www.bojungle.eu\/fr\/wp-json\/wp\/v2\/product\/41138\/revisions\/80209"}],"wp:featuredmedia":[{"embeddable":true,"href":"https:\/\/www.bojungle.eu\/fr\/wp-json\/wp\/v2\/media\/71744"}],"wp:attachment":[{"href":"https:\/\/www.bojungle.eu\/fr\/wp-json\/wp\/v2\/media?parent=41138"}],"wp:term":[{"taxonomy":"product_brand","embeddable":true,"href":"https:\/\/www.bojungle.eu\/fr\/wp-json\/wp\/v2\/product_brand?post=41138"},{"taxonomy":"product_cat","embeddable":true,"href":"https:\/\/www.bojungle.eu\/fr\/wp-json\/wp\/v2\/product_cat?post=41138"},{"taxonomy":"product_tag","embeddable":true,"href":"https:\/\/www.bojungle.eu\/fr\/wp-json\/wp\/v2\/product_tag?post=41138"},{"taxonomy":"woo-feed-brand","embeddable":true,"href":"https:\/\/www.bojungle.eu\/fr\/wp-json\/wp\/v2\/woo-feed-brand?post=41138"}],"curies":[{"name":"wp","href":"https:\/\/api.w.org\/{rel}","templated":true}]}}