{"id":41213,"date":"2022-05-29T11:46:13","date_gmt":"2022-05-29T09:46:13","guid":{"rendered":"https:\/\/dev.authority.biz\/boj\/product\/melangeur-de-poudre-b-gris\/"},"modified":"2025-07-10T15:36:31","modified_gmt":"2025-07-10T13:36:31","slug":"b-melangeur-de-poudre-gris","status":"publish","type":"product","link":"https:\/\/www.bojungle.eu\/fr\/produit\/b-melangeur-de-poudre-gris\/","title":{"rendered":"M\u00e9langeur de poudre B Gris"},"content":{"rendered":"\t\t<div data-elementor-type=\"product-post\" data-elementor-id=\"41213\" class=\"elementor elementor-41213 elementor-22995\" data-elementor-post-type=\"product\">\n\t\t\t\t<div class=\"elementor-element elementor-element-e240817 e-flex e-con-boxed rael-particle-no e-con e-parent\" data-id=\"e240817\" data-element_type=\"container\" data-e-type=\"container\" data-settings=\"{&quot;rae_animations_entrance&quot;:&quot;none&quot;}\">\n\t\t\t\t\t<div class=\"e-con-inner\">\n\t\t\t\t<div class=\"elementor-element elementor-element-70f0e18c elementor-widget elementor-widget-text-editor\" data-id=\"70f0e18c\" data-element_type=\"widget\" data-e-type=\"widget\" data-widget_type=\"text-editor.default\">\n\t\t\t\t<div class=\"elementor-widget-container\">\n\t\t\t\t\t\t\t\t\t<ul><li>Pr\u00e9parez vos aliments pour b\u00e9b\u00e9s sans grumeaux en un rien de temps gr\u00e2ce \u00e0 notre mixeur B-Powder !<\/li><li>Taille compacte : facile \u00e0 manipuler, facile \u00e0 utiliser<\/li><li>Le batteur n&rsquo;endommage pas les ustensiles de cuisine ni les bols.<\/li><li>Facile \u00e0 nettoyer avec un chiffon humide<\/li><li>Fonctionne sur piles : 2 piles AA (non incluses)<\/li><li>Taille : 40 x 215mm<\/li><\/ul>\t\t\t\t\t\t\t\t<\/div>\n\t\t\t\t<\/div>\n\t\t\t\t\t<\/div>\n\t\t\t\t<\/div>\n\t\t\t\t<\/div>\n\t\t","protected":false},"excerpt":{"rendered":"<p style=\"font-weight: 400;\">Pr\u00e9parez vos aliments pour b\u00e9b\u00e9s sans grumeaux en un rien de temps gr\u00e2ce \u00e0 notre mixeur B-Powder !<\/p>\n","protected":false},"featured_media":73955,"comment_status":"closed","ping_status":"closed","template":"","meta":{"_lmt_disableupdate":"no","_lmt_disable":""},"product_brand":[],"product_cat":[439,442],"product_tag":[],"woo-feed-brand":[],"class_list":{"0":"post-41213","1":"product","2":"type-product","3":"status-publish","4":"has-post-thumbnail","6":"product_cat-nourriture-et-boisson","7":"product_cat-preparation-des-repas","9":"first","10":"instock","11":"taxable","12":"shipping-taxable","13":"purchasable","14":"product-type-simple"},"_links":{"self":[{"href":"https:\/\/www.bojungle.eu\/fr\/wp-json\/wp\/v2\/product\/41213","targetHints":{"allow":["GET"]}}],"collection":[{"href":"https:\/\/www.bojungle.eu\/fr\/wp-json\/wp\/v2\/product"}],"about":[{"href":"https:\/\/www.bojungle.eu\/fr\/wp-json\/wp\/v2\/types\/product"}],"replies":[{"embeddable":true,"href":"https:\/\/www.bojungle.eu\/fr\/wp-json\/wp\/v2\/comments?post=41213"}],"version-history":[{"count":2,"href":"https:\/\/www.bojungle.eu\/fr\/wp-json\/wp\/v2\/product\/41213\/revisions"}],"predecessor-version":[{"id":80673,"href":"https:\/\/www.bojungle.eu\/fr\/wp-json\/wp\/v2\/product\/41213\/revisions\/80673"}],"wp:featuredmedia":[{"embeddable":true,"href":"https:\/\/www.bojungle.eu\/fr\/wp-json\/wp\/v2\/media\/73955"}],"wp:attachment":[{"href":"https:\/\/www.bojungle.eu\/fr\/wp-json\/wp\/v2\/media?parent=41213"}],"wp:term":[{"taxonomy":"product_brand","embeddable":true,"href":"https:\/\/www.bojungle.eu\/fr\/wp-json\/wp\/v2\/product_brand?post=41213"},{"taxonomy":"product_cat","embeddable":true,"href":"https:\/\/www.bojungle.eu\/fr\/wp-json\/wp\/v2\/product_cat?post=41213"},{"taxonomy":"product_tag","embeddable":true,"href":"https:\/\/www.bojungle.eu\/fr\/wp-json\/wp\/v2\/product_tag?post=41213"},{"taxonomy":"woo-feed-brand","embeddable":true,"href":"https:\/\/www.bojungle.eu\/fr\/wp-json\/wp\/v2\/woo-feed-brand?post=41213"}],"curies":[{"name":"wp","href":"https:\/\/api.w.org\/{rel}","templated":true}]}}