{"id":41250,"date":"2022-05-29T11:42:35","date_gmt":"2022-05-29T09:42:35","guid":{"rendered":"https:\/\/dev.authority.biz\/boj\/product\/b-plan-a-langer-portatif\/"},"modified":"2023-10-02T13:02:10","modified_gmt":"2023-10-02T11:02:10","slug":"b-portable-changing-pad-2","status":"publish","type":"product","link":"https:\/\/www.bojungle.eu\/fr\/produit\/b-portable-changing-pad-2\/","title":{"rendered":"B-Coussin \u00e0 Langer Portable"},"content":{"rendered":"<ul>\n<li>Coussin \u00e0 langer B-Mini<\/li>\n<li>Avec de la mousse \u00e0 m\u00e9moire de forme !<\/li>\n<li>Tr\u00e8s confortable et doux pour le b\u00e9b\u00e9 : contient de la mousse \u00e0 m\u00e9moire de forme !<\/li>\n<li>Surface tr\u00e8s hygi\u00e9nique et facilement nettoyable.<\/li>\n<li>Conception extra longue<\/li>\n<li>Compartiments de rangement amovibles pour les couches, les mouchoirs en papier, etc.<\/li>\n<li>Se fixe aux poussettes, aux sacs \u00e0 langer, etc. gr\u00e2ce au syst\u00e8me de clips.<\/li>\n<li>Coussin en mousse 100% polyur\u00e9thane<\/li>\n<\/ul>\n","protected":false},"excerpt":{"rendered":"<p>Tr\u00e8s confortable et doux pour le b\u00e9b\u00e9 : contient de la mousse \u00e0 m\u00e9moire de forme !<\/p>\n","protected":false},"featured_media":75422,"comment_status":"closed","ping_status":"closed","template":"","meta":{"_lmt_disableupdate":"no","_lmt_disable":""},"product_brand":[],"product_cat":[636,635,581,510],"product_tag":[],"woo-feed-brand":[],"class_list":{"0":"post-41250","1":"product","2":"type-product","3":"status-publish","4":"has-post-thumbnail","6":"product_cat-accessoires-dexterieur","7":"product_cat-exterieur","8":"product_cat-la-beaute-et-la-sante-du-bebe","9":"product_cat-soins","11":"first","12":"outofstock","13":"taxable","14":"shipping-taxable","15":"purchasable","16":"product-type-simple"},"_links":{"self":[{"href":"https:\/\/www.bojungle.eu\/fr\/wp-json\/wp\/v2\/product\/41250","targetHints":{"allow":["GET"]}}],"collection":[{"href":"https:\/\/www.bojungle.eu\/fr\/wp-json\/wp\/v2\/product"}],"about":[{"href":"https:\/\/www.bojungle.eu\/fr\/wp-json\/wp\/v2\/types\/product"}],"replies":[{"embeddable":true,"href":"https:\/\/www.bojungle.eu\/fr\/wp-json\/wp\/v2\/comments?post=41250"}],"version-history":[{"count":0,"href":"https:\/\/www.bojungle.eu\/fr\/wp-json\/wp\/v2\/product\/41250\/revisions"}],"wp:featuredmedia":[{"embeddable":true,"href":"https:\/\/www.bojungle.eu\/fr\/wp-json\/wp\/v2\/media\/75422"}],"wp:attachment":[{"href":"https:\/\/www.bojungle.eu\/fr\/wp-json\/wp\/v2\/media?parent=41250"}],"wp:term":[{"taxonomy":"product_brand","embeddable":true,"href":"https:\/\/www.bojungle.eu\/fr\/wp-json\/wp\/v2\/product_brand?post=41250"},{"taxonomy":"product_cat","embeddable":true,"href":"https:\/\/www.bojungle.eu\/fr\/wp-json\/wp\/v2\/product_cat?post=41250"},{"taxonomy":"product_tag","embeddable":true,"href":"https:\/\/www.bojungle.eu\/fr\/wp-json\/wp\/v2\/product_tag?post=41250"},{"taxonomy":"woo-feed-brand","embeddable":true,"href":"https:\/\/www.bojungle.eu\/fr\/wp-json\/wp\/v2\/woo-feed-brand?post=41250"}],"curies":[{"name":"wp","href":"https:\/\/api.w.org\/{rel}","templated":true}]}}