{"id":41259,"date":"2022-05-29T11:40:25","date_gmt":"2022-05-29T09:40:25","guid":{"rendered":"https:\/\/dev.authority.biz\/boj\/product\/jouet-en-peluche-b-avec-couverture-senna-la-girafe\/"},"modified":"2023-10-02T10:11:58","modified_gmt":"2023-10-02T08:11:58","slug":"b-plush-toy-with-blanketsenna-the-giraffe-2","status":"publish","type":"product","link":"https:\/\/www.bojungle.eu\/fr\/produit\/b-plush-toy-with-blanketsenna-the-giraffe-2\/","title":{"rendered":"Grande Peluche avec Couverture\/Serviette Senna la girafe"},"content":{"rendered":"<ul>\n<li>Ensemble compos\u00e9 d&rsquo;un animal en peluche en tissu \u00e9ponge super doux et d&rsquo;une couverture\/serviette de bain.<\/li>\n<li>Un c\u00f4t\u00e9 de la couverture est en tissu \u00e9ponge qui peut \u00eatre utilis\u00e9 comme une serviette, l&rsquo;autre c\u00f4t\u00e9 est en polaire douce et peut \u00eatre utilis\u00e9 comme une couverture.<\/li>\n<li>Facile \u00e0 entretenir, lavable en machine<\/li>\n<li>Dimensions de l&rsquo;animal en peluche : +- 45 cm en position ouverte<\/li>\n<li>Dimensions de la couverture : 75 x 95 cm<\/li>\n<\/ul>\n","protected":false},"excerpt":{"rendered":"<p>Ensemble compos\u00e9 d&rsquo;un animal en peluche en tissu \u00e9ponge super doux et d&rsquo;une couverture\/serviette de bain.<\/p>\n","protected":false},"featured_media":56101,"comment_status":"closed","ping_status":"closed","template":"","meta":{"_lmt_disableupdate":"no","_lmt_disable":""},"product_brand":[],"product_cat":[446,445],"product_tag":[],"woo-feed-brand":[],"class_list":{"0":"post-41259","1":"product","2":"type-product","3":"status-publish","4":"has-post-thumbnail","6":"product_cat-jouets-en-peluche","7":"product_cat-playtime-fr","9":"first","10":"outofstock","11":"taxable","12":"shipping-taxable","13":"purchasable","14":"product-type-simple"},"_links":{"self":[{"href":"https:\/\/www.bojungle.eu\/fr\/wp-json\/wp\/v2\/product\/41259","targetHints":{"allow":["GET"]}}],"collection":[{"href":"https:\/\/www.bojungle.eu\/fr\/wp-json\/wp\/v2\/product"}],"about":[{"href":"https:\/\/www.bojungle.eu\/fr\/wp-json\/wp\/v2\/types\/product"}],"replies":[{"embeddable":true,"href":"https:\/\/www.bojungle.eu\/fr\/wp-json\/wp\/v2\/comments?post=41259"}],"version-history":[{"count":0,"href":"https:\/\/www.bojungle.eu\/fr\/wp-json\/wp\/v2\/product\/41259\/revisions"}],"wp:featuredmedia":[{"embeddable":true,"href":"https:\/\/www.bojungle.eu\/fr\/wp-json\/wp\/v2\/media\/56101"}],"wp:attachment":[{"href":"https:\/\/www.bojungle.eu\/fr\/wp-json\/wp\/v2\/media?parent=41259"}],"wp:term":[{"taxonomy":"product_brand","embeddable":true,"href":"https:\/\/www.bojungle.eu\/fr\/wp-json\/wp\/v2\/product_brand?post=41259"},{"taxonomy":"product_cat","embeddable":true,"href":"https:\/\/www.bojungle.eu\/fr\/wp-json\/wp\/v2\/product_cat?post=41259"},{"taxonomy":"product_tag","embeddable":true,"href":"https:\/\/www.bojungle.eu\/fr\/wp-json\/wp\/v2\/product_tag?post=41259"},{"taxonomy":"woo-feed-brand","embeddable":true,"href":"https:\/\/www.bojungle.eu\/fr\/wp-json\/wp\/v2\/woo-feed-brand?post=41259"}],"curies":[{"name":"wp","href":"https:\/\/api.w.org\/{rel}","templated":true}]}}