{"id":41300,"date":"2022-05-29T11:39:01","date_gmt":"2022-05-29T09:39:01","guid":{"rendered":"https:\/\/dev.authority.biz\/boj\/product\/jouet-peluche-b-zimbe-lelephant\/"},"modified":"2023-10-02T10:07:31","modified_gmt":"2023-10-02T08:07:31","slug":"b-plush-toy-zimbe-lelephant","status":"publish","type":"product","link":"https:\/\/www.bojungle.eu\/fr\/produit\/b-plush-toy-zimbe-lelephant\/","title":{"rendered":"Grande peluche Zimbe l\u2019\u00c9l\u00e9phant"},"content":{"rendered":"<ul>\n<li>Magnifique \u00e9l\u00e9phant en peluche en tissu \u00e9ponge super doux<\/li>\n<li>Facile \u00e0 entretenir, lavable en machine<\/li>\n<li>Dimensions : +-30 cm<\/li>\n<\/ul>\n","protected":false},"excerpt":{"rendered":"<p>Magnifique \u00e9l\u00e9phant en peluche en tissu \u00e9ponge super doux<\/p>\n","protected":false},"featured_media":56009,"comment_status":"closed","ping_status":"closed","template":"","meta":{"_lmt_disableupdate":"no","_lmt_disable":""},"product_brand":[],"product_cat":[446,445],"product_tag":[],"woo-feed-brand":[],"class_list":{"0":"post-41300","1":"product","2":"type-product","3":"status-publish","4":"has-post-thumbnail","6":"product_cat-jouets-en-peluche","7":"product_cat-playtime-fr","9":"first","10":"instock","11":"taxable","12":"shipping-taxable","13":"purchasable","14":"product-type-simple"},"_links":{"self":[{"href":"https:\/\/www.bojungle.eu\/fr\/wp-json\/wp\/v2\/product\/41300","targetHints":{"allow":["GET"]}}],"collection":[{"href":"https:\/\/www.bojungle.eu\/fr\/wp-json\/wp\/v2\/product"}],"about":[{"href":"https:\/\/www.bojungle.eu\/fr\/wp-json\/wp\/v2\/types\/product"}],"replies":[{"embeddable":true,"href":"https:\/\/www.bojungle.eu\/fr\/wp-json\/wp\/v2\/comments?post=41300"}],"version-history":[{"count":0,"href":"https:\/\/www.bojungle.eu\/fr\/wp-json\/wp\/v2\/product\/41300\/revisions"}],"wp:featuredmedia":[{"embeddable":true,"href":"https:\/\/www.bojungle.eu\/fr\/wp-json\/wp\/v2\/media\/56009"}],"wp:attachment":[{"href":"https:\/\/www.bojungle.eu\/fr\/wp-json\/wp\/v2\/media?parent=41300"}],"wp:term":[{"taxonomy":"product_brand","embeddable":true,"href":"https:\/\/www.bojungle.eu\/fr\/wp-json\/wp\/v2\/product_brand?post=41300"},{"taxonomy":"product_cat","embeddable":true,"href":"https:\/\/www.bojungle.eu\/fr\/wp-json\/wp\/v2\/product_cat?post=41300"},{"taxonomy":"product_tag","embeddable":true,"href":"https:\/\/www.bojungle.eu\/fr\/wp-json\/wp\/v2\/product_tag?post=41300"},{"taxonomy":"woo-feed-brand","embeddable":true,"href":"https:\/\/www.bojungle.eu\/fr\/wp-json\/wp\/v2\/woo-feed-brand?post=41300"}],"curies":[{"name":"wp","href":"https:\/\/api.w.org\/{rel}","templated":true}]}}