{"id":41306,"date":"2022-05-29T11:36:33","date_gmt":"2022-05-29T09:36:33","guid":{"rendered":"https:\/\/dev.authority.biz\/boj\/product\/hochet-b-plush-zimbe-lelephant\/"},"modified":"2023-10-02T10:14:16","modified_gmt":"2023-10-02T08:14:16","slug":"b-plush-rattle-zimbe-the-elephant-2","status":"publish","type":"product","link":"https:\/\/www.bojungle.eu\/fr\/produit\/b-plush-rattle-zimbe-the-elephant-2\/","title":{"rendered":"Hochet Peluche Zimbe l&rsquo;\u00e9l\u00e9phant"},"content":{"rendered":"<ul>\n<li>Des hochets en tissu \u00e9ponge super doux qui ne manqueront pas d&rsquo;amuser votre b\u00e9b\u00e9.<\/li>\n<li>Des cloches douces \u00e0 l&rsquo;int\u00e9rieur<\/li>\n<\/ul>\n","protected":false},"excerpt":{"rendered":"<p>Des hochets en tissu \u00e9ponge super doux qui ne manqueront pas d&rsquo;amuser votre b\u00e9b\u00e9.<\/p>\n","protected":false},"featured_media":55896,"comment_status":"closed","ping_status":"closed","template":"","meta":{"_lmt_disableupdate":"no","_lmt_disable":""},"product_brand":[],"product_cat":[446,445],"product_tag":[],"woo-feed-brand":[],"class_list":{"0":"post-41306","1":"product","2":"type-product","3":"status-publish","4":"has-post-thumbnail","6":"product_cat-jouets-en-peluche","7":"product_cat-playtime-fr","9":"first","10":"instock","11":"taxable","12":"shipping-taxable","13":"purchasable","14":"product-type-simple"},"_links":{"self":[{"href":"https:\/\/www.bojungle.eu\/fr\/wp-json\/wp\/v2\/product\/41306","targetHints":{"allow":["GET"]}}],"collection":[{"href":"https:\/\/www.bojungle.eu\/fr\/wp-json\/wp\/v2\/product"}],"about":[{"href":"https:\/\/www.bojungle.eu\/fr\/wp-json\/wp\/v2\/types\/product"}],"replies":[{"embeddable":true,"href":"https:\/\/www.bojungle.eu\/fr\/wp-json\/wp\/v2\/comments?post=41306"}],"version-history":[{"count":0,"href":"https:\/\/www.bojungle.eu\/fr\/wp-json\/wp\/v2\/product\/41306\/revisions"}],"wp:featuredmedia":[{"embeddable":true,"href":"https:\/\/www.bojungle.eu\/fr\/wp-json\/wp\/v2\/media\/55896"}],"wp:attachment":[{"href":"https:\/\/www.bojungle.eu\/fr\/wp-json\/wp\/v2\/media?parent=41306"}],"wp:term":[{"taxonomy":"product_brand","embeddable":true,"href":"https:\/\/www.bojungle.eu\/fr\/wp-json\/wp\/v2\/product_brand?post=41306"},{"taxonomy":"product_cat","embeddable":true,"href":"https:\/\/www.bojungle.eu\/fr\/wp-json\/wp\/v2\/product_cat?post=41306"},{"taxonomy":"product_tag","embeddable":true,"href":"https:\/\/www.bojungle.eu\/fr\/wp-json\/wp\/v2\/product_tag?post=41306"},{"taxonomy":"woo-feed-brand","embeddable":true,"href":"https:\/\/www.bojungle.eu\/fr\/wp-json\/wp\/v2\/woo-feed-brand?post=41306"}],"curies":[{"name":"wp","href":"https:\/\/api.w.org\/{rel}","templated":true}]}}