{"id":41345,"date":"2022-05-29T11:36:02","date_gmt":"2022-05-29T09:36:02","guid":{"rendered":"https:\/\/dev.authority.biz\/boj\/product\/b-play-gym-grey-apple\/"},"modified":"2023-09-29T11:53:13","modified_gmt":"2023-09-29T09:53:13","slug":"b-play-gym-gris-pomme","status":"publish","type":"product","link":"https:\/\/www.bojungle.eu\/fr\/produit\/b-play-gym-gris-pomme\/","title":{"rendered":"B-Tapis d\u2019eveil Pomme Gris"},"content":{"rendered":"<p>Ce tapis de jeu ne n\u00e9cessite pas beaucoup d&rsquo;efforts. Il est d\u00e9j\u00e0 clair sur la photo que ce tapis de jeu a \u00e9t\u00e9 fabriqu\u00e9 avec beaucoup de soin et d&rsquo;habilet\u00e9. Les arcs contiennent 4 peluches, de plus vous trouverez des feuilles de cracker sur le tapis de jeu qui stimuleront certainement les sens de votre petit. Gr\u00e2ce au velboa, votre enfant sera couch\u00e9 sur un tapis de jeu extr\u00eamement doux et agr\u00e9able.<\/p>\n","protected":false},"excerpt":{"rendered":"<p>Ce tapis de jeu ne n\u00e9cessite pas beaucoup d&rsquo;efforts. Il est d\u00e9j\u00e0 clair sur la photo que ce tapis de jeu a \u00e9t\u00e9 fabriqu\u00e9 avec beaucoup de soin et d&rsquo;habilet\u00e9. Les arcs contiennent 4 peluches, de plus vous trouverez des feuilles de cracker sur le tapis de jeu qui stimuleront certainement les sens de votre petit. Gr\u00e2ce au velboa, votre enfant sera couch\u00e9 sur un tapis de jeu extr\u00eamement doux et agr\u00e9able.<\/p>\n","protected":false},"featured_media":74840,"comment_status":"closed","ping_status":"closed","template":"","meta":{"_lmt_disableupdate":"no","_lmt_disable":""},"product_brand":[],"product_cat":[615,445],"product_tag":[],"woo-feed-brand":[],"class_list":{"0":"post-41345","1":"product","2":"type-product","3":"status-publish","4":"has-post-thumbnail","6":"product_cat-jouets-dactivite","7":"product_cat-playtime-fr","9":"first","10":"instock","11":"taxable","12":"shipping-taxable","13":"purchasable","14":"product-type-simple"},"_links":{"self":[{"href":"https:\/\/www.bojungle.eu\/fr\/wp-json\/wp\/v2\/product\/41345","targetHints":{"allow":["GET"]}}],"collection":[{"href":"https:\/\/www.bojungle.eu\/fr\/wp-json\/wp\/v2\/product"}],"about":[{"href":"https:\/\/www.bojungle.eu\/fr\/wp-json\/wp\/v2\/types\/product"}],"replies":[{"embeddable":true,"href":"https:\/\/www.bojungle.eu\/fr\/wp-json\/wp\/v2\/comments?post=41345"}],"version-history":[{"count":0,"href":"https:\/\/www.bojungle.eu\/fr\/wp-json\/wp\/v2\/product\/41345\/revisions"}],"wp:featuredmedia":[{"embeddable":true,"href":"https:\/\/www.bojungle.eu\/fr\/wp-json\/wp\/v2\/media\/74840"}],"wp:attachment":[{"href":"https:\/\/www.bojungle.eu\/fr\/wp-json\/wp\/v2\/media?parent=41345"}],"wp:term":[{"taxonomy":"product_brand","embeddable":true,"href":"https:\/\/www.bojungle.eu\/fr\/wp-json\/wp\/v2\/product_brand?post=41345"},{"taxonomy":"product_cat","embeddable":true,"href":"https:\/\/www.bojungle.eu\/fr\/wp-json\/wp\/v2\/product_cat?post=41345"},{"taxonomy":"product_tag","embeddable":true,"href":"https:\/\/www.bojungle.eu\/fr\/wp-json\/wp\/v2\/product_tag?post=41345"},{"taxonomy":"woo-feed-brand","embeddable":true,"href":"https:\/\/www.bojungle.eu\/fr\/wp-json\/wp\/v2\/woo-feed-brand?post=41345"}],"curies":[{"name":"wp","href":"https:\/\/api.w.org\/{rel}","templated":true}]}}