{"id":41415,"date":"2022-05-29T11:30:39","date_gmt":"2022-05-29T09:30:39","guid":{"rendered":"https:\/\/dev.authority.biz\/boj\/product\/chaine-b-pacifier-bleu\/"},"modified":"2023-09-29T11:33:25","modified_gmt":"2023-09-29T09:33:25","slug":"b-pacificateur-chaine-bleu","status":"publish","type":"product","link":"https:\/\/www.bojungle.eu\/fr\/produit\/b-pacificateur-chaine-bleu\/","title":{"rendered":"Attache-Sucette en Bois Bleu"},"content":{"rendered":"<ul>\n<li>Les cha\u00eenes de t\u00e9tines les plus mignonnes que vous ayez jamais vues !<\/li>\n<li>B\u00e9b\u00e9 ne perdra plus jamais sa sucette gr\u00e2ce \u00e0 ces jolis attache-sucettes.<\/li>\n<li>Fabriqu\u00e9 en bois de h\u00eatre naturel et en fil<\/li>\n<li>Clip de s\u00e9curit\u00e9 pour b\u00e9b\u00e9 approuv\u00e9 par le CE<\/li>\n<\/ul>\n","protected":false},"excerpt":{"rendered":"<p>Les cha\u00eenes de t\u00e9tines les plus mignonnes que vous ayez jamais vues !<\/p>\n","protected":false},"featured_media":74760,"comment_status":"closed","ping_status":"closed","template":"","meta":{"_lmt_disableupdate":"no","_lmt_disable":""},"product_brand":[],"product_cat":[600],"product_tag":[],"woo-feed-brand":[],"class_list":{"0":"post-41415","1":"product","2":"type-product","3":"status-publish","4":"has-post-thumbnail","6":"product_cat-jouets-de-dentition","8":"first","9":"instock","10":"taxable","11":"shipping-taxable","12":"purchasable","13":"product-type-simple"},"_links":{"self":[{"href":"https:\/\/www.bojungle.eu\/fr\/wp-json\/wp\/v2\/product\/41415","targetHints":{"allow":["GET"]}}],"collection":[{"href":"https:\/\/www.bojungle.eu\/fr\/wp-json\/wp\/v2\/product"}],"about":[{"href":"https:\/\/www.bojungle.eu\/fr\/wp-json\/wp\/v2\/types\/product"}],"replies":[{"embeddable":true,"href":"https:\/\/www.bojungle.eu\/fr\/wp-json\/wp\/v2\/comments?post=41415"}],"version-history":[{"count":0,"href":"https:\/\/www.bojungle.eu\/fr\/wp-json\/wp\/v2\/product\/41415\/revisions"}],"wp:featuredmedia":[{"embeddable":true,"href":"https:\/\/www.bojungle.eu\/fr\/wp-json\/wp\/v2\/media\/74760"}],"wp:attachment":[{"href":"https:\/\/www.bojungle.eu\/fr\/wp-json\/wp\/v2\/media?parent=41415"}],"wp:term":[{"taxonomy":"product_brand","embeddable":true,"href":"https:\/\/www.bojungle.eu\/fr\/wp-json\/wp\/v2\/product_brand?post=41415"},{"taxonomy":"product_cat","embeddable":true,"href":"https:\/\/www.bojungle.eu\/fr\/wp-json\/wp\/v2\/product_cat?post=41415"},{"taxonomy":"product_tag","embeddable":true,"href":"https:\/\/www.bojungle.eu\/fr\/wp-json\/wp\/v2\/product_tag?post=41415"},{"taxonomy":"woo-feed-brand","embeddable":true,"href":"https:\/\/www.bojungle.eu\/fr\/wp-json\/wp\/v2\/woo-feed-brand?post=41415"}],"curies":[{"name":"wp","href":"https:\/\/api.w.org\/{rel}","templated":true}]}}