{"id":41484,"date":"2022-05-29T11:29:51","date_gmt":"2022-05-29T09:29:51","guid":{"rendered":"https:\/\/dev.authority.biz\/boj\/product\/b-elephant-piano\/"},"modified":"2024-05-08T11:39:16","modified_gmt":"2024-05-08T09:39:16","slug":"b-elephant-piano-2","status":"publish","type":"product","link":"https:\/\/www.bojungle.eu\/fr\/produit\/b-elephant-piano-2\/","title":{"rendered":"E&rsquo;L&rsquo;E&rsquo;Phant Piano"},"content":{"rendered":"<div id=\"description\" class=\"tab-pane fade in active\" role=\"tabpanel\">\n<div class=\"product-description\">\n<p>Voici le piano E&rsquo;Le&rsquo;Phant &#8211; un plaisir musical pour les b\u00e9b\u00e9s ! Il est con\u00e7u pour les b\u00e9b\u00e9s de 6 mois et plus, avec de nombreuses fonctions amusantes pour les aider \u00e0 apprendre et \u00e0 jouer. Il y a des lumi\u00e8res et de la musique que les b\u00e9b\u00e9s adorent, ainsi que des parties qui bougent pour les garder occup\u00e9s.<\/p>\n<p>Ce qu&rsquo;il y a \u00e0 l&rsquo;int\u00e9rieur :<\/p>\n<ul>\n<li><strong>Piano lumineux et musical : <\/strong> Ce piano s&rsquo;illumine et joue de la musique, ce qui le rend tr\u00e8s amusant pour les b\u00e9b\u00e9s.<\/li>\n<li><strong>Aide \u00e0 l&rsquo;apprentissage des mouvements de la main : <\/strong> Les boutons du piano aident les b\u00e9b\u00e9s \u00e0 apprendre \u00e0 bouger leurs mains et leurs doigts.<\/li>\n<li><b>Diff\u00e9rents modes :<\/b> apprentissage et mode musical<\/li>\n<\/ul>\n<p>Le piano E&rsquo;Le&rsquo;Phant, c&rsquo;est tout \u00e0 la fois le plaisir et l&rsquo;apprentissage ! Laissez votre enfant explorer la musique et le mouvement avec ce jouet passionnant ! <\/p>\n<\/div>\n<\/div>\n<div id=\"product-details\" class=\"tab-pane fade\" style=\"box-sizing: inherit; opacity: 1; transition: opacity 0.15s linear 0s; display: block; margin-bottom: 20px; color: #000000; font-family: Roboto, Arial, Helvetica, sans-serif; font-size: 13px; font-style: normal; font-variant-ligatures: normal; font-variant-caps: normal; font-weight: 400; letter-spacing: normal; orphans: 2; text-align: start; text-indent: 0px; text-transform: none; white-space: normal; widows: 2; word-spacing: 0px; -webkit-text-stroke-width: 0px; background-color: #ffffff; text-decoration-thickness: initial; text-decoration-style: initial; text-decoration-color: initial;\" role=\"tabpanel\" data-product=\"{\"id_shop_default\":\"1\",\"id_manufacturer\":\"0\",\"id_supplier\":\"0\",\"reference\":\"B925300\",\"is_virtual\":\"0\",\"delivery_in_stock\":\"\",\"delivery_out_stock\":\"\",\"id_category_default\":\"346\",\"on_sale\":\"0\",\"online_only\":\"0\",\"ecotax\":0,\"minimal_quantity\":\"1\",\"low_stock_threshold\":null,\"low_stock_alert\":\"0\",\"price\":\"u20ac4.99\",\"unity\":\"\",\"unit_price_ratio\":\"0.000000\",\"additional_shipping_cost\":\"0.000000\",\"customizable\":\"0\",\"text_fields\":\"0\",\"uploadable_files\":\"0\",\"redirect_type\":\"301-category\",\"id_type_redirected\":\"0\",\"available_for_order\":\"1\",\"available_date\":\"0000-00-00\",\"show_condition\":\"0\",\"condition\":\"new\",\"show_price\":\"1\",\"indexed\":\"1\",\"visibility\":\"both\",\"cache_default_attribute\":\"0\",\"advanced_stock_management\":\"0\",\"date_add\":\"2021-10-06 13:37:28\",\"date_upd\":\"2022-02-01 10:25:15\",\"pack_stock_type\":\"0\",\"meta_description\":\"Discover our B-E'Le'Phant Piano from the product range: Playing | Bo Jungle\",\"meta_keywords\":\"\",\"meta_title\":\"B-E'Le'Phant Piano | Bo Jungle\",\"link_rewrite\":\"b-e-le-phant-piano\",\"name\":\"B-E'Le'Phant Piano\",\"description\":\"&lt;encoded_tag_open \/&gt;p&lt;encoded_tag_closed \/&gt;This toy is designed for babies of 6 months and older. It features a number of interactive and moving parts that help to improve dexterity and fine motor skills. It also encourages musical exploration and learning, through play.&lt;encoded_tag_open \/&gt;\/p&lt;encoded_tag_closed \/&gt;\",\"description_short\":\"&lt;encoded_tag_open \/&gt;p&lt;encoded_tag_closed \/&gt;B-E-Le-Phant Piano&lt;encoded_tag_open \/&gt;\/p&lt;encoded_tag_closed \/&gt;\",\"available_now\":\"\",\"available_later\":\"\",\"id\":1071,\"id_product\":1071,\"out_of_stock\":0,\"new\":0,\"id_product_attribute\":\"0\",\"quantity_wanted\":1,\"extraContent\":[],\"allow_oosp\":true,\"category\":\"klein-speelgoed\",\"category_name\":\"Small toys\",\"link\":\"https:\/\/bojungle.eu\/gb\/klein-speelgoed\/1071-b-e-le-phant-piano.html\",\"attribute_price\":0,\"price_tax_exc\":4.99,\"price_without_reduction\":4.99,\"reduction\":0,\"specific_prices\":[],\"quantity\":0,\"quantity_all_versions\":0,\"id_image\":\"gb-default\",\"features\":[],\"attachments\":[],\"virtual\":0,\"pack\":0,\"packItems\":[],\"nopackprice\":0,\"customization_required\":false,\"rate\":0,\"tax_name\":\"\",\"ecotax_rate\":0,\"unit_price\":\"\",\"customizations\":{\"fields\":[]},\"id_customization\":0,\"is_customizable\":false,\"show_quantities\":false,\"quantity_label\":\"Item\",\"quantity_discounts\":[],\"customer_group_discount\":0,\"images\":[{\"bySize\":{\"small_default\":{\"url\":\"https:\/\/bojungle.eu\/3251-small_default\/b-e-le-phant-piano.jpg\",\"width\":98,\"height\":98},\"cart_default\":{\"url\":\"https:\/\/bojungle.eu\/3251-cart_default\/b-e-le-phant-piano.jpg\",\"width\":125,\"height\":125},\"home_default\":{\"url\":\"https:\/\/bojungle.eu\/3251-home_default\/b-e-le-phant-piano.jpg\",\"width\":259,\"height\":259},\"medium_default\":{\"url\":\"https:\/\/bojungle.eu\/3251-medium_default\/b-e-le-phant-piano.jpg\",\"width\":452,\"height\":452},\"large_default\":{\"url\":\"https:\/\/bojungle.eu\/3251-large_default\/b-e-le-phant-piano.jpg\",\"width\":800,\"height\":800}},\"small\":{\"url\":\"https:\/\/bojungle.eu\/3251-small_default\/b-e-le-phant-piano.jpg\",\"width\":98,\"height\":98},\"medium\":{\"url\":\"https:\/\/bojungle.eu\/3251-home_default\/b-e-le-phant-piano.jpg\",\"width\":259,\"height\":259},\"large\":{\"url\":\"https:\/\/bojungle.eu\/3251-large_default\/b-e-le-phant-piano.jpg\",\"width\":800,\"height\":800},\"legend\":\"\",\"id_image\":\"3251\",\"cover\":\"1\",\"position\":\"1\",\"associatedVariants\":[]}],\"cover\":{\"bySize\":{\"small_default\":{\"url\":\"https:\/\/bojungle.eu\/3251-small_default\/b-e-le-phant-piano.jpg\",\"width\":98,\"height\":98},\"cart_default\":{\"url\":\"https:\/\/bojungle.eu\/3251-cart_default\/b-e-le-phant-piano.jpg\",\"width\":125,\"height\":125},\"home_default\":{\"url\":\"https:\/\/bojungle.eu\/3251-home_default\/b-e-le-phant-piano.jpg\",\"width\":259,\"height\":259},\"medium_default\":{\"url\":\"https:\/\/bojungle.eu\/3251-medium_default\/b-e-le-phant-piano.jpg\",\"width\":452,\"height\":452},\"large_default\":{\"url\":\"https:\/\/bojungle.eu\/3251-large_default\/b-e-le-phant-piano.jpg\",\"width\":800,\"height\":800}},\"small\":{\"url\":\"https:\/\/bojungle.eu\/3251-small_default\/b-e-le-phant-piano.jpg\",\"width\":98,\"height\":98},\"medium\":{\"url\":\"https:\/\/bojungle.eu\/3251-home_default\/b-e-le-phant-piano.jpg\",\"width\":259,\"height\":259},\"large\":{\"url\":\"https:\/\/bojungle.eu\/3251-large_default\/b-e-le-phant-piano.jpg\",\"width\":800,\"height\":800},\"legend\":\"\",\"id_image\":\"3251\",\"cover\":\"1\",\"position\":\"1\",\"associatedVariants\":[]},\"has_discount\":false,\"discount_type\":null,\"discount_percentage\":null,\"discount_percentage_absolute\":null,\"discount_amount\":null,\"discount_amount_to_display\":null,\"price_amount\":4.99,\"unit_price_full\":\"\",\"show_availability\":false,\"availability_message\":null,\"availability_date\":null,\"availability\":null}\"><\/div>\n","protected":false},"excerpt":{"rendered":"<div id=\"description\" class=\"tab-pane fade in active\" role=\"tabpanel\">\n<div class=\"product-description\">\n<p>Le piano E&rsquo;Le&rsquo;Phant est con\u00e7u pour les b\u00e9b\u00e9s de 6 mois et plus. Ce piano interactif comporte des lumi\u00e8res, de la musique et des pi\u00e8ces mobiles qui captivent votre enfant. Avec des boutons et des molettes \u00e0 explorer, il aide \u00e0 d\u00e9velopper les mouvements de la main tout en offrant diff\u00e9rents modes d&rsquo;apprentissage et de jeu musical. <\/p>\n<\/div>\n<\/div>\n<div id=\"product-details\" class=\"tab-pane fade\" style=\"box-sizing: inherit; opacity: 1; transition: opacity 0.15s linear 0s; display: block; margin-bottom: 20px; color: #000000; font-family: Roboto, Arial, Helvetica, sans-serif; font-size: 13px; font-style: normal; font-variant-ligatures: normal; font-variant-caps: normal; font-weight: 400; letter-spacing: normal; orphans: 2; text-align: start; text-indent: 0px; text-transform: none; white-space: normal; widows: 2; word-spacing: 0px; -webkit-text-stroke-width: 0px; background-color: #ffffff; text-decoration-thickness: initial; text-decoration-style: initial; text-decoration-color: initial;\" role=\"tabpanel\" data-product=\"{\"id_shop_default\":\"1\",\"id_manufacturer\":\"0\",\"id_supplier\":\"0\",\"reference\":\"B925300\",\"is_virtual\":\"0\",\"delivery_in_stock\":\"\",\"delivery_out_stock\":\"\",\"id_category_default\":\"346\",\"on_sale\":\"0\",\"online_only\":\"0\",\"ecotax\":0,\"minimal_quantity\":\"1\",\"low_stock_threshold\":null,\"low_stock_alert\":\"0\",\"price\":\"u20ac4.99\",\"unity\":\"\",\"unit_price_ratio\":\"0.000000\",\"additional_shipping_cost\":\"0.000000\",\"customizable\":\"0\",\"text_fields\":\"0\",\"uploadable_files\":\"0\",\"redirect_type\":\"301-category\",\"id_type_redirected\":\"0\",\"available_for_order\":\"1\",\"available_date\":\"0000-00-00\",\"show_condition\":\"0\",\"condition\":\"new\",\"show_price\":\"1\",\"indexed\":\"1\",\"visibility\":\"both\",\"cache_default_attribute\":\"0\",\"advanced_stock_management\":\"0\",\"date_add\":\"2021-10-06 13:37:28\",\"date_upd\":\"2022-02-01 10:25:15\",\"pack_stock_type\":\"0\",\"meta_description\":\"Discover our B-E'Le'Phant Piano from the product range: Playing | Bo Jungle\",\"meta_keywords\":\"\",\"meta_title\":\"B-E'Le'Phant Piano | Bo Jungle\",\"link_rewrite\":\"b-e-le-phant-piano\",\"name\":\"B-E'Le'Phant Piano\",\"description\":\"&lt;encoded_tag_open \/&gt;p&lt;encoded_tag_closed \/&gt;This toy is designed for babies of 6 months and older. It features a number of interactive and moving parts that help to improve dexterity and fine motor skills. It also encourages musical exploration and learning, through play.&lt;encoded_tag_open \/&gt;\/p&lt;encoded_tag_closed \/&gt;\",\"description_short\":\"&lt;encoded_tag_open \/&gt;p&lt;encoded_tag_closed \/&gt;B-E-Le-Phant Piano&lt;encoded_tag_open \/&gt;\/p&lt;encoded_tag_closed \/&gt;\",\"available_now\":\"\",\"available_later\":\"\",\"id\":1071,\"id_product\":1071,\"out_of_stock\":0,\"new\":0,\"id_product_attribute\":\"0\",\"quantity_wanted\":1,\"extraContent\":[],\"allow_oosp\":true,\"category\":\"klein-speelgoed\",\"category_name\":\"Small toys\",\"link\":\"https:\/\/bojungle.eu\/gb\/klein-speelgoed\/1071-b-e-le-phant-piano.html\",\"attribute_price\":0,\"price_tax_exc\":4.99,\"price_without_reduction\":4.99,\"reduction\":0,\"specific_prices\":[],\"quantity\":0,\"quantity_all_versions\":0,\"id_image\":\"gb-default\",\"features\":[],\"attachments\":[],\"virtual\":0,\"pack\":0,\"packItems\":[],\"nopackprice\":0,\"customization_required\":false,\"rate\":0,\"tax_name\":\"\",\"ecotax_rate\":0,\"unit_price\":\"\",\"customizations\":{\"fields\":[]},\"id_customization\":0,\"is_customizable\":false,\"show_quantities\":false,\"quantity_label\":\"Item\",\"quantity_discounts\":[],\"customer_group_discount\":0,\"images\":[{\"bySize\":{\"small_default\":{\"url\":\"https:\/\/bojungle.eu\/3251-small_default\/b-e-le-phant-piano.jpg\",\"width\":98,\"height\":98},\"cart_default\":{\"url\":\"https:\/\/bojungle.eu\/3251-cart_default\/b-e-le-phant-piano.jpg\",\"width\":125,\"height\":125},\"home_default\":{\"url\":\"https:\/\/bojungle.eu\/3251-home_default\/b-e-le-phant-piano.jpg\",\"width\":259,\"height\":259},\"medium_default\":{\"url\":\"https:\/\/bojungle.eu\/3251-medium_default\/b-e-le-phant-piano.jpg\",\"width\":452,\"height\":452},\"large_default\":{\"url\":\"https:\/\/bojungle.eu\/3251-large_default\/b-e-le-phant-piano.jpg\",\"width\":800,\"height\":800}},\"small\":{\"url\":\"https:\/\/bojungle.eu\/3251-small_default\/b-e-le-phant-piano.jpg\",\"width\":98,\"height\":98},\"medium\":{\"url\":\"https:\/\/bojungle.eu\/3251-home_default\/b-e-le-phant-piano.jpg\",\"width\":259,\"height\":259},\"large\":{\"url\":\"https:\/\/bojungle.eu\/3251-large_default\/b-e-le-phant-piano.jpg\",\"width\":800,\"height\":800},\"legend\":\"\",\"id_image\":\"3251\",\"cover\":\"1\",\"position\":\"1\",\"associatedVariants\":[]}],\"cover\":{\"bySize\":{\"small_default\":{\"url\":\"https:\/\/bojungle.eu\/3251-small_default\/b-e-le-phant-piano.jpg\",\"width\":98,\"height\":98},\"cart_default\":{\"url\":\"https:\/\/bojungle.eu\/3251-cart_default\/b-e-le-phant-piano.jpg\",\"width\":125,\"height\":125},\"home_default\":{\"url\":\"https:\/\/bojungle.eu\/3251-home_default\/b-e-le-phant-piano.jpg\",\"width\":259,\"height\":259},\"medium_default\":{\"url\":\"https:\/\/bojungle.eu\/3251-medium_default\/b-e-le-phant-piano.jpg\",\"width\":452,\"height\":452},\"large_default\":{\"url\":\"https:\/\/bojungle.eu\/3251-large_default\/b-e-le-phant-piano.jpg\",\"width\":800,\"height\":800}},\"small\":{\"url\":\"https:\/\/bojungle.eu\/3251-small_default\/b-e-le-phant-piano.jpg\",\"width\":98,\"height\":98},\"medium\":{\"url\":\"https:\/\/bojungle.eu\/3251-home_default\/b-e-le-phant-piano.jpg\",\"width\":259,\"height\":259},\"large\":{\"url\":\"https:\/\/bojungle.eu\/3251-large_default\/b-e-le-phant-piano.jpg\",\"width\":800,\"height\":800},\"legend\":\"\",\"id_image\":\"3251\",\"cover\":\"1\",\"position\":\"1\",\"associatedVariants\":[]},\"has_discount\":false,\"discount_type\":null,\"discount_percentage\":null,\"discount_percentage_absolute\":null,\"discount_amount\":null,\"discount_amount_to_display\":null,\"price_amount\":4.99,\"unit_price_full\":\"\",\"show_availability\":false,\"availability_message\":null,\"availability_date\":null,\"availability\":null}\"><\/div>\n","protected":false},"featured_media":71623,"comment_status":"closed","ping_status":"closed","template":"","meta":{"_lmt_disableupdate":"no","_lmt_disable":""},"product_brand":[],"product_cat":[496,615,616,445],"product_tag":[],"woo-feed-brand":[],"class_list":{"0":"post-41484","1":"product","2":"type-product","3":"status-publish","4":"has-post-thumbnail","6":"product_cat-des-jouets-colores","7":"product_cat-jouets-dactivite","8":"product_cat-jouets-musicaux","9":"product_cat-playtime-fr","11":"first","12":"instock","13":"taxable","14":"shipping-taxable","15":"purchasable","16":"product-type-simple"},"_links":{"self":[{"href":"https:\/\/www.bojungle.eu\/fr\/wp-json\/wp\/v2\/product\/41484","targetHints":{"allow":["GET"]}}],"collection":[{"href":"https:\/\/www.bojungle.eu\/fr\/wp-json\/wp\/v2\/product"}],"about":[{"href":"https:\/\/www.bojungle.eu\/fr\/wp-json\/wp\/v2\/types\/product"}],"replies":[{"embeddable":true,"href":"https:\/\/www.bojungle.eu\/fr\/wp-json\/wp\/v2\/comments?post=41484"}],"version-history":[{"count":1,"href":"https:\/\/www.bojungle.eu\/fr\/wp-json\/wp\/v2\/product\/41484\/revisions"}],"predecessor-version":[{"id":75654,"href":"https:\/\/www.bojungle.eu\/fr\/wp-json\/wp\/v2\/product\/41484\/revisions\/75654"}],"wp:featuredmedia":[{"embeddable":true,"href":"https:\/\/www.bojungle.eu\/fr\/wp-json\/wp\/v2\/media\/71623"}],"wp:attachment":[{"href":"https:\/\/www.bojungle.eu\/fr\/wp-json\/wp\/v2\/media?parent=41484"}],"wp:term":[{"taxonomy":"product_brand","embeddable":true,"href":"https:\/\/www.bojungle.eu\/fr\/wp-json\/wp\/v2\/product_brand?post=41484"},{"taxonomy":"product_cat","embeddable":true,"href":"https:\/\/www.bojungle.eu\/fr\/wp-json\/wp\/v2\/product_cat?post=41484"},{"taxonomy":"product_tag","embeddable":true,"href":"https:\/\/www.bojungle.eu\/fr\/wp-json\/wp\/v2\/product_tag?post=41484"},{"taxonomy":"woo-feed-brand","embeddable":true,"href":"https:\/\/www.bojungle.eu\/fr\/wp-json\/wp\/v2\/woo-feed-brand?post=41484"}],"curies":[{"name":"wp","href":"https:\/\/api.w.org\/{rel}","templated":true}]}}