{"id":41535,"date":"2022-05-29T11:29:48","date_gmt":"2022-05-29T09:29:48","guid":{"rendered":"https:\/\/dev.authority.biz\/boj\/product\/b-mon-premier-telephone-intelligent-rouge\/"},"modified":"2023-09-29T13:36:53","modified_gmt":"2023-09-29T11:36:53","slug":"b-mon-premier-telephone-smart-rood","status":"publish","type":"product","link":"https:\/\/www.bojungle.eu\/fr\/produit\/b-mon-premier-telephone-smart-rood\/","title":{"rendered":"B-Mon Premier Smartphone Rouge"},"content":{"rendered":"<p>Ce jouet convient aux enfants de 12 mois et plus.<\/p>\n<p>\u00c0 cet \u00e2ge, les enfants d\u00e9veloppent un fort sentiment de curiosit\u00e9 et aiment imiter leurs parents. Ce smartphone jouet divertira certainement votre petit et constitue une fonction amusante pour aider votre enfant \u00e0 apprendre tout en jouant.<\/p>\n","protected":false},"excerpt":{"rendered":"<p>Ce smartphone jouet divertira certainement votre petit et constitue une fonction amusante pour aider votre enfant \u00e0 apprendre tout en jouant.<\/p>\n","protected":false},"featured_media":71573,"comment_status":"closed","ping_status":"closed","template":"","meta":{"_lmt_disableupdate":"no","_lmt_disable":""},"product_brand":[],"product_cat":[496,615,616,445],"product_tag":[],"woo-feed-brand":[],"class_list":{"0":"post-41535","1":"product","2":"type-product","3":"status-publish","4":"has-post-thumbnail","6":"product_cat-des-jouets-colores","7":"product_cat-jouets-dactivite","8":"product_cat-jouets-musicaux","9":"product_cat-playtime-fr","11":"first","12":"instock","13":"taxable","14":"shipping-taxable","15":"purchasable","16":"product-type-simple"},"_links":{"self":[{"href":"https:\/\/www.bojungle.eu\/fr\/wp-json\/wp\/v2\/product\/41535","targetHints":{"allow":["GET"]}}],"collection":[{"href":"https:\/\/www.bojungle.eu\/fr\/wp-json\/wp\/v2\/product"}],"about":[{"href":"https:\/\/www.bojungle.eu\/fr\/wp-json\/wp\/v2\/types\/product"}],"replies":[{"embeddable":true,"href":"https:\/\/www.bojungle.eu\/fr\/wp-json\/wp\/v2\/comments?post=41535"}],"version-history":[{"count":0,"href":"https:\/\/www.bojungle.eu\/fr\/wp-json\/wp\/v2\/product\/41535\/revisions"}],"wp:featuredmedia":[{"embeddable":true,"href":"https:\/\/www.bojungle.eu\/fr\/wp-json\/wp\/v2\/media\/71573"}],"wp:attachment":[{"href":"https:\/\/www.bojungle.eu\/fr\/wp-json\/wp\/v2\/media?parent=41535"}],"wp:term":[{"taxonomy":"product_brand","embeddable":true,"href":"https:\/\/www.bojungle.eu\/fr\/wp-json\/wp\/v2\/product_brand?post=41535"},{"taxonomy":"product_cat","embeddable":true,"href":"https:\/\/www.bojungle.eu\/fr\/wp-json\/wp\/v2\/product_cat?post=41535"},{"taxonomy":"product_tag","embeddable":true,"href":"https:\/\/www.bojungle.eu\/fr\/wp-json\/wp\/v2\/product_tag?post=41535"},{"taxonomy":"woo-feed-brand","embeddable":true,"href":"https:\/\/www.bojungle.eu\/fr\/wp-json\/wp\/v2\/woo-feed-brand?post=41535"}],"curies":[{"name":"wp","href":"https:\/\/api.w.org\/{rel}","templated":true}]}}