{"id":41578,"date":"2022-05-29T11:29:48","date_gmt":"2022-05-29T09:29:48","guid":{"rendered":"https:\/\/dev.authority.biz\/boj\/product\/coussin-de-col-b-zimbe-lelephant\/"},"modified":"2023-10-02T13:21:14","modified_gmt":"2023-10-02T11:21:14","slug":"b-coussin-cou-zimbe-lelephant","status":"publish","type":"product","link":"https:\/\/www.bojungle.eu\/fr\/produit\/b-coussin-cou-zimbe-lelephant\/","title":{"rendered":"B-Coussin Cale-T\u00eate Zimbe l&rsquo;\u00e9l\u00e9phant"},"content":{"rendered":"<ul>\n<li>Oreiller doux pour le cou, de taille enfantine, qui rendra les longs voyages beaucoup plus confortables pour votre enfant.<\/li>\n<li>C\u00f4t\u00e9 inf\u00e9rieur en polaire<\/li>\n<li>Facile \u00e0 entretenir, lavable en machine<\/li>\n<\/ul>\n","protected":false},"excerpt":{"rendered":"<p>Oreiller doux pour le cou, de taille enfantine, qui rendra les longs voyages beaucoup plus confortables pour votre enfant.<\/p>\n","protected":false},"featured_media":68471,"comment_status":"closed","ping_status":"closed","template":"","meta":{"_lmt_disableupdate":"no","_lmt_disable":""},"product_brand":[],"product_cat":[636,635],"product_tag":[],"woo-feed-brand":[],"class_list":{"0":"post-41578","1":"product","2":"type-product","3":"status-publish","4":"has-post-thumbnail","6":"product_cat-accessoires-dexterieur","7":"product_cat-exterieur","9":"first","10":"instock","11":"taxable","12":"shipping-taxable","13":"purchasable","14":"product-type-simple"},"_links":{"self":[{"href":"https:\/\/www.bojungle.eu\/fr\/wp-json\/wp\/v2\/product\/41578","targetHints":{"allow":["GET"]}}],"collection":[{"href":"https:\/\/www.bojungle.eu\/fr\/wp-json\/wp\/v2\/product"}],"about":[{"href":"https:\/\/www.bojungle.eu\/fr\/wp-json\/wp\/v2\/types\/product"}],"replies":[{"embeddable":true,"href":"https:\/\/www.bojungle.eu\/fr\/wp-json\/wp\/v2\/comments?post=41578"}],"version-history":[{"count":1,"href":"https:\/\/www.bojungle.eu\/fr\/wp-json\/wp\/v2\/product\/41578\/revisions"}],"predecessor-version":[{"id":48891,"href":"https:\/\/www.bojungle.eu\/fr\/wp-json\/wp\/v2\/product\/41578\/revisions\/48891"}],"wp:featuredmedia":[{"embeddable":true,"href":"https:\/\/www.bojungle.eu\/fr\/wp-json\/wp\/v2\/media\/68471"}],"wp:attachment":[{"href":"https:\/\/www.bojungle.eu\/fr\/wp-json\/wp\/v2\/media?parent=41578"}],"wp:term":[{"taxonomy":"product_brand","embeddable":true,"href":"https:\/\/www.bojungle.eu\/fr\/wp-json\/wp\/v2\/product_brand?post=41578"},{"taxonomy":"product_cat","embeddable":true,"href":"https:\/\/www.bojungle.eu\/fr\/wp-json\/wp\/v2\/product_cat?post=41578"},{"taxonomy":"product_tag","embeddable":true,"href":"https:\/\/www.bojungle.eu\/fr\/wp-json\/wp\/v2\/product_tag?post=41578"},{"taxonomy":"woo-feed-brand","embeddable":true,"href":"https:\/\/www.bojungle.eu\/fr\/wp-json\/wp\/v2\/woo-feed-brand?post=41578"}],"curies":[{"name":"wp","href":"https:\/\/api.w.org\/{rel}","templated":true}]}}