{"id":41590,"date":"2022-05-29T11:29:47","date_gmt":"2022-05-29T09:29:47","guid":{"rendered":"https:\/\/dev.authority.biz\/boj\/product\/b-luxury-grooming-set-gris\/"},"modified":"2024-03-01T16:00:02","modified_gmt":"2024-03-01T15:00:02","slug":"b-luxury-grooming-set-grey-fr","status":"publish","type":"product","link":"https:\/\/www.bojungle.eu\/fr\/produit\/b-luxury-grooming-set-grey-fr\/","title":{"rendered":"Trousse et set de soins luxe complet gris"},"content":{"rendered":"<p>D\u00e9couvrez notre ensemble de toilettage de luxe pour b\u00e9b\u00e9 en gris ! Il contient tout ce dont vous avez besoin pour prendre soin de votre tout-petit \u2013 un total de 15 articles ! <\/p>\n<ol>\n<li><strong>Soins des ongles<\/strong> : Nous avons des limes, des ciseaux et une tondeuse pour garder ces petits ongles propres et bien rang\u00e9s.<\/li>\n<li><strong>Brosses \u00e0 dents :<\/strong> il y en a une ordinaire et une petite pour les petits doigts pour aider \u00e0 garder ces blancs nacr\u00e9s propres.<\/li>\n<li><strong>Soins capillaires :<\/strong> Un peigne et une brosse douce pour garder les cheveux de votre b\u00e9b\u00e9 \u00e0 leur meilleur.<\/li>\n<li><strong>Outils m\u00e9dicamenteux :<\/strong> nous avons inclus une seringue pour administrer des m\u00e9dicaments liquides avec pr\u00e9cision.<\/li>\n<li><strong>V\u00e9rificateurs de temp\u00e9rature :<\/strong> un thermom\u00e8tre num\u00e9rique pour v\u00e9rifier la temp\u00e9rature de votre b\u00e9b\u00e9 et un thermom\u00e8tre sp\u00e9cial pour le bain pour s&rsquo;assurer qu&rsquo;elle est parfaite.<\/li>\n<li><strong>Mouche b\u00e9b\u00e9 :<\/strong> Aide \u00e0 d\u00e9gager le nez bouch\u00e9 de votre b\u00e9b\u00e9 pour faciliter la respiration.<\/li>\n<\/ol>\n<p>Le sac dans lequel tout est livr\u00e9 est super tendance et offre beaucoup d&rsquo;espace pour des extras comme du shampoing et de la lotion. De plus, il est livr\u00e9 avec un cintre pour que vous puissiez l&rsquo;accrocher \u00e0 un crochet lorsque vous \u00eates en d\u00e9placement. Et ne vous inqui\u00e9tez pas des d\u00e9versements : le sac est fait d&rsquo;un mat\u00e9riau de bonne qualit\u00e9 que vous pouvez jeter dans la machine \u00e0 laver lorsqu&rsquo;il a besoin d&rsquo;\u00eatre nettoy\u00e9. Alors, gardez votre b\u00e9b\u00e9 en pleine forme avec notre ensemble de soins pour b\u00e9b\u00e9 en gris !   <\/p>\n","protected":false},"excerpt":{"rendered":"<p>D\u00e9couvrez notre Set de Toilettage Luxe Gris ! Avec 15 articles essentiels, dont des outils de soin des ongles, des brosses \u00e0 dents, des accessoires de soins capillaires et bien plus encore, cet ensemble contient tout ce dont vous avez besoin pour garder votre tout-petit propre et confortable. Le sac \u00e9l\u00e9gant offre un rangement pratique et est lavable en machine pour un nettoyage facile. Am\u00e9liorez la routine de toilettage de votre b\u00e9b\u00e9 avec cet ensemble indispensable d\u00e8s aujourd&rsquo;hui !   <\/p>\n","protected":false},"featured_media":67440,"comment_status":"closed","ping_status":"closed","template":"","meta":{"_lmt_disableupdate":"no","_lmt_disable":""},"product_brand":[],"product_cat":[581,510],"product_tag":[],"woo-feed-brand":[],"class_list":{"0":"post-41590","1":"product","2":"type-product","3":"status-publish","4":"has-post-thumbnail","6":"product_cat-la-beaute-et-la-sante-du-bebe","7":"product_cat-soins","9":"first","10":"instock","11":"featured","12":"taxable","13":"shipping-taxable","14":"purchasable","15":"product-type-simple"},"_links":{"self":[{"href":"https:\/\/www.bojungle.eu\/fr\/wp-json\/wp\/v2\/product\/41590","targetHints":{"allow":["GET"]}}],"collection":[{"href":"https:\/\/www.bojungle.eu\/fr\/wp-json\/wp\/v2\/product"}],"about":[{"href":"https:\/\/www.bojungle.eu\/fr\/wp-json\/wp\/v2\/types\/product"}],"replies":[{"embeddable":true,"href":"https:\/\/www.bojungle.eu\/fr\/wp-json\/wp\/v2\/comments?post=41590"}],"version-history":[{"count":1,"href":"https:\/\/www.bojungle.eu\/fr\/wp-json\/wp\/v2\/product\/41590\/revisions"}],"predecessor-version":[{"id":67470,"href":"https:\/\/www.bojungle.eu\/fr\/wp-json\/wp\/v2\/product\/41590\/revisions\/67470"}],"wp:featuredmedia":[{"embeddable":true,"href":"https:\/\/www.bojungle.eu\/fr\/wp-json\/wp\/v2\/media\/67440"}],"wp:attachment":[{"href":"https:\/\/www.bojungle.eu\/fr\/wp-json\/wp\/v2\/media?parent=41590"}],"wp:term":[{"taxonomy":"product_brand","embeddable":true,"href":"https:\/\/www.bojungle.eu\/fr\/wp-json\/wp\/v2\/product_brand?post=41590"},{"taxonomy":"product_cat","embeddable":true,"href":"https:\/\/www.bojungle.eu\/fr\/wp-json\/wp\/v2\/product_cat?post=41590"},{"taxonomy":"product_tag","embeddable":true,"href":"https:\/\/www.bojungle.eu\/fr\/wp-json\/wp\/v2\/product_tag?post=41590"},{"taxonomy":"woo-feed-brand","embeddable":true,"href":"https:\/\/www.bojungle.eu\/fr\/wp-json\/wp\/v2\/woo-feed-brand?post=41590"}],"curies":[{"name":"wp","href":"https:\/\/api.w.org\/{rel}","templated":true}]}}