{"id":41624,"date":"2022-05-29T11:29:11","date_gmt":"2022-05-29T09:29:11","guid":{"rendered":"https:\/\/dev.authority.biz\/boj\/product\/b-light-music-hochet-koala\/"},"modified":"2023-09-29T13:51:48","modified_gmt":"2023-09-29T11:51:48","slug":"b-light-music-rattle-koala-2","status":"publish","type":"product","link":"https:\/\/www.bojungle.eu\/fr\/produit\/b-light-music-rattle-koala-2\/","title":{"rendered":"Hochet Sons et Lumi\u00e8re Koala"},"content":{"rendered":"<ul>\n<li>Conception l\u00e9g\u00e8re avec mat\u00e9riau sans peinture et accessoire de morsure int\u00e9gr\u00e9<\/li>\n<li>Quatre modes<\/li>\n<li>Lumi\u00e8re clignotante<\/li>\n<li>Capteur int\u00e9gr\u00e9<\/li>\n<li>Jouet \u00e0 mordre<\/li>\n<\/ul>\n","protected":false},"excerpt":{"rendered":"<p>Conception l\u00e9g\u00e8re avec mat\u00e9riau sans peinture et accessoire de morsure int\u00e9gr\u00e9<\/p>\n","protected":false},"featured_media":55015,"comment_status":"closed","ping_status":"closed","template":"","meta":{"_lmt_disableupdate":"no","_lmt_disable":""},"product_brand":[],"product_cat":[496,673,615,616,445],"product_tag":[],"woo-feed-brand":[],"class_list":{"0":"post-41624","1":"product","2":"type-product","3":"status-publish","4":"has-post-thumbnail","6":"product_cat-des-jouets-colores","7":"product_cat-hochets","8":"product_cat-jouets-dactivite","9":"product_cat-jouets-musicaux","10":"product_cat-playtime-fr","12":"first","13":"instock","14":"taxable","15":"shipping-taxable","16":"purchasable","17":"product-type-simple"},"_links":{"self":[{"href":"https:\/\/www.bojungle.eu\/fr\/wp-json\/wp\/v2\/product\/41624","targetHints":{"allow":["GET"]}}],"collection":[{"href":"https:\/\/www.bojungle.eu\/fr\/wp-json\/wp\/v2\/product"}],"about":[{"href":"https:\/\/www.bojungle.eu\/fr\/wp-json\/wp\/v2\/types\/product"}],"replies":[{"embeddable":true,"href":"https:\/\/www.bojungle.eu\/fr\/wp-json\/wp\/v2\/comments?post=41624"}],"version-history":[{"count":0,"href":"https:\/\/www.bojungle.eu\/fr\/wp-json\/wp\/v2\/product\/41624\/revisions"}],"wp:featuredmedia":[{"embeddable":true,"href":"https:\/\/www.bojungle.eu\/fr\/wp-json\/wp\/v2\/media\/55015"}],"wp:attachment":[{"href":"https:\/\/www.bojungle.eu\/fr\/wp-json\/wp\/v2\/media?parent=41624"}],"wp:term":[{"taxonomy":"product_brand","embeddable":true,"href":"https:\/\/www.bojungle.eu\/fr\/wp-json\/wp\/v2\/product_brand?post=41624"},{"taxonomy":"product_cat","embeddable":true,"href":"https:\/\/www.bojungle.eu\/fr\/wp-json\/wp\/v2\/product_cat?post=41624"},{"taxonomy":"product_tag","embeddable":true,"href":"https:\/\/www.bojungle.eu\/fr\/wp-json\/wp\/v2\/product_tag?post=41624"},{"taxonomy":"woo-feed-brand","embeddable":true,"href":"https:\/\/www.bojungle.eu\/fr\/wp-json\/wp\/v2\/woo-feed-brand?post=41624"}],"curies":[{"name":"wp","href":"https:\/\/api.w.org\/{rel}","templated":true}]}}