{"id":42811,"date":"2022-05-29T11:29:10","date_gmt":"2022-05-29T09:29:10","guid":{"rendered":"https:\/\/bojungle.eu\/shop\/product\/cle-b-en-silicone-gris-blanc-bleu-rose\/"},"modified":"2024-04-11T13:50:15","modified_gmt":"2024-04-11T11:50:15","slug":"b-keys-silicone-gris-blanc-bleu-rose","status":"publish","type":"product","link":"https:\/\/www.bojungle.eu\/fr\/produit\/b-keys-silicone-gris-blanc-bleu-rose\/","title":{"rendered":"Cl\u00e9s en silicone (gris, blanc, bleu, rose)"},"content":{"rendered":"<p>D\u00e9couvrez nos cl\u00e9s en silicone (grises, blanches, bleues, roses) &#8211; elles sont indispensables pour les jeux de votre enfant ! Fabriqu\u00e9es en silicone \u00e9cologique, ces cl\u00e9s sont plus que de simples jouets de dentition. Avec des cl\u00e9s d\u00e9tach\u00e9es entourant le jouet de dentition central, elles offrent un design facile \u00e0 saisir, parfait pour que les petites mains puissent explorer et jouer avec. Non seulement elles soulagent l&rsquo;inconfort des pouss\u00e9es dentaires, mais elles stimulent \u00e9galement les sens de votre b\u00e9b\u00e9 gr\u00e2ce \u00e0 leurs couleurs vives et \u00e0 leurs formes vari\u00e9es. Imaginez la joie sur le visage de votre enfant lorsqu&rsquo;il d\u00e9couvre les diff\u00e9rentes textures et teintes ! Et voici la cerise sur le g\u00e2teau : Le set Keys Silicone n&rsquo;est pas seulement sans danger pour votre b\u00e9b\u00e9, mais aussi pour la plan\u00e8te. Fabriqu\u00e9 en silicone de haute qualit\u00e9, vous pouvez \u00eatre s\u00fbr que les jeux de votre b\u00e9b\u00e9 sont \u00e0 la fois agr\u00e9ables et respectueux de l&rsquo;environnement. Pourquoi se contenter de jouets ordinaires alors que vous pouvez am\u00e9liorer l&rsquo;exp\u00e9rience de jeu de votre b\u00e9b\u00e9 avec notre set de cl\u00e9s en silicone ? Ajoutez une touche de couleur, de confort et de respect de l&rsquo;environnement \u00e0 l&rsquo;univers de votre b\u00e9b\u00e9 d\u00e8s aujourd&rsquo;hui !  <\/p>\n","protected":false},"excerpt":{"rendered":"<div class=\"w-full text-token-text-primary\" dir=\"auto\" data-testid=\"conversation-turn-5\">\n<div class=\"px-4 py-2 justify-center text-base md:gap-6 m-auto\">\n<div class=\"flex flex-1 text-base mx-auto gap-3 juice:gap-4 juice:md:gap-6 md:px-5 lg:px-1 xl:px-5 md:max-w-3xl lg:max-w-[40rem] xl:max-w-[48rem] group\">\n<div class=\"relative flex w-full flex-col agent-turn\">\n<div class=\"flex-col gap-1 md:gap-3\">\n<div class=\"flex flex-grow flex-col max-w-full\">\n<div class=\"min-h-[20px] text-message flex flex-col items-start gap-3 whitespace-pre-wrap break-words [.text-message+&amp;]:mt-5 overflow-x-auto\" dir=\"auto\" data-message-author-role=\"assistant\" data-message-id=\"17b7d7b6-b91e-4499-b753-bc31b4cdf645\">\n<div class=\"markdown prose w-full break-words dark:prose-invert light\">\n<p>D\u00e9couvrez nos cl\u00e9s en silicone (gris, blanc, bleu, rose) &#8211; elles sont fantastiques pour votre enfant ! Fabriqu\u00e9es en silicone \u00e9cologique, ces cl\u00e9s ne sont pas seulement destin\u00e9es \u00e0 la dentition. Elles sont \u00e9galement parfaites comme jouets de pr\u00e9hension gr\u00e2ce aux cl\u00e9s d\u00e9tach\u00e9es autour de la dentition principale. De plus, elles existent en diff\u00e9rentes couleurs et formes, ce qui est tr\u00e8s amusant pour les sens de votre b\u00e9b\u00e9. Et le meilleur ? Ils sont sans danger pour votre b\u00e9b\u00e9 et pour l&rsquo;environnement. Alors, pourquoi attendre ? Achetez votre set de cl\u00e9s en silicone d\u00e8s aujourd&rsquo;hui !       <\/p>\n<\/div>\n<\/div>\n<\/div>\n<\/div>\n<div class=\"absolute\">\n<div class=\"flex w-full gap-2 items-center justify-center\"><\/div>\n<\/div>\n<\/div>\n<\/div>\n<\/div>\n<\/div>\n<div class=\"w-full text-token-text-primary\" dir=\"auto\" data-testid=\"conversation-turn-6\">\n<div class=\"px-4 py-2 justify-center text-base md:gap-6 m-auto\">\n<div class=\"flex flex-1 text-base mx-auto gap-3 juice:gap-4 juice:md:gap-6 md:px-5 lg:px-1 xl:px-5 md:max-w-3xl lg:max-w-[40rem] xl:max-w-[48rem] group\">\n<div class=\"flex-shrink-0 flex flex-col relative items-end\">\n<div>\n<div class=\"pt-0.5\">\n<div class=\"gizmo-shadow-stroke flex h-6 w-6 items-center justify-center overflow-hidden rounded-full\"><\/div>\n<\/div>\n<\/div>\n<\/div>\n<\/div>\n<\/div>\n<\/div>\n","protected":false},"featured_media":73012,"comment_status":"closed","ping_status":"closed","template":"","meta":{"_lmt_disableupdate":"no","_lmt_disable":""},"product_brand":[],"product_cat":[501,445],"product_tag":[],"woo-feed-brand":[],"class_list":{"0":"post-42811","1":"product","2":"type-product","3":"status-publish","4":"has-post-thumbnail","6":"product_cat-jouets-en-silicone","7":"product_cat-playtime-fr","9":"first","10":"instock","11":"taxable","12":"shipping-taxable","13":"purchasable","14":"product-type-simple"},"_links":{"self":[{"href":"https:\/\/www.bojungle.eu\/fr\/wp-json\/wp\/v2\/product\/42811","targetHints":{"allow":["GET"]}}],"collection":[{"href":"https:\/\/www.bojungle.eu\/fr\/wp-json\/wp\/v2\/product"}],"about":[{"href":"https:\/\/www.bojungle.eu\/fr\/wp-json\/wp\/v2\/types\/product"}],"replies":[{"embeddable":true,"href":"https:\/\/www.bojungle.eu\/fr\/wp-json\/wp\/v2\/comments?post=42811"}],"version-history":[{"count":1,"href":"https:\/\/www.bojungle.eu\/fr\/wp-json\/wp\/v2\/product\/42811\/revisions"}],"predecessor-version":[{"id":73034,"href":"https:\/\/www.bojungle.eu\/fr\/wp-json\/wp\/v2\/product\/42811\/revisions\/73034"}],"wp:featuredmedia":[{"embeddable":true,"href":"https:\/\/www.bojungle.eu\/fr\/wp-json\/wp\/v2\/media\/73012"}],"wp:attachment":[{"href":"https:\/\/www.bojungle.eu\/fr\/wp-json\/wp\/v2\/media?parent=42811"}],"wp:term":[{"taxonomy":"product_brand","embeddable":true,"href":"https:\/\/www.bojungle.eu\/fr\/wp-json\/wp\/v2\/product_brand?post=42811"},{"taxonomy":"product_cat","embeddable":true,"href":"https:\/\/www.bojungle.eu\/fr\/wp-json\/wp\/v2\/product_cat?post=42811"},{"taxonomy":"product_tag","embeddable":true,"href":"https:\/\/www.bojungle.eu\/fr\/wp-json\/wp\/v2\/product_tag?post=42811"},{"taxonomy":"woo-feed-brand","embeddable":true,"href":"https:\/\/www.bojungle.eu\/fr\/wp-json\/wp\/v2\/woo-feed-brand?post=42811"}],"curies":[{"name":"wp","href":"https:\/\/api.w.org\/{rel}","templated":true}]}}