{"id":42826,"date":"2022-05-29T11:29:10","date_gmt":"2022-05-29T09:29:10","guid":{"rendered":"https:\/\/bojungle.eu\/shop\/product\/b-light-music-hochet-giraf\/"},"modified":"2024-10-03T14:51:56","modified_gmt":"2024-10-03T12:51:56","slug":"b-light-music-rattle-giraf","status":"publish","type":"product","link":"https:\/\/www.bojungle.eu\/fr\/produit\/b-light-music-rattle-giraf\/","title":{"rendered":"B-Light &amp; Music Hochet Giraf"},"content":{"rendered":"<p>Initiez votre b\u00e9b\u00e9 \u00e0 un monde de plaisir sensoriel avec le hochet lumi\u00e8re et musique ! Con\u00e7u pour captiver les tout-petits, cet adorable hochet s&rsquo;illumine de fa\u00e7on ludique et joue de la musique d&rsquo;une simple secousse. Votre b\u00e9b\u00e9 adorera m\u00e2chouiller ses oreilles douces et s\u00fbres, ce qui en fera son nouveau compagnon pr\u00e9f\u00e9r\u00e9 !   Caract\u00e9ristiques principales : <\/p>\n<ul>\n<li><strong>L\u00e9ger et facile \u00e0 tenir : <\/strong>parfait pour les petites mains qui peuvent le saisir et le secouer sans effort.<\/li>\n<li><strong>Mat\u00e9riaux s\u00fbrs et sans peinture : <\/strong>Fabriqu\u00e9 avec des mat\u00e9riaux non toxiques, les b\u00e9b\u00e9s peuvent l&rsquo;explorer en toute s\u00e9curit\u00e9.<\/li>\n<li><strong>Quatre modes d&rsquo;amusement <\/strong>: Choisissez entre les lumi\u00e8res clignotantes, la musique ou une combinaison des deux pour divertir et apaiser.<\/li>\n<li><strong>Capteur int\u00e9gr\u00e9 :<\/strong> Active automatiquement les lumi\u00e8res et les sons lorsqu&rsquo;on le secoue.<\/li>\n<li><strong>Jouet \u00e0 mordre doux : <\/strong>doux pour les gencives, id\u00e9al pour les b\u00e9b\u00e9s qui font leurs dents.<\/li>\n<\/ul>\n<p> M\u00e9lange parfait d&rsquo;amusement et de fonctionnalit\u00e9, ce hochet ne manquera pas d&rsquo;amuser et d&rsquo;occuper votre b\u00e9b\u00e9 !<\/p>\n","protected":false},"excerpt":{"rendered":"<div class=\"flex max-w-full flex-col flex-grow\">\n<div class=\"min-h-8 text-message flex w-full flex-col items-end gap-2 whitespace-normal break-words [.text-message+&amp;]:mt-5\" dir=\"auto\" data-message-author-role=\"assistant\" data-message-id=\"cf1fb747-2e09-4348-b15e-3b3c290653a5\">\n<div class=\"flex w-full flex-col gap-1 empty:hidden first:pt-[3px]\">\n<div class=\"markdown prose w-full break-words dark:prose-invert light\"> Secouez pour illuminer le monde de votre b\u00e9b\u00e9 ! Le hochet Light  Music clignote avec des lumi\u00e8res color\u00e9es et joue de la musique, tandis que ses oreilles douces et mordillables apaisent les gencives qui percent les dents. Fabriqu\u00e9 dans un mat\u00e9riau s\u00fbr, sans peinture et l\u00e9ger, il est facile \u00e0 saisir et plein de plaisir sensoriel !   <\/div>\n<\/div>\n<\/div>\n<\/div>\n<div class=\"mb-2 flex gap-3 empty:hidden -ml-2\">\n<div class=\"items-center justify-start rounded-xl p-1 flex\">\n<div class=\"flex items-center\">\n<div class=\"flex\"><\/div>\n<div class=\"flex items-center pb-0\"><\/div>\n<\/div>\n<\/div>\n<\/div>\n","protected":false},"featured_media":78193,"comment_status":"closed","ping_status":"closed","template":"","meta":{"_lmt_disableupdate":"no","_lmt_disable":""},"product_brand":[],"product_cat":[496,673,615,616,445],"product_tag":[],"woo-feed-brand":[],"class_list":{"0":"post-42826","1":"product","2":"type-product","3":"status-publish","4":"has-post-thumbnail","6":"product_cat-des-jouets-colores","7":"product_cat-hochets","8":"product_cat-jouets-dactivite","9":"product_cat-jouets-musicaux","10":"product_cat-playtime-fr","12":"first","13":"instock","14":"taxable","15":"shipping-taxable","16":"purchasable","17":"product-type-simple"},"_links":{"self":[{"href":"https:\/\/www.bojungle.eu\/fr\/wp-json\/wp\/v2\/product\/42826","targetHints":{"allow":["GET"]}}],"collection":[{"href":"https:\/\/www.bojungle.eu\/fr\/wp-json\/wp\/v2\/product"}],"about":[{"href":"https:\/\/www.bojungle.eu\/fr\/wp-json\/wp\/v2\/types\/product"}],"replies":[{"embeddable":true,"href":"https:\/\/www.bojungle.eu\/fr\/wp-json\/wp\/v2\/comments?post=42826"}],"version-history":[{"count":1,"href":"https:\/\/www.bojungle.eu\/fr\/wp-json\/wp\/v2\/product\/42826\/revisions"}],"predecessor-version":[{"id":78223,"href":"https:\/\/www.bojungle.eu\/fr\/wp-json\/wp\/v2\/product\/42826\/revisions\/78223"}],"wp:featuredmedia":[{"embeddable":true,"href":"https:\/\/www.bojungle.eu\/fr\/wp-json\/wp\/v2\/media\/78193"}],"wp:attachment":[{"href":"https:\/\/www.bojungle.eu\/fr\/wp-json\/wp\/v2\/media?parent=42826"}],"wp:term":[{"taxonomy":"product_brand","embeddable":true,"href":"https:\/\/www.bojungle.eu\/fr\/wp-json\/wp\/v2\/product_brand?post=42826"},{"taxonomy":"product_cat","embeddable":true,"href":"https:\/\/www.bojungle.eu\/fr\/wp-json\/wp\/v2\/product_cat?post=42826"},{"taxonomy":"product_tag","embeddable":true,"href":"https:\/\/www.bojungle.eu\/fr\/wp-json\/wp\/v2\/product_tag?post=42826"},{"taxonomy":"woo-feed-brand","embeddable":true,"href":"https:\/\/www.bojungle.eu\/fr\/wp-json\/wp\/v2\/woo-feed-brand?post=42826"}],"curies":[{"name":"wp","href":"https:\/\/api.w.org\/{rel}","templated":true}]}}