{"id":42834,"date":"2022-05-29T11:29:10","date_gmt":"2022-05-29T09:29:10","guid":{"rendered":"https:\/\/bojungle.eu\/shop\/product\/b-table-dapprentissage-et-de-decouverte\/"},"modified":"2025-08-06T14:49:33","modified_gmt":"2025-08-06T12:49:33","slug":"b-learn-discovery-table","status":"publish","type":"product","link":"https:\/\/www.bojungle.eu\/fr\/produit\/b-learn-discovery-table\/","title":{"rendered":"B-Table d&rsquo;apprentissage et de d\u00e9couverte"},"content":{"rendered":"<p>Voici notre table d&rsquo;apprentissage et de d\u00e9couverte, parfaite pour votre petit explorateur !<\/p>\n<p>Cette table est tr\u00e8s color\u00e9e et propose de nombreuses activit\u00e9s amusantes. L\u00e2chez la balle sur la table et regardez-la tourner avant qu&rsquo;elle ne tombe dans le trou. C&rsquo;est comme de la magie ! Cela aide votre enfant \u00e0 suivre les choses des yeux.   <\/p>\n<p>Mais attends, ce n&rsquo;est pas tout ! Appuie sur les dents de l&rsquo;hippopotame et tu entendras de la musique et des sons d&rsquo;animaux. C&rsquo;est tr\u00e8s amusant ! Et cela permet \u00e0 votre enfant d&rsquo;apprendre comment fonctionnent les choses.   <\/p>\n<p>Avec des lumi\u00e8res et de la musique, cette table est un v\u00e9ritable plaisir pour les sens. Votre enfant adorera jouer et apprendre avec elle ! <\/p>\n<p>Pr\u00e9parez-vous \u00e0 des heures d&rsquo;amusement et d&rsquo;apprentissage avec notre table d&rsquo;apprentissage et de d\u00e9couverte !<\/p>\n<p>&nbsp;<\/p>\n<table border=\"1\">\n<tbody>\n<tr>\n<td>Manuel<\/td>\n<td><a href=\"https:\/\/www.bojungle.eu\/wp-content\/uploads\/2025\/08\/Manual-B925210-2.pdf\">Cliquez ici<\/a><\/td>\n<\/tr>\n<\/tbody>\n<\/table>\n","protected":false},"excerpt":{"rendered":"<div class=\"flex-1 overflow-hidden\">\n<div class=\"react-scroll-to-bottom--css-jpaix-79elbk h-full\">\n<div class=\"react-scroll-to-bottom--css-jpaix-1n7m0yu\">\n<div class=\"flex flex-col text-sm pb-9\">\n<div class=\"w-full text-token-text-primary\" dir=\"auto\" data-testid=\"conversation-turn-7\" data-scroll-anchor=\"true\">\n<div class=\"py-2 px-3 text-base md:px-4 m-auto md:px-5 lg:px-1 xl:px-5\">\n<div class=\"mx-auto flex flex-1 gap-3 text-base juice:gap-4 juice:md:gap-6 md:max-w-3xl lg:max-w-[40rem] xl:max-w-[48rem]\">\n<div class=\"relative flex w-full min-w-0 flex-col agent-turn\">\n<div class=\"flex-col gap-1 md:gap-3\">\n<div class=\"flex flex-grow flex-col max-w-full\">\n<div class=\"min-h-[20px] text-message flex flex-col items-start whitespace-pre-wrap break-words [.text-message+&amp;]:mt-5 overflow-x-auto gap-3\" dir=\"auto\" data-message-author-role=\"assistant\" data-message-id=\"e862e374-493f-440c-bba9-50430143b1bf\">\n<div class=\"markdown prose w-full break-words dark:prose-invert light\">\n<p>Voici notre table d&rsquo;apprentissage et de d\u00e9couverte ! Avec des balles color\u00e9es qui tournent et tombent dans des trous, une musique amusante et des sons d&rsquo;animaux sympas, elle est parfaite pour que les petits apprennent et jouent. Regardez votre enfant explorer les causes et les effets tout en s&rsquo;amusant avec les lumi\u00e8res et la musique !  <\/p>\n<\/div>\n<\/div>\n<\/div>\n<\/div>\n<\/div>\n<\/div>\n<\/div>\n<\/div>\n<\/div>\n<\/div>\n<\/div>\n<\/div>\n","protected":false},"featured_media":71513,"comment_status":"closed","ping_status":"closed","template":"","meta":{"_lmt_disableupdate":"no","_lmt_disable":""},"product_brand":[],"product_cat":[496,615,616,445,1339],"product_tag":[1025,1026,1027,1028,1029,1030,1024],"woo-feed-brand":[],"class_list":{"0":"post-42834","1":"product","2":"type-product","3":"status-publish","4":"has-post-thumbnail","6":"product_cat-des-jouets-colores","7":"product_cat-jouets-dactivite","8":"product_cat-jouets-musicaux","9":"product_cat-playtime-fr","10":"product_cat-soldes","11":"product_tag-activite","12":"product_tag-apprendre","13":"product_tag-decouverte","14":"product_tag-jeux-de-balle","15":"product_tag-lumieres","16":"product_tag-musique","17":"product_tag-table-fr","19":"first","20":"instock","21":"sale","22":"taxable","23":"shipping-taxable","24":"purchasable","25":"product-type-simple"},"_links":{"self":[{"href":"https:\/\/www.bojungle.eu\/fr\/wp-json\/wp\/v2\/product\/42834","targetHints":{"allow":["GET"]}}],"collection":[{"href":"https:\/\/www.bojungle.eu\/fr\/wp-json\/wp\/v2\/product"}],"about":[{"href":"https:\/\/www.bojungle.eu\/fr\/wp-json\/wp\/v2\/types\/product"}],"replies":[{"embeddable":true,"href":"https:\/\/www.bojungle.eu\/fr\/wp-json\/wp\/v2\/comments?post=42834"}],"version-history":[{"count":2,"href":"https:\/\/www.bojungle.eu\/fr\/wp-json\/wp\/v2\/product\/42834\/revisions"}],"predecessor-version":[{"id":80814,"href":"https:\/\/www.bojungle.eu\/fr\/wp-json\/wp\/v2\/product\/42834\/revisions\/80814"}],"wp:featuredmedia":[{"embeddable":true,"href":"https:\/\/www.bojungle.eu\/fr\/wp-json\/wp\/v2\/media\/71513"}],"wp:attachment":[{"href":"https:\/\/www.bojungle.eu\/fr\/wp-json\/wp\/v2\/media?parent=42834"}],"wp:term":[{"taxonomy":"product_brand","embeddable":true,"href":"https:\/\/www.bojungle.eu\/fr\/wp-json\/wp\/v2\/product_brand?post=42834"},{"taxonomy":"product_cat","embeddable":true,"href":"https:\/\/www.bojungle.eu\/fr\/wp-json\/wp\/v2\/product_cat?post=42834"},{"taxonomy":"product_tag","embeddable":true,"href":"https:\/\/www.bojungle.eu\/fr\/wp-json\/wp\/v2\/product_tag?post=42834"},{"taxonomy":"woo-feed-brand","embeddable":true,"href":"https:\/\/www.bojungle.eu\/fr\/wp-json\/wp\/v2\/woo-feed-brand?post=42834"}],"curies":[{"name":"wp","href":"https:\/\/api.w.org\/{rel}","templated":true}]}}