{"id":42906,"date":"2022-05-29T11:26:15","date_gmt":"2022-05-29T09:26:15","guid":{"rendered":"https:\/\/bojungle.eu\/shop\/product\/poussette-reversible-b-genius-gris-clair\/"},"modified":"2023-10-02T13:24:15","modified_gmt":"2023-10-02T11:24:15","slug":"b-genius-poussette-reversible-gris-clair","status":"publish","type":"product","link":"https:\/\/www.bojungle.eu\/fr\/produit\/b-genius-poussette-reversible-gris-clair\/","title":{"rendered":"B-Genius Poussette Compacte R\u00e9versible Gris clair"},"content":{"rendered":"<ul>\n<li>La poussette qui se plie pour devenir un sac \u00e0 dos !<\/li>\n<li>Super compact lorsqu&rsquo;il est pli\u00e9 (47 cm x 43 cm x 23 cm)<\/li>\n<li>Il ne p\u00e8se que 6,34 kg !<\/li>\n<li>Utilisation bidirectionnelle : facile \u00e0 r\u00e9gler (pi\u00e8ces incluses) &#8211; Structure en aluminium &#8211; Dossier r\u00e9glable : peut \u00eatre allong\u00e9 jusqu&rsquo;\u00e0 170\u00b0 &#8211; Repose-pieds r\u00e9glable &#8211; Coussin de soutien amovible<\/li>\n<li>Peut \u00eatre plac\u00e9 verticalement lorsqu&rsquo;il est pli\u00e9 (convient comme bagage \u00e0 main dans l&rsquo;avion)<\/li>\n<li>Harnais de s\u00e9curit\u00e9 \u00e0 5 points<\/li>\n<li>Roues, toit solaire et barre de s\u00e9curit\u00e9 amovibles &#8211; Syst\u00e8me de freinage au pied sur les roues arri\u00e8re &#8211; Ventilation \u00e0 l&rsquo;arri\u00e8re<\/li>\n<li>Accessoires inclus : moustiquaire, protection contre la pluie, kit pour utilisation bidirectionnelle, sac de transport.<\/li>\n<li>En option : Si\u00e8ge auto, adaptateurs Maxi Cosi et adaptateur pour attacher deux poussettes l&rsquo;une \u00e0 l&rsquo;autre.<\/li>\n<li>\u00c2ge recommand\u00e9 : 0-36 mois, jusqu&rsquo;\u00e0 18 kg<\/li>\n<\/ul>\n","protected":false},"excerpt":{"rendered":"<p>La poussette qui se plie pour devenir un sac \u00e0 dos !<\/p>\n","protected":false},"featured_media":54666,"comment_status":"closed","ping_status":"closed","template":"","meta":{"_lmt_disableupdate":"no","_lmt_disable":""},"product_brand":[],"product_cat":[635,643],"product_tag":[],"woo-feed-brand":[],"class_list":{"0":"post-42906","1":"product","2":"type-product","3":"status-publish","4":"has-post-thumbnail","6":"product_cat-exterieur","7":"product_cat-poussettes","9":"first","10":"instock","11":"taxable","12":"shipping-taxable","13":"purchasable","14":"product-type-simple"},"_links":{"self":[{"href":"https:\/\/www.bojungle.eu\/fr\/wp-json\/wp\/v2\/product\/42906","targetHints":{"allow":["GET"]}}],"collection":[{"href":"https:\/\/www.bojungle.eu\/fr\/wp-json\/wp\/v2\/product"}],"about":[{"href":"https:\/\/www.bojungle.eu\/fr\/wp-json\/wp\/v2\/types\/product"}],"replies":[{"embeddable":true,"href":"https:\/\/www.bojungle.eu\/fr\/wp-json\/wp\/v2\/comments?post=42906"}],"version-history":[{"count":1,"href":"https:\/\/www.bojungle.eu\/fr\/wp-json\/wp\/v2\/product\/42906\/revisions"}],"predecessor-version":[{"id":48893,"href":"https:\/\/www.bojungle.eu\/fr\/wp-json\/wp\/v2\/product\/42906\/revisions\/48893"}],"wp:featuredmedia":[{"embeddable":true,"href":"https:\/\/www.bojungle.eu\/fr\/wp-json\/wp\/v2\/media\/54666"}],"wp:attachment":[{"href":"https:\/\/www.bojungle.eu\/fr\/wp-json\/wp\/v2\/media?parent=42906"}],"wp:term":[{"taxonomy":"product_brand","embeddable":true,"href":"https:\/\/www.bojungle.eu\/fr\/wp-json\/wp\/v2\/product_brand?post=42906"},{"taxonomy":"product_cat","embeddable":true,"href":"https:\/\/www.bojungle.eu\/fr\/wp-json\/wp\/v2\/product_cat?post=42906"},{"taxonomy":"product_tag","embeddable":true,"href":"https:\/\/www.bojungle.eu\/fr\/wp-json\/wp\/v2\/product_tag?post=42906"},{"taxonomy":"woo-feed-brand","embeddable":true,"href":"https:\/\/www.bojungle.eu\/fr\/wp-json\/wp\/v2\/woo-feed-brand?post=42906"}],"curies":[{"name":"wp","href":"https:\/\/api.w.org\/{rel}","templated":true}]}}