{"id":42928,"date":"2022-05-29T11:26:15","date_gmt":"2022-05-29T09:26:15","guid":{"rendered":"https:\/\/bojungle.eu\/shop\/product\/oreiller-de-soutien-de-la-tete-b-gris\/"},"modified":"2025-03-13T14:22:42","modified_gmt":"2025-03-13T13:22:42","slug":"b-support-de-tete-oreiller-gris","status":"publish","type":"product","link":"https:\/\/www.bojungle.eu\/fr\/produit\/b-support-de-tete-oreiller-gris\/","title":{"rendered":"Cale-t\u00eate Gris"},"content":{"rendered":"<p data-start=\"99\" data-end=\"346\">Offrez \u00e0 votre tout-petit le confort et le soutien dont il a besoin gr\u00e2ce \u00e0 notre coussin de soutien pour la t\u00eate. Con\u00e7u pour favoriser un bon alignement de la t\u00eate et du cou, ce coussin doux et ergonomique r\u00e9duit les tensions, id\u00e9al \u00e0 la maison comme en d\u00e9placement. <\/p>\n<p data-start=\"62\" data-end=\"338\"><strong>Caract\u00e9ristiques<\/strong><\/p>\n<ul>\n<li data-start=\"62\" data-end=\"338\"><strong data-start=\"375\" data-end=\"395\">Conception ergonomique <\/strong>\u2013 Berce doucement la t\u00eate de votre b\u00e9b\u00e9 pour favoriser un d\u00e9veloppement sain.<\/li>\n<li data-start=\"62\" data-end=\"338\"><strong data-start=\"467\" data-end=\"488\">Doux et respirant <\/strong>\u2013 Fabriqu\u00e9 avec une housse hypoallerg\u00e9nique et respirante pour garder votre b\u00e9b\u00e9 au frais et \u00e0 l\u2019aise.<\/li>\n<li data-start=\"62\" data-end=\"338\"><strong data-start=\"581\" data-end=\"603\">Mousse \u00e0 m\u00e9moire de forme douce <\/strong>\u2013 Offre un soutien doux et adaptatif pour un confort ultime.<\/li>\n<li data-start=\"62\" data-end=\"338\"><strong data-start=\"665\" data-end=\"693\" data-is-only-node=\"\">Parfait pour un usage quotidien <\/strong>\u2013 Id\u00e9al pour les berceaux, les berceaux, les poussettes et les si\u00e8ges d\u2019auto.<\/li>\n<li data-start=\"62\" data-end=\"338\"><strong data-start=\"755\" data-end=\"781\">L\u00e9ger et portable <\/strong>\u2013 Id\u00e9al pour les voyages, assurant le confort o\u00f9 que votre b\u00e9b\u00e9 se repose.<\/li>\n<\/ul>\n<p data-start=\"848\" data-end=\"978\">Assurez le confort et le bien-\u00eatre de votre b\u00e9b\u00e9 avec le Coussin de Soutien-T\u00eate B\u00e9b\u00e9, un indispensable pour des siestes paisibles et des voyages heureux !<\/p>\n","protected":false},"excerpt":{"rendered":"<div class=\"flex max-w-full flex-col flex-grow\">\n<div class=\"min-h-8 text-message relative flex w-full flex-col items-end gap-2 whitespace-normal break-words text-start [.text-message+&amp;]:mt-5\" dir=\"auto\" data-message-author-role=\"assistant\" data-message-id=\"954ae71e-5acd-4af3-bb72-15859359c1da\" data-message-model-slug=\"gpt-4o\">\n<div class=\"flex w-full flex-col gap-1 empty:hidden first:pt-[3px]\">\n<div class=\"markdown prose w-full break-words dark:prose-invert light\">\n<p data-start=\"62\" data-end=\"315\" data-is-last-node=\"\" data-is-only-node=\"\">B\u00e9n\u00e9ficiez d&rsquo;un soutien cervical parfait gr\u00e2ce \u00e0 l&rsquo;oreiller de soutien de la t\u00eate ! Son design ergonomique et sa mousse \u00e0 m\u00e9moire de forme s&rsquo;adaptent \u00e0 votre morphologie, r\u00e9duisant les tensions et am\u00e9liorant votre posture. L\u00e9ger, respirant et id\u00e9al pour la maison, les voyages ou le bureau, il vous offre un confort optimal o\u00f9 que vous soyez !  <\/p>\n<\/div>\n<\/div>\n<\/div>\n<\/div>\n","protected":false},"featured_media":68438,"comment_status":"closed","ping_status":"closed","template":"","meta":{"_lmt_disableupdate":"no","_lmt_disable":""},"product_brand":[],"product_cat":[636,635,798,527],"product_tag":[],"woo-feed-brand":[],"class_list":{"0":"post-42928","1":"product","2":"type-product","3":"status-publish","4":"has-post-thumbnail","6":"product_cat-accessoires-dexterieur","7":"product_cat-exterieur","8":"product_cat-oreillers","9":"product_cat-sommeil","11":"first","12":"instock","13":"taxable","14":"shipping-taxable","15":"purchasable","16":"product-type-simple"},"_links":{"self":[{"href":"https:\/\/www.bojungle.eu\/fr\/wp-json\/wp\/v2\/product\/42928","targetHints":{"allow":["GET"]}}],"collection":[{"href":"https:\/\/www.bojungle.eu\/fr\/wp-json\/wp\/v2\/product"}],"about":[{"href":"https:\/\/www.bojungle.eu\/fr\/wp-json\/wp\/v2\/types\/product"}],"replies":[{"embeddable":true,"href":"https:\/\/www.bojungle.eu\/fr\/wp-json\/wp\/v2\/comments?post=42928"}],"version-history":[{"count":1,"href":"https:\/\/www.bojungle.eu\/fr\/wp-json\/wp\/v2\/product\/42928\/revisions"}],"predecessor-version":[{"id":79340,"href":"https:\/\/www.bojungle.eu\/fr\/wp-json\/wp\/v2\/product\/42928\/revisions\/79340"}],"wp:featuredmedia":[{"embeddable":true,"href":"https:\/\/www.bojungle.eu\/fr\/wp-json\/wp\/v2\/media\/68438"}],"wp:attachment":[{"href":"https:\/\/www.bojungle.eu\/fr\/wp-json\/wp\/v2\/media?parent=42928"}],"wp:term":[{"taxonomy":"product_brand","embeddable":true,"href":"https:\/\/www.bojungle.eu\/fr\/wp-json\/wp\/v2\/product_brand?post=42928"},{"taxonomy":"product_cat","embeddable":true,"href":"https:\/\/www.bojungle.eu\/fr\/wp-json\/wp\/v2\/product_cat?post=42928"},{"taxonomy":"product_tag","embeddable":true,"href":"https:\/\/www.bojungle.eu\/fr\/wp-json\/wp\/v2\/product_tag?post=42928"},{"taxonomy":"woo-feed-brand","embeddable":true,"href":"https:\/\/www.bojungle.eu\/fr\/wp-json\/wp\/v2\/woo-feed-brand?post=42928"}],"curies":[{"name":"wp","href":"https:\/\/api.w.org\/{rel}","templated":true}]}}