{"id":42978,"date":"2022-05-29T11:24:02","date_gmt":"2022-05-29T09:24:02","guid":{"rendered":"https:\/\/bojungle.eu\/shop\/product\/filtre-b-pour-humi-purificateur-sensy\/"},"modified":"2024-01-31T13:44:41","modified_gmt":"2024-01-31T12:44:41","slug":"b-filtre-pour-humi-purificateur-sensy","status":"publish","type":"product","link":"https:\/\/www.bojungle.eu\/fr\/produit\/b-filtre-pour-humi-purificateur-sensy\/","title":{"rendered":"Filtre pour Humi-Purifier Sensy"},"content":{"rendered":"<p>Ce filtre convient \u00e0 l&rsquo;Humi-Purifier Sensy et \u00e0 nos humidificateurs num\u00e9riques pr\u00e9c\u00e9dents.<\/p>\n","protected":false},"excerpt":{"rendered":"<p>Le filtre pour Humi-Purifier Sensy est con\u00e7u pour am\u00e9liorer la qualit\u00e9 de l&rsquo;air dans votre espace de vie, cr\u00e9ant ainsi un environnement plus sain. Ce filtre de haute qualit\u00e9 est sp\u00e9cialement con\u00e7u pour \u00eatre utilis\u00e9 avec l&rsquo;Humi-Purifier Sensy, offrant une filtration efficace des particules de poussi\u00e8re, des allerg\u00e8nes et d&rsquo;autres contaminants en suspension dans l&rsquo;air. <\/p>\n","protected":false},"featured_media":65192,"comment_status":"closed","ping_status":"closed","template":"","meta":{"_lmt_disableupdate":"","_lmt_disable":""},"product_brand":[],"product_cat":[527],"product_tag":[],"woo-feed-brand":[],"class_list":{"0":"post-42978","1":"product","2":"type-product","3":"status-publish","4":"has-post-thumbnail","6":"product_cat-sommeil","8":"first","9":"instock","10":"taxable","11":"shipping-taxable","12":"purchasable","13":"product-type-simple"},"_links":{"self":[{"href":"https:\/\/www.bojungle.eu\/fr\/wp-json\/wp\/v2\/product\/42978","targetHints":{"allow":["GET"]}}],"collection":[{"href":"https:\/\/www.bojungle.eu\/fr\/wp-json\/wp\/v2\/product"}],"about":[{"href":"https:\/\/www.bojungle.eu\/fr\/wp-json\/wp\/v2\/types\/product"}],"replies":[{"embeddable":true,"href":"https:\/\/www.bojungle.eu\/fr\/wp-json\/wp\/v2\/comments?post=42978"}],"version-history":[{"count":1,"href":"https:\/\/www.bojungle.eu\/fr\/wp-json\/wp\/v2\/product\/42978\/revisions"}],"predecessor-version":[{"id":65201,"href":"https:\/\/www.bojungle.eu\/fr\/wp-json\/wp\/v2\/product\/42978\/revisions\/65201"}],"wp:featuredmedia":[{"embeddable":true,"href":"https:\/\/www.bojungle.eu\/fr\/wp-json\/wp\/v2\/media\/65192"}],"wp:attachment":[{"href":"https:\/\/www.bojungle.eu\/fr\/wp-json\/wp\/v2\/media?parent=42978"}],"wp:term":[{"taxonomy":"product_brand","embeddable":true,"href":"https:\/\/www.bojungle.eu\/fr\/wp-json\/wp\/v2\/product_brand?post=42978"},{"taxonomy":"product_cat","embeddable":true,"href":"https:\/\/www.bojungle.eu\/fr\/wp-json\/wp\/v2\/product_cat?post=42978"},{"taxonomy":"product_tag","embeddable":true,"href":"https:\/\/www.bojungle.eu\/fr\/wp-json\/wp\/v2\/product_tag?post=42978"},{"taxonomy":"woo-feed-brand","embeddable":true,"href":"https:\/\/www.bojungle.eu\/fr\/wp-json\/wp\/v2\/woo-feed-brand?post=42978"}],"curies":[{"name":"wp","href":"https:\/\/api.w.org\/{rel}","templated":true}]}}