{"id":42997,"date":"2022-05-29T11:24:19","date_gmt":"2022-05-29T09:24:19","guid":{"rendered":"https:\/\/bojungle.eu\/shop\/product\/b-foldable-playard-light-grey\/"},"modified":"2025-06-16T13:53:57","modified_gmt":"2025-06-16T11:53:57","slug":"b-playard-pliable-gris-clair","status":"publish","type":"product","link":"https:\/\/www.bojungle.eu\/fr\/produit\/b-playard-pliable-gris-clair\/","title":{"rendered":"B-Foldable Playard Light Grey"},"content":{"rendered":"<ul>\n<li>Vous recherchez un parc d&rsquo;enfant l\u00e9ger, facile \u00e0 emporter en voyage et que vous pouvez installer en quelques secondes ? Ne cherchez plus, notre parc pliable B gardera votre b\u00e9b\u00e9 ou votre jeune enfant en s\u00e9curit\u00e9 o\u00f9 que vous alliez.<\/li>\n<li>Caract\u00e9ristiques principales :<\/li>\n<li>Design spacieux (dimensions : 75 cm x 120cm x 140 cm)<\/li>\n<li>Tissus et mat\u00e9riaux r\u00e9sistants \u00e0 l&rsquo;eau qui permettent une utilisation \u00e0 l&rsquo;int\u00e9rieur comme \u00e0 l&rsquo;ext\u00e9rieur<\/li>\n<li>Cadre tr\u00e8s l\u00e9ger (7,9 kg) qui se plie et se d\u00e9plie en quelques secondes : parfait pour une utilisation en d\u00e9placement !<\/li>\n<li>Tr\u00e8s compact lorsqu&rsquo;il est pli\u00e9 (dimensions : 23 cm x 23 cm x 100 cm)<\/li>\n<li>Sac de transport inclus<\/li>\n<\/ul>\n<table border=\"1\">\n<tbody>\n<tr>\n<td>Manuel<\/td>\n<td><a href=\"https:\/\/www.bojungle.eu\/wp-content\/uploads\/2025\/06\/Playard.pdf\" target=\"_blank\" rel=\"noopener\">Cliquez ici<\/a><\/td>\n<\/tr>\n<\/tbody>\n<\/table>\n","protected":false},"excerpt":{"rendered":"<p>Vous recherchez un parc d&rsquo;enfant l\u00e9ger, facile \u00e0 emporter en voyage et que vous pouvez installer en quelques secondes ? Ne cherchez plus, notre parc pliable B gardera votre b\u00e9b\u00e9 ou votre jeune enfant en s\u00e9curit\u00e9 o\u00f9 que vous alliez.<\/p>\n","protected":false},"featured_media":75202,"comment_status":"closed","ping_status":"closed","template":"","meta":{"_lmt_disableupdate":"no","_lmt_disable":""},"product_brand":[],"product_cat":[810,635],"product_tag":[],"woo-feed-brand":[],"class_list":{"0":"post-42997","1":"product","2":"type-product","3":"status-publish","4":"has-post-thumbnail","6":"product_cat-dans-le-jardin","7":"product_cat-exterieur","9":"first","10":"instock","11":"featured","12":"taxable","13":"shipping-taxable","14":"purchasable","15":"product-type-simple"},"_links":{"self":[{"href":"https:\/\/www.bojungle.eu\/fr\/wp-json\/wp\/v2\/product\/42997","targetHints":{"allow":["GET"]}}],"collection":[{"href":"https:\/\/www.bojungle.eu\/fr\/wp-json\/wp\/v2\/product"}],"about":[{"href":"https:\/\/www.bojungle.eu\/fr\/wp-json\/wp\/v2\/types\/product"}],"replies":[{"embeddable":true,"href":"https:\/\/www.bojungle.eu\/fr\/wp-json\/wp\/v2\/comments?post=42997"}],"version-history":[{"count":1,"href":"https:\/\/www.bojungle.eu\/fr\/wp-json\/wp\/v2\/product\/42997\/revisions"}],"predecessor-version":[{"id":80282,"href":"https:\/\/www.bojungle.eu\/fr\/wp-json\/wp\/v2\/product\/42997\/revisions\/80282"}],"wp:featuredmedia":[{"embeddable":true,"href":"https:\/\/www.bojungle.eu\/fr\/wp-json\/wp\/v2\/media\/75202"}],"wp:attachment":[{"href":"https:\/\/www.bojungle.eu\/fr\/wp-json\/wp\/v2\/media?parent=42997"}],"wp:term":[{"taxonomy":"product_brand","embeddable":true,"href":"https:\/\/www.bojungle.eu\/fr\/wp-json\/wp\/v2\/product_brand?post=42997"},{"taxonomy":"product_cat","embeddable":true,"href":"https:\/\/www.bojungle.eu\/fr\/wp-json\/wp\/v2\/product_cat?post=42997"},{"taxonomy":"product_tag","embeddable":true,"href":"https:\/\/www.bojungle.eu\/fr\/wp-json\/wp\/v2\/product_tag?post=42997"},{"taxonomy":"woo-feed-brand","embeddable":true,"href":"https:\/\/www.bojungle.eu\/fr\/wp-json\/wp\/v2\/woo-feed-brand?post=42997"}],"curies":[{"name":"wp","href":"https:\/\/api.w.org\/{rel}","templated":true}]}}