{"id":43008,"date":"2022-05-29T11:24:19","date_gmt":"2022-05-29T09:24:19","guid":{"rendered":"https:\/\/bojungle.eu\/shop\/product\/b-bain-de-douche-pliable-gris-blanc\/"},"modified":"2025-05-26T16:44:47","modified_gmt":"2025-05-26T14:44:47","slug":"b-bain-de-douche-pliable-gris-blanc","status":"publish","type":"product","link":"https:\/\/www.bojungle.eu\/fr\/produit\/b-bain-de-douche-pliable-gris-blanc\/","title":{"rendered":"B-Bain de douche pliable Gris\/Blanc"},"content":{"rendered":"<p>La baignoire de douche pliable est fabriqu\u00e9e avec des pi\u00e8ces en silicone de premi\u00e8re qualit\u00e9 et un cadre en aluminium robuste. Cette baignoire offre une durabilit\u00e9 et une capacit\u00e9 de r\u00e9glage exceptionnelles. La fonction de r\u00e9glage de la hauteur assure un confort optimal aux utilisateurs de tous \u00e2ges et de toutes capacit\u00e9s. <\/p>\n<p>\u00c9quip\u00e9e d&rsquo;un si\u00e8ge confortable dot\u00e9 de ventouses pour une stabilit\u00e9 et un soutien accrus, notre baignoire offre un environnement s\u00fbr pour la relaxation ou les douches rafra\u00eechissantes.<\/p>\n<p>Le nettoyage est un jeu d&rsquo;enfant gr\u00e2ce \u00e0 notre bouchon de vidange facile \u00e0 utiliser, qui permet d&rsquo;\u00e9vacuer l&rsquo;eau rapidement et efficacement apr\u00e8s chaque utilisation. De plus, vous pouvez \u00eatre tranquille en sachant que notre bain-douche pliable est exempt de BPA, ce qui donne la priorit\u00e9 \u00e0 votre sant\u00e9 et \u00e0 votre s\u00e9curit\u00e9. <\/p>\n<p>Am\u00e9liorez votre exp\u00e9rience du bain avec le m\u00e9lange ultime de commodit\u00e9, de confort et de polyvalence. Am\u00e9liorez votre espace avec notre baignoire-douche pliable d\u00e8s aujourd&rsquo;hui ! <\/p>\n<ul>\n<li>Cette baignoire peut facilement \u00eatre plac\u00e9e dans une douche ou servir d&rsquo;alternative \u00e0 une baignoire fixe. Gr\u00e2ce aux pi\u00e8ces en silicone de la baignoire et au cadre en aluminium, il peut \u00eatre r\u00e9gl\u00e9 en hauteur. A l&rsquo;int\u00e9rieur de la baignoire, un si\u00e8ge \u00e0 ventouses est disponible. L&rsquo;eau peut \u00eatre facilement \u00e9vacu\u00e9e gr\u00e2ce au bouchon de vidange.<\/li>\n<li>Sans BPA<\/li>\n<\/ul>\n<table border=\"1\">\n<tbody>\n<tr>\n<td>Manuel<\/td>\n<td><a href=\"https:\/\/www.bojungle.eu\/wp-content\/uploads\/2025\/05\/Manual-B400700.pdf\" target=\"_blank\" rel=\"noopener\">Cliquez ici<\/a><\/td>\n<\/tr>\n<\/tbody>\n<\/table>\n","protected":false},"excerpt":{"rendered":"<p>D\u00e9couvrez la commodit\u00e9 et le confort in\u00e9gal\u00e9s de notre baignoire-douche pliable dans un \u00e9l\u00e9gant coloris gris\/blanc ! Transformez votre routine de bain avec cette solution innovante con\u00e7ue pour s&rsquo;int\u00e9grer parfaitement dans votre espace de douche ou pour fonctionner comme une alternative flexible \u00e0 une baignoire fixe traditionnelle. <\/p>\n<p>&nbsp;<\/p>\n","protected":false},"featured_media":66618,"comment_status":"closed","ping_status":"closed","template":"","meta":{"_lmt_disableupdate":"no","_lmt_disable":""},"product_brand":[],"product_cat":[580,510],"product_tag":[],"woo-feed-brand":[],"class_list":{"0":"post-43008","1":"product","2":"type-product","3":"status-publish","4":"has-post-thumbnail","6":"product_cat-bebe-dans-le-bain","7":"product_cat-soins","9":"first","10":"instock","11":"taxable","12":"shipping-taxable","13":"purchasable","14":"product-type-simple"},"_links":{"self":[{"href":"https:\/\/www.bojungle.eu\/fr\/wp-json\/wp\/v2\/product\/43008","targetHints":{"allow":["GET"]}}],"collection":[{"href":"https:\/\/www.bojungle.eu\/fr\/wp-json\/wp\/v2\/product"}],"about":[{"href":"https:\/\/www.bojungle.eu\/fr\/wp-json\/wp\/v2\/types\/product"}],"replies":[{"embeddable":true,"href":"https:\/\/www.bojungle.eu\/fr\/wp-json\/wp\/v2\/comments?post=43008"}],"version-history":[{"count":3,"href":"https:\/\/www.bojungle.eu\/fr\/wp-json\/wp\/v2\/product\/43008\/revisions"}],"predecessor-version":[{"id":79952,"href":"https:\/\/www.bojungle.eu\/fr\/wp-json\/wp\/v2\/product\/43008\/revisions\/79952"}],"wp:featuredmedia":[{"embeddable":true,"href":"https:\/\/www.bojungle.eu\/fr\/wp-json\/wp\/v2\/media\/66618"}],"wp:attachment":[{"href":"https:\/\/www.bojungle.eu\/fr\/wp-json\/wp\/v2\/media?parent=43008"}],"wp:term":[{"taxonomy":"product_brand","embeddable":true,"href":"https:\/\/www.bojungle.eu\/fr\/wp-json\/wp\/v2\/product_brand?post=43008"},{"taxonomy":"product_cat","embeddable":true,"href":"https:\/\/www.bojungle.eu\/fr\/wp-json\/wp\/v2\/product_cat?post=43008"},{"taxonomy":"product_tag","embeddable":true,"href":"https:\/\/www.bojungle.eu\/fr\/wp-json\/wp\/v2\/product_tag?post=43008"},{"taxonomy":"woo-feed-brand","embeddable":true,"href":"https:\/\/www.bojungle.eu\/fr\/wp-json\/wp\/v2\/woo-feed-brand?post=43008"}],"curies":[{"name":"wp","href":"https:\/\/api.w.org\/{rel}","templated":true}]}}