{"id":43026,"date":"2022-05-29T11:21:08","date_gmt":"2022-05-29T09:21:08","guid":{"rendered":"https:\/\/bojungle.eu\/shop\/product\/b-tube-de-vidange-pour-ours-de-bain\/"},"modified":"2025-02-10T14:35:22","modified_gmt":"2025-02-10T13:35:22","slug":"b-tuyau-degouttage-pour-ours-a-tete-blanche","status":"publish","type":"product","link":"https:\/\/www.bojungle.eu\/fr\/produit\/b-tuyau-degouttage-pour-ours-a-tete-blanche\/","title":{"rendered":"Tube de drainage"},"content":{"rendered":"<div id=\"description\" class=\"tab-pane fade in active\" role=\"tabpanel\">\n<div class=\"product-description\">\n<div class=\"flex-1 overflow-hidden @container\/thread translate-y-[1.5rem] -mt-[1.5rem] pb-[1.5rem]\">\n<div class=\"h-full\">\n<div class=\"react-scroll-to-bottom--css-qybng-79elbk h-full\">\n<div class=\"react-scroll-to-bottom--css-qybng-1n7m0yu\">\n<div class=\"flex flex-col text-sm md:pb-9\">\n<article class=\"w-full text-token-text-primary focus-visible:outline-2 focus-visible:outline-offset-[-4px]\" dir=\"auto\" data-testid=\"conversation-turn-3\" data-scroll-anchor=\"true\">\n<div class=\"m-auto text-base py-[18px] px-6\">\n<div class=\"mx-auto flex flex-1 gap-4 text-base md:gap-5 lg:gap-6 md:max-w-3xl\">\n<div class=\"group\/conversation-turn relative flex w-full min-w-0 flex-col agent-turn @xs\/thread:px-0 @sm\/thread:px-1.5 @md\/thread:px-4\">\n<div class=\"flex-col gap-1 md:gap-3\">\n<div class=\"flex max-w-full flex-col flex-grow\">\n<div class=\"min-h-8 text-message flex w-full flex-col items-end gap-2 whitespace-normal break-words text-start [.text-message+&amp;]:mt-5\" dir=\"auto\" data-message-author-role=\"assistant\" data-message-id=\"630864a0-8bd2-45e0-a4fb-e6553ac52155\" data-message-model-slug=\"gpt-4o-mini\">\n<div class=\"flex w-full flex-col gap-1 empty:hidden first:pt-[3px]\">\n<div class=\"markdown prose w-full break-words dark:prose-invert light\">\n<p>Le tube de vidange pour ours de bain de Bo Jungle est un accessoire pratique con\u00e7u pour faciliter le nettoyage du bain. Ce tube permet d&rsquo;\u00e9vacuer efficacement l&rsquo;eau de votre Bath Bear, garantissant ainsi un s\u00e9chage rapide et hygi\u00e9nique. Parfaitement adapt\u00e9 au syst\u00e8me de bain Bo Jungle, il permet de garder la zone de bain propre et s\u00e8che avec un minimum d&rsquo;effort. Id\u00e9al pour les parents occup\u00e9s, cette solution simple mais efficace ajoute un aspect pratique \u00e0 la routine du bain de votre b\u00e9b\u00e9.   <\/p>\n<\/div>\n<\/div>\n<\/div>\n<\/div>\n<\/div>\n<\/div>\n<\/div>\n<\/div>\n<\/article>\n<\/div>\n<\/div>\n<\/div>\n<\/div>\n<\/div>\n<\/div>\n<\/div>\n","protected":false},"excerpt":{"rendered":"<div id=\"description\" class=\"tab-pane fade in active\" role=\"tabpanel\">\n<div class=\"product-description\">\n<p>Le tube de vidange pour ours de bain de Bo Jungle est un accessoire pratique con\u00e7u pour faciliter le nettoyage du bain. Ce tube permet d&rsquo;\u00e9vacuer efficacement l&rsquo;eau de votre Bath Bear, garantissant ainsi un s\u00e9chage rapide et hygi\u00e9nique. Parfaitement adapt\u00e9 au syst\u00e8me de bain Bo Jungle, il permet de garder la zone de bain propre et s\u00e8che avec un minimum d&rsquo;effort. Id\u00e9al pour les parents occup\u00e9s, cette solution simple mais efficace ajoute un aspect pratique \u00e0 la routine du bain de votre b\u00e9b\u00e9.   <\/p>\n<\/div>\n<\/div>\n","protected":false},"featured_media":69390,"comment_status":"closed","ping_status":"closed","template":"","meta":{"_lmt_disableupdate":"no","_lmt_disable":""},"product_brand":[],"product_cat":[580,510],"product_tag":[],"woo-feed-brand":[],"class_list":{"0":"post-43026","1":"product","2":"type-product","3":"status-publish","4":"has-post-thumbnail","6":"product_cat-bebe-dans-le-bain","7":"product_cat-soins","9":"first","10":"instock","11":"taxable","12":"shipping-taxable","13":"purchasable","14":"product-type-simple"},"_links":{"self":[{"href":"https:\/\/www.bojungle.eu\/fr\/wp-json\/wp\/v2\/product\/43026","targetHints":{"allow":["GET"]}}],"collection":[{"href":"https:\/\/www.bojungle.eu\/fr\/wp-json\/wp\/v2\/product"}],"about":[{"href":"https:\/\/www.bojungle.eu\/fr\/wp-json\/wp\/v2\/types\/product"}],"replies":[{"embeddable":true,"href":"https:\/\/www.bojungle.eu\/fr\/wp-json\/wp\/v2\/comments?post=43026"}],"version-history":[{"count":1,"href":"https:\/\/www.bojungle.eu\/fr\/wp-json\/wp\/v2\/product\/43026\/revisions"}],"predecessor-version":[{"id":79016,"href":"https:\/\/www.bojungle.eu\/fr\/wp-json\/wp\/v2\/product\/43026\/revisions\/79016"}],"wp:featuredmedia":[{"embeddable":true,"href":"https:\/\/www.bojungle.eu\/fr\/wp-json\/wp\/v2\/media\/69390"}],"wp:attachment":[{"href":"https:\/\/www.bojungle.eu\/fr\/wp-json\/wp\/v2\/media?parent=43026"}],"wp:term":[{"taxonomy":"product_brand","embeddable":true,"href":"https:\/\/www.bojungle.eu\/fr\/wp-json\/wp\/v2\/product_brand?post=43026"},{"taxonomy":"product_cat","embeddable":true,"href":"https:\/\/www.bojungle.eu\/fr\/wp-json\/wp\/v2\/product_cat?post=43026"},{"taxonomy":"product_tag","embeddable":true,"href":"https:\/\/www.bojungle.eu\/fr\/wp-json\/wp\/v2\/product_tag?post=43026"},{"taxonomy":"woo-feed-brand","embeddable":true,"href":"https:\/\/www.bojungle.eu\/fr\/wp-json\/wp\/v2\/woo-feed-brand?post=43026"}],"curies":[{"name":"wp","href":"https:\/\/api.w.org\/{rel}","templated":true}]}}