{"id":43061,"date":"2022-05-29T11:24:01","date_gmt":"2022-05-29T09:24:01","guid":{"rendered":"https:\/\/bojungle.eu\/shop\/product\/b-gobelet-cpla-biodegradable-rose\/"},"modified":"2023-09-29T11:43:23","modified_gmt":"2023-09-29T09:43:23","slug":"b-gobelet-cpla-biodegradable-rose","status":"publish","type":"product","link":"https:\/\/www.bojungle.eu\/fr\/produit\/b-gobelet-cpla-biodegradable-rose\/","title":{"rendered":"Tasse d\u2019apprentissage Eco-responsable CPLA Rose"},"content":{"rendered":"<div id=\"description\" class=\"tab-pane fade in active\" role=\"tabpanel\">\n<div class=\"product-description\">\n<p>Le CPLA est fabriqu\u00e9 \u00e0 partir de plantes naturelles et non de p\u00e9trole. Il peut s&rsquo;agir de ma\u00efs, de manioc, de canne \u00e0 sucre, de betteraves \u00e0 sucre, de bl\u00e9, de d\u00e9chets agricoles et de plantes non alimentaires. Par cons\u00e9quent, le CPLA est 100% naturel, ce qui signifie qu&rsquo;il ne contient aucune huile, aucune toxicit\u00e9, aucun m\u00e9tal lourd. De plus, il peut \u00eatre utilis\u00e9 au micro-ondes et au lave-vaisselle. C&rsquo;est pourquoi CPLA est le choix le plus s\u00fbr pour vos enfants.<\/p>\n<p>&nbsp;<\/p>\n<\/div>\n<\/div>\n<div id=\"product-details\" class=\"tab-pane fade\" style=\"box-sizing: inherit; opacity: 1; transition: opacity 0.15s linear 0s; display: block; margin-bottom: 20px; color: #000000; font-family: Roboto, Arial, Helvetica, sans-serif; font-size: 13px; font-style: normal; font-variant-ligatures: normal; font-variant-caps: normal; font-weight: 400; letter-spacing: normal; orphans: 2; text-align: start; text-indent: 0px; text-transform: none; white-space: normal; widows: 2; word-spacing: 0px; -webkit-text-stroke-width: 0px; background-color: #ffffff; text-decoration-thickness: initial; text-decoration-style: initial; text-decoration-color: initial;\" role=\"tabpanel\" data-product=\"{\"><\/div>\n","protected":false},"excerpt":{"rendered":"<div id=\"description\" class=\"tab-pane fade in active\" role=\"tabpanel\">\n<div class=\"product-description\">\n<div id=\"description\" class=\"tab-pane fade in active\" role=\"tabpanel\">\n<div class=\"product-description\">\n<p>Le CPLA est fabriqu\u00e9 \u00e0 partir de plantes naturelles et non de p\u00e9trole. Il peut s&rsquo;agir de ma\u00efs, de manioc, de canne \u00e0 sucre, de betteraves \u00e0 sucre, de bl\u00e9, de d\u00e9chets agricoles et de plantes non alimentaires. Par cons\u00e9quent, le CPLA est 100% naturel, ce qui signifie qu&rsquo;il ne contient aucune huile, aucune toxicit\u00e9, aucun m\u00e9tal lourd. De plus, il peut \u00eatre utilis\u00e9 au micro-ondes et au lave-vaisselle. C&rsquo;est pourquoi CPLA est le choix le plus s\u00fbr pour vos enfants.<\/p>\n<p>&nbsp;<\/p>\n<\/div>\n<\/div>\n<div id=\"product-details\" class=\"tab-pane fade\" style=\"box-sizing: inherit; opacity: 1; transition: opacity 0.15s linear 0s; display: block; margin-bottom: 20px; color: #000000; font-family: Roboto, Arial, Helvetica, sans-serif; font-size: 13px; font-style: normal; font-variant-ligatures: normal; font-variant-caps: normal; font-weight: 400; letter-spacing: normal; orphans: 2; text-align: start; text-indent: 0px; text-transform: none; white-space: normal; widows: 2; word-spacing: 0px; -webkit-text-stroke-width: 0px; background-color: #ffffff; text-decoration-thickness: initial; text-decoration-style: initial; text-decoration-color: initial;\" role=\"tabpanel\" data-product=\"{\"><\/div>\n<p>&nbsp;<\/p>\n<\/div>\n<\/div>\n<div id=\"product-details\" class=\"tab-pane fade\" style=\"box-sizing: inherit; opacity: 1; transition: opacity 0.15s linear 0s; display: block; margin-bottom: 20px; color: #000000; font-family: Roboto, Arial, Helvetica, sans-serif; font-size: 13px; font-style: normal; font-variant-ligatures: normal; font-variant-caps: normal; font-weight: 400; letter-spacing: normal; orphans: 2; text-align: start; text-indent: 0px; text-transform: none; white-space: normal; widows: 2; word-spacing: 0px; -webkit-text-stroke-width: 0px; background-color: #ffffff; text-decoration-thickness: initial; text-decoration-style: initial; text-decoration-color: initial;\" role=\"tabpanel\" data-product=\"{\"><\/div>\n","protected":false},"featured_media":70452,"comment_status":"closed","ping_status":"closed","template":"","meta":{"_lmt_disableupdate":"no","_lmt_disable":""},"product_brand":[],"product_cat":[554,552,439],"product_tag":[],"woo-feed-brand":[],"class_list":{"0":"post-43061","1":"product","2":"type-product","3":"status-publish","4":"has-post-thumbnail","6":"product_cat-gamme-cpla","7":"product_cat-lheure-du-diner","8":"product_cat-nourriture-et-boisson","10":"first","11":"instock","12":"taxable","13":"shipping-taxable","14":"purchasable","15":"product-type-simple"},"_links":{"self":[{"href":"https:\/\/www.bojungle.eu\/fr\/wp-json\/wp\/v2\/product\/43061","targetHints":{"allow":["GET"]}}],"collection":[{"href":"https:\/\/www.bojungle.eu\/fr\/wp-json\/wp\/v2\/product"}],"about":[{"href":"https:\/\/www.bojungle.eu\/fr\/wp-json\/wp\/v2\/types\/product"}],"replies":[{"embeddable":true,"href":"https:\/\/www.bojungle.eu\/fr\/wp-json\/wp\/v2\/comments?post=43061"}],"version-history":[{"count":0,"href":"https:\/\/www.bojungle.eu\/fr\/wp-json\/wp\/v2\/product\/43061\/revisions"}],"wp:featuredmedia":[{"embeddable":true,"href":"https:\/\/www.bojungle.eu\/fr\/wp-json\/wp\/v2\/media\/70452"}],"wp:attachment":[{"href":"https:\/\/www.bojungle.eu\/fr\/wp-json\/wp\/v2\/media?parent=43061"}],"wp:term":[{"taxonomy":"product_brand","embeddable":true,"href":"https:\/\/www.bojungle.eu\/fr\/wp-json\/wp\/v2\/product_brand?post=43061"},{"taxonomy":"product_cat","embeddable":true,"href":"https:\/\/www.bojungle.eu\/fr\/wp-json\/wp\/v2\/product_cat?post=43061"},{"taxonomy":"product_tag","embeddable":true,"href":"https:\/\/www.bojungle.eu\/fr\/wp-json\/wp\/v2\/product_tag?post=43061"},{"taxonomy":"woo-feed-brand","embeddable":true,"href":"https:\/\/www.bojungle.eu\/fr\/wp-json\/wp\/v2\/woo-feed-brand?post=43061"}],"curies":[{"name":"wp","href":"https:\/\/api.w.org\/{rel}","templated":true}]}}