{"id":43094,"date":"2022-05-29T11:19:42","date_gmt":"2022-05-29T09:19:42","guid":{"rendered":"https:\/\/bojungle.eu\/shop\/product\/b-dose-shady-grey\/"},"modified":"2023-09-27T11:48:38","modified_gmt":"2023-09-27T09:48:38","slug":"b-dose-grey","status":"publish","type":"product","link":"https:\/\/www.bojungle.eu\/fr\/produit\/b-dose-grey\/","title":{"rendered":"Doseur de Lait Gris Sombre"},"content":{"rendered":"<ul>\n<li>Distributeur empil\u00e9 de lait en poudre pour b\u00e9b\u00e9s<\/li>\n<li>Facile \u00e0 emporter<\/li>\n<li>Ferme herm\u00e9tiquement \u00e0 100%<\/li>\n<li>4 compartiments s\u00e9par\u00e9s et 1 bec verseur<\/li>\n<li>Peut \u00eatre st\u00e9rilis\u00e9<\/li>\n<\/ul>\n","protected":false},"excerpt":{"rendered":"<p>Distributeur empil\u00e9 de lait en poudre pour b\u00e9b\u00e9s<\/p>\n","protected":false},"featured_media":72830,"comment_status":"closed","ping_status":"closed","template":"","meta":{"_lmt_disableupdate":"no","_lmt_disable":""},"product_brand":[],"product_cat":[439,442],"product_tag":[],"woo-feed-brand":[],"class_list":{"0":"post-43094","1":"product","2":"type-product","3":"status-publish","4":"has-post-thumbnail","6":"product_cat-nourriture-et-boisson","7":"product_cat-preparation-des-repas","9":"first","10":"instock","11":"taxable","12":"shipping-taxable","13":"purchasable","14":"product-type-simple"},"_links":{"self":[{"href":"https:\/\/www.bojungle.eu\/fr\/wp-json\/wp\/v2\/product\/43094","targetHints":{"allow":["GET"]}}],"collection":[{"href":"https:\/\/www.bojungle.eu\/fr\/wp-json\/wp\/v2\/product"}],"about":[{"href":"https:\/\/www.bojungle.eu\/fr\/wp-json\/wp\/v2\/types\/product"}],"replies":[{"embeddable":true,"href":"https:\/\/www.bojungle.eu\/fr\/wp-json\/wp\/v2\/comments?post=43094"}],"version-history":[{"count":0,"href":"https:\/\/www.bojungle.eu\/fr\/wp-json\/wp\/v2\/product\/43094\/revisions"}],"wp:featuredmedia":[{"embeddable":true,"href":"https:\/\/www.bojungle.eu\/fr\/wp-json\/wp\/v2\/media\/72830"}],"wp:attachment":[{"href":"https:\/\/www.bojungle.eu\/fr\/wp-json\/wp\/v2\/media?parent=43094"}],"wp:term":[{"taxonomy":"product_brand","embeddable":true,"href":"https:\/\/www.bojungle.eu\/fr\/wp-json\/wp\/v2\/product_brand?post=43094"},{"taxonomy":"product_cat","embeddable":true,"href":"https:\/\/www.bojungle.eu\/fr\/wp-json\/wp\/v2\/product_cat?post=43094"},{"taxonomy":"product_tag","embeddable":true,"href":"https:\/\/www.bojungle.eu\/fr\/wp-json\/wp\/v2\/product_tag?post=43094"},{"taxonomy":"woo-feed-brand","embeddable":true,"href":"https:\/\/www.bojungle.eu\/fr\/wp-json\/wp\/v2\/woo-feed-brand?post=43094"}],"curies":[{"name":"wp","href":"https:\/\/api.w.org\/{rel}","templated":true}]}}