{"id":43159,"date":"2022-05-29T11:16:57","date_gmt":"2022-05-29T09:16:57","guid":{"rendered":"https:\/\/bojungle.eu\/shop\/product\/b-chaise-a-diner-wheely-pink\/"},"modified":"2023-09-29T11:50:47","modified_gmt":"2023-09-29T09:50:47","slug":"b-fauteuil-de-souper-rose-glace","status":"publish","type":"product","link":"https:\/\/www.bojungle.eu\/fr\/produit\/b-fauteuil-de-souper-rose-glace\/","title":{"rendered":"B-Chaise Haute Wheely Rose"},"content":{"rendered":"<ul>\n<li>Design et fonctionnalit\u00e9 en un !<\/li>\n<li>Tr\u00e8s compact lorsqu&rsquo;il est pli\u00e9<\/li>\n<li>Plateau amovible<\/li>\n<li>Facile \u00e0 nettoyer<\/li>\n<li>Housse de si\u00e8ge en cuir PU de luxe<\/li>\n<li>Tubes en aluminium<\/li>\n<li>Harnais de s\u00e9curit\u00e9 \u00e0 5 points<\/li>\n<li>Dossier r\u00e9glable en 3 positions, repose-pieds en 3, plateau en 3<\/li>\n<li>Les roues arri\u00e8re peuvent \u00eatre verrouill\u00e9es<\/li>\n<li>7 positions de hauteur possibles<\/li>\n<li>Plastiques de qualit\u00e9 alimentaire<\/li>\n<\/ul>\n","protected":false},"excerpt":{"rendered":"<p>Design et fonctionnalit\u00e9 en un !<\/p>\n","protected":false},"featured_media":75232,"comment_status":"closed","ping_status":"closed","template":"","meta":{"_lmt_disableupdate":"no","_lmt_disable":""},"product_brand":[],"product_cat":[656,439],"product_tag":[],"woo-feed-brand":[],"class_list":{"0":"post-43159","1":"product","2":"type-product","3":"status-publish","4":"has-post-thumbnail","6":"product_cat-chaises-hautes-et-sieges-pour-bebes","7":"product_cat-nourriture-et-boisson","9":"first","10":"instock","11":"taxable","12":"shipping-taxable","13":"purchasable","14":"product-type-simple"},"_links":{"self":[{"href":"https:\/\/www.bojungle.eu\/fr\/wp-json\/wp\/v2\/product\/43159","targetHints":{"allow":["GET"]}}],"collection":[{"href":"https:\/\/www.bojungle.eu\/fr\/wp-json\/wp\/v2\/product"}],"about":[{"href":"https:\/\/www.bojungle.eu\/fr\/wp-json\/wp\/v2\/types\/product"}],"replies":[{"embeddable":true,"href":"https:\/\/www.bojungle.eu\/fr\/wp-json\/wp\/v2\/comments?post=43159"}],"version-history":[{"count":0,"href":"https:\/\/www.bojungle.eu\/fr\/wp-json\/wp\/v2\/product\/43159\/revisions"}],"wp:featuredmedia":[{"embeddable":true,"href":"https:\/\/www.bojungle.eu\/fr\/wp-json\/wp\/v2\/media\/75232"}],"wp:attachment":[{"href":"https:\/\/www.bojungle.eu\/fr\/wp-json\/wp\/v2\/media?parent=43159"}],"wp:term":[{"taxonomy":"product_brand","embeddable":true,"href":"https:\/\/www.bojungle.eu\/fr\/wp-json\/wp\/v2\/product_brand?post=43159"},{"taxonomy":"product_cat","embeddable":true,"href":"https:\/\/www.bojungle.eu\/fr\/wp-json\/wp\/v2\/product_cat?post=43159"},{"taxonomy":"product_tag","embeddable":true,"href":"https:\/\/www.bojungle.eu\/fr\/wp-json\/wp\/v2\/product_tag?post=43159"},{"taxonomy":"woo-feed-brand","embeddable":true,"href":"https:\/\/www.bojungle.eu\/fr\/wp-json\/wp\/v2\/woo-feed-brand?post=43159"}],"curies":[{"name":"wp","href":"https:\/\/api.w.org\/{rel}","templated":true}]}}