{"id":43207,"date":"2022-05-29T11:14:46","date_gmt":"2022-05-29T09:14:46","guid":{"rendered":"https:\/\/bojungle.eu\/shop\/product\/b-cosy-taupe\/"},"modified":"2024-06-13T11:50:16","modified_gmt":"2024-06-13T09:50:16","slug":"b-cosy-taupe","status":"publish","type":"product","link":"https:\/\/www.bojungle.eu\/fr\/produit\/b-cosy-taupe\/","title":{"rendered":"B-Cosy Beige"},"content":{"rendered":"<div class=\"elementor-element elementor-element-80cf67d elementor-widget elementor-widget-jet-single-excerpt\" data-id=\"80cf67d\" data-element_type=\"widget\" data-widget_type=\"jet-single-excerpt.default\">\n<div class=\"elementor-widget-container\">\n<div class=\"elementor-jet-single-excerpt jet-woo-builder\">\n<div class=\"woocommerce-product-details__short-description\">\n<div class=\"flex flex-grow flex-col max-w-full\">\n<div class=\"min-h-[20px] text-message flex flex-col items-start whitespace-pre-wrap break-words [.text-message+&amp;]:mt-5 juice:w-full juice:items-end overflow-x-auto gap-2\" dir=\"auto\" data-message-author-role=\"assistant\" data-message-id=\"cf4d27f0-e94a-46af-ad1f-544928a89c38\">\n<div class=\"flex w-full flex-col gap-1 juice:empty:hidden juice:first:pt-[3px]\">\n<div class=\"markdown prose w-full break-words dark:prose-invert light\">\n<p>Voici le coussin ergonomique beige B-Cosy, la solution ultime pour s&rsquo;assurer que la t\u00eate de votre b\u00e9b\u00e9 reste bien ronde et bien soutenue d\u00e8s le premier jour. Con\u00e7u pour le confort et la sant\u00e9 de votre enfant, ce coussin polyvalent est parfait pour les poussettes, les si\u00e8ges de voiture, les balan\u00e7oires, les transats, les lits de b\u00e9b\u00e9 et les lits d&rsquo;enfant.<\/p>\n<\/div>\n<p><strong>Caract\u00e9ristiques principales :<\/strong><\/p>\n<ul>\n<li><strong>Conception ergonomique : <\/strong> Sa forme experte permet de bercer la t\u00eate de votre b\u00e9b\u00e9 et de r\u00e9partir uniform\u00e9ment la pression, pr\u00e9venant ainsi le syndrome de la t\u00eate plate.<\/li>\n<li><strong>Utilis\u00e9 d\u00e8s la naissance : <\/strong> Convient aux nouveau-n\u00e9s, apportant un soutien essentiel pendant ces premiers mois cruciaux.<\/li>\n<li><strong>Mat\u00e9riaux doux et respirants :<\/strong> Fabriqu\u00e9 \u00e0 partir de tissus respirants de haute qualit\u00e9 qui gardent votre b\u00e9b\u00e9 au frais et \u00e0 l&rsquo;aise, quelle que soit la saison.<\/li>\n<li><strong>Utilisation polyvalente : <\/strong> s&rsquo;adapte sans probl\u00e8me aux poussettes, aux si\u00e8ges auto, aux balan\u00e7oires, aux transats, aux lits de b\u00e9b\u00e9 et aux lits d&rsquo;enfant, ce qui en fait un choix pratique pour les parents press\u00e9s.<\/li>\n<li><strong>Facile \u00e0 nettoyer : <\/strong> Les mat\u00e9riaux du coussin sont non seulement doux pour la peau de votre b\u00e9b\u00e9, mais aussi faciles \u00e0 laver, ce qui garantit qu&rsquo;il reste frais et hygi\u00e9nique.<\/li>\n<\/ul>\n<p>Donnez \u00e0 votre b\u00e9b\u00e9 le meilleur d\u00e9part possible avec le coussin ergonomique B-Cosy Beige, o\u00f9 le confort rencontre la praticit\u00e9. Un must pour tous les parents soucieux du bien-\u00eatre et du bonheur de leur b\u00e9b\u00e9.<\/p>\n<\/div>\n<\/div>\n<\/div>\n<\/div>\n<\/div>\n<\/div>\n<\/div>\n","protected":false},"excerpt":{"rendered":"<p>Assurez-vous que la t\u00eate de votre b\u00e9b\u00e9 reste bien ronde avec le coussin ergonomique beige B-Cosy. Adapt\u00e9 d\u00e8s la naissance, ce coussin offre un soutien essentiel gr\u00e2ce \u00e0 sa conception ergonomique. Fabriqu\u00e9 \u00e0 partir de mat\u00e9riaux doux et respirants, il assure le confort de votre b\u00e9b\u00e9 dans les poussettes, les si\u00e8ges auto, les balan\u00e7oires, les transats, les lits pour b\u00e9b\u00e9s et les lits d&rsquo;enfant. Facile \u00e0 nettoyer et parfait pour les parents en d\u00e9placement, il est indispensable au bien-\u00eatre de votre b\u00e9b\u00e9.<\/p>\n","protected":false},"featured_media":75819,"comment_status":"closed","ping_status":"closed","template":"","meta":{"_lmt_disableupdate":"no","_lmt_disable":""},"product_brand":[],"product_cat":[635,798,527],"product_tag":[],"woo-feed-brand":[],"class_list":{"0":"post-43207","1":"product","2":"type-product","3":"status-publish","4":"has-post-thumbnail","6":"product_cat-exterieur","7":"product_cat-oreillers","8":"product_cat-sommeil","10":"first","11":"instock","12":"taxable","13":"shipping-taxable","14":"purchasable","15":"product-type-simple"},"_links":{"self":[{"href":"https:\/\/www.bojungle.eu\/fr\/wp-json\/wp\/v2\/product\/43207","targetHints":{"allow":["GET"]}}],"collection":[{"href":"https:\/\/www.bojungle.eu\/fr\/wp-json\/wp\/v2\/product"}],"about":[{"href":"https:\/\/www.bojungle.eu\/fr\/wp-json\/wp\/v2\/types\/product"}],"replies":[{"embeddable":true,"href":"https:\/\/www.bojungle.eu\/fr\/wp-json\/wp\/v2\/comments?post=43207"}],"version-history":[{"count":1,"href":"https:\/\/www.bojungle.eu\/fr\/wp-json\/wp\/v2\/product\/43207\/revisions"}],"predecessor-version":[{"id":75842,"href":"https:\/\/www.bojungle.eu\/fr\/wp-json\/wp\/v2\/product\/43207\/revisions\/75842"}],"wp:featuredmedia":[{"embeddable":true,"href":"https:\/\/www.bojungle.eu\/fr\/wp-json\/wp\/v2\/media\/75819"}],"wp:attachment":[{"href":"https:\/\/www.bojungle.eu\/fr\/wp-json\/wp\/v2\/media?parent=43207"}],"wp:term":[{"taxonomy":"product_brand","embeddable":true,"href":"https:\/\/www.bojungle.eu\/fr\/wp-json\/wp\/v2\/product_brand?post=43207"},{"taxonomy":"product_cat","embeddable":true,"href":"https:\/\/www.bojungle.eu\/fr\/wp-json\/wp\/v2\/product_cat?post=43207"},{"taxonomy":"product_tag","embeddable":true,"href":"https:\/\/www.bojungle.eu\/fr\/wp-json\/wp\/v2\/product_tag?post=43207"},{"taxonomy":"woo-feed-brand","embeddable":true,"href":"https:\/\/www.bojungle.eu\/fr\/wp-json\/wp\/v2\/woo-feed-brand?post=43207"}],"curies":[{"name":"wp","href":"https:\/\/api.w.org\/{rel}","templated":true}]}}