{"id":43247,"date":"2022-05-29T11:13:30","date_gmt":"2022-05-29T09:13:30","guid":{"rendered":"https:\/\/bojungle.eu\/shop\/product\/b-comfort-nest-taupe\/"},"modified":"2025-03-13T11:57:50","modified_gmt":"2025-03-13T10:57:50","slug":"b-comfort-nest-taupe","status":"publish","type":"product","link":"https:\/\/www.bojungle.eu\/fr\/produit\/b-comfort-nest-taupe\/","title":{"rendered":"B-Nid de confort"},"content":{"rendered":"<p data-start=\"62\" data-end=\"282\">Offrez \u00e0 votre enfant le confort et la s\u00e9curit\u00e9 ultimes avec le Nid de Confort, un oreiller de soutien universel pour tout le corps, con\u00e7u pour s&rsquo;adapter parfaitement aux poussettes, aux nacelles, aux si\u00e8ges auto, aux berceaux, aux balan\u00e7oires et bien plus encore.<\/p>\n<p>Donnez \u00e0 votre b\u00e9b\u00e9 le meilleur d\u00e9part possible avec le coussin ergonomique B-Cale-t\u00eate Jersey rose, qui allie confort et praticit\u00e9.Caract\u00e9ristiques principales :<\/p>\n<ul>\n<li><strong data-start=\"308\" data-end=\"334\">Adaptation polyvalente et s\u00fbre &#8211; <\/strong>Con\u00e7ue avec des ouvertures pour la sangle du harnais pour une adaptation s\u00fbre et confortable \u00e0 divers \u00e9quipements pour b\u00e9b\u00e9.<\/li>\n<li><strong data-start=\"424\" data-end=\"454\">R\u00e9versible pour toutes les saisons &#8211; <\/strong>Comprend une face \u00e9t\u00e9 respirante pour un confort rafra\u00eechissant et une face hiver en velours doux pour la chaleur et le confort.<\/li>\n<li><strong data-start=\"578\" data-end=\"601\">Couvre-pieds amovible<\/strong> &#8211; Fournit une chaleur suppl\u00e9mentaire et peut \u00eatre d\u00e9tach\u00e9 pour plus de commodit\u00e9.<\/li>\n<li><strong data-start=\"667\" data-end=\"687\">Soutien ultime &#8211;<\/strong> Le rembourrage du corps entier assure un confort et un soutien optimaux pour la t\u00eate, le cou et le corps de votre b\u00e9b\u00e9.<\/li>\n<\/ul>\n<p data-start=\"788\" data-end=\"907\" data-is-last-node=\"\" data-is-only-node=\"\">Parfait pour une utilisation tout au long de l&rsquo;ann\u00e9e, le Nid Confort Taupe garde votre enfant bien au chaud, en s\u00e9curit\u00e9 et soutenu o\u00f9 que vous alliez !<\/p>\n","protected":false},"excerpt":{"rendered":"<div class=\"flex max-w-full flex-col flex-grow\">\n<div class=\"min-h-8 text-message relative flex w-full flex-col items-end gap-2 whitespace-normal break-words text-start [.text-message+&amp;]:mt-5\" dir=\"auto\" data-message-author-role=\"assistant\" data-message-id=\"3ae60a2c-cacd-4a52-b05c-d94bc836cb8a\" data-message-model-slug=\"gpt-4o\">\n<div class=\"flex w-full flex-col gap-1 empty:hidden first:pt-[3px]\">\n<div class=\"markdown prose w-full break-words dark:prose-invert light\">\n<p data-start=\"63\" data-end=\"463\" data-is-last-node=\"\" data-is-only-node=\"\">Gardez votre enfant bien au chaud et en s\u00e9curit\u00e9 gr\u00e2ce \u00e0 ce coussin de soutien polyvalent, con\u00e7u pour les poussettes, les si\u00e8ges auto, les nacelles, les berceaux et bien plus encore. Sa conception r\u00e9versible, avec une face \u00e9t\u00e9 respirante et une face hiver en velours doux, assure un confort tout au long de l&rsquo;ann\u00e9e. Le couvre-pieds amovible ajoute une chaleur suppl\u00e9mentaire, tandis que les ouvertures de la sangle du harnais assurent un bon maintien. Un soutien parfait pour chaque voyage !   <\/p>\n<\/div>\n<\/div>\n<\/div>\n<\/div>\n<div class=\"mb-2 flex gap-3 -ml-2\" tabindex=\"0\">\n<div class=\"flex items-center justify-start rounded-xl p-1\">\n<div class=\"flex items-center\">\n<p>&nbsp;<\/p>\n<div class=\"flex\"><\/div>\n<p>&nbsp;<\/p>\n<div class=\"flex items-center pb-0\"><\/div>\n<\/div>\n<\/div>\n<\/div>\n","protected":false},"featured_media":68186,"comment_status":"closed","ping_status":"closed","template":"","meta":{"_lmt_disableupdate":"no","_lmt_disable":""},"product_brand":[],"product_cat":[636,635],"product_tag":[],"woo-feed-brand":[],"class_list":{"0":"post-43247","1":"product","2":"type-product","3":"status-publish","4":"has-post-thumbnail","6":"product_cat-accessoires-dexterieur","7":"product_cat-exterieur","9":"first","10":"instock","11":"taxable","12":"shipping-taxable","13":"purchasable","14":"product-type-simple"},"_links":{"self":[{"href":"https:\/\/www.bojungle.eu\/fr\/wp-json\/wp\/v2\/product\/43247","targetHints":{"allow":["GET"]}}],"collection":[{"href":"https:\/\/www.bojungle.eu\/fr\/wp-json\/wp\/v2\/product"}],"about":[{"href":"https:\/\/www.bojungle.eu\/fr\/wp-json\/wp\/v2\/types\/product"}],"replies":[{"embeddable":true,"href":"https:\/\/www.bojungle.eu\/fr\/wp-json\/wp\/v2\/comments?post=43247"}],"version-history":[{"count":1,"href":"https:\/\/www.bojungle.eu\/fr\/wp-json\/wp\/v2\/product\/43247\/revisions"}],"predecessor-version":[{"id":79327,"href":"https:\/\/www.bojungle.eu\/fr\/wp-json\/wp\/v2\/product\/43247\/revisions\/79327"}],"wp:featuredmedia":[{"embeddable":true,"href":"https:\/\/www.bojungle.eu\/fr\/wp-json\/wp\/v2\/media\/68186"}],"wp:attachment":[{"href":"https:\/\/www.bojungle.eu\/fr\/wp-json\/wp\/v2\/media?parent=43247"}],"wp:term":[{"taxonomy":"product_brand","embeddable":true,"href":"https:\/\/www.bojungle.eu\/fr\/wp-json\/wp\/v2\/product_brand?post=43247"},{"taxonomy":"product_cat","embeddable":true,"href":"https:\/\/www.bojungle.eu\/fr\/wp-json\/wp\/v2\/product_cat?post=43247"},{"taxonomy":"product_tag","embeddable":true,"href":"https:\/\/www.bojungle.eu\/fr\/wp-json\/wp\/v2\/product_tag?post=43247"},{"taxonomy":"woo-feed-brand","embeddable":true,"href":"https:\/\/www.bojungle.eu\/fr\/wp-json\/wp\/v2\/woo-feed-brand?post=43247"}],"curies":[{"name":"wp","href":"https:\/\/api.w.org\/{rel}","templated":true}]}}