{"id":43253,"date":"2022-05-29T11:13:27","date_gmt":"2022-05-29T09:13:27","guid":{"rendered":"https:\/\/bojungle.eu\/shop\/product\/volant-b-car\/"},"modified":"2025-02-12T15:53:44","modified_gmt":"2025-02-12T14:53:44","slug":"b-voiture-volant-de-direction","status":"publish","type":"product","link":"https:\/\/www.bojungle.eu\/fr\/produit\/b-voiture-volant-de-direction\/","title":{"rendered":"Car Steering Wheel"},"content":{"rendered":"<p data-start=\"0\" data-end=\"201\">Voici le Volant de voiture &#8211; l&rsquo;ultime exp\u00e9rience de conduite interactive pour les enfants ! Ce volant amusant et captivant est dot\u00e9 de nombreuses fonctions pour divertir vos enfants pendant leurs d\u00e9placements. <\/p>\n<p data-start=\"203\" data-end=\"220\"><strong data-start=\"203\" data-end=\"220\">Donnez \u00e0 votre b\u00e9b\u00e9 le meilleur d\u00e9part possible avec le coussin ergonomique B-Cale-t\u00eate Jersey rose, qui allie confort et praticit\u00e9.Caract\u00e9ristiques principales :<\/strong><\/p>\n<ul data-start=\"222\" data-end=\"909\">\n<li data-start=\"222\" data-end=\"391\">\n<p data-start=\"224\" data-end=\"391\"><strong data-start=\"224\" data-end=\"273\">Volant avec effets sonores int\u00e9gr\u00e9s : <\/strong>Tournez le volant et profitez de sons de moteur r\u00e9alistes, de klaxons de voiture et de bruits de conduite amusants qui donnent vie \u00e0 l&rsquo;aventure.<\/p>\n<\/li>\n<li data-start=\"395\" data-end=\"543\">\n<p data-start=\"397\" data-end=\"543\"><strong data-start=\"397\" data-end=\"437\">Klaxon de voiture avec musique et effets lumineux : <\/strong>Appuyez sur le klaxon et regardez-le s&rsquo;illuminer de couleurs vives, tout en jouant une m\u00e9lodie entra\u00eenante pour plus d&rsquo;excitation.<\/p>\n<\/li>\n<li data-start=\"547\" data-end=\"728\">\n<p data-start=\"549\" data-end=\"728\"><strong data-start=\"549\" data-end=\"595\">Roue dent\u00e9e rotative \u00e0 360\u00b0 avec effets sonores : <\/strong>La roue dent\u00e9e enti\u00e8rement rotative donne aux enfants l&rsquo;impression d&rsquo;\u00eatre vraiment au volant, avec des effets sonores palpitants lorsqu&rsquo;ils tournent.<\/p>\n<\/li>\n<li data-start=\"730\" data-end=\"909\">\n<p data-start=\"732\" data-end=\"909\"><strong data-start=\"732\" data-end=\"751\">Pinces de suspension : <\/strong>Elles se fixent facilement \u00e0 l&rsquo;appui-t\u00eate de la voiture ou \u00e0 un parc pour enfants, garantissant un maintien s\u00fbr pendant que votre enfant s&rsquo;amuse sans fin, que ce soit pendant un trajet en voiture ou pendant la r\u00e9cr\u00e9ation.<\/p>\n<\/li>\n<\/ul>\n<p data-start=\"911\" data-end=\"1113\" data-is-last-node=\"\">Pinces de suspension : Elles se fixent facilement \u00e0 l&rsquo;appui-t\u00eate de la voiture ou \u00e0 un parc pour enfants, garantissant un maintien s\u00fbr pendant que votre enfant s&rsquo;amuse sans fin, que ce soit pendant un trajet en voiture ou pendant la r\u00e9cr\u00e9ation. <\/p>\n","protected":false},"excerpt":{"rendered":"<p>Parfait pour les petits conducteurs qui aiment imiter les grands, le volant B-Car est un accessoire indispensable pour le si\u00e8ge auto ou le parc de votre enfant. Transformez chaque trajet en aventure gr\u00e2ce au son, \u00e0 la musique et aux lumi\u00e8res !  <\/p>\n<p>&nbsp;<\/p>\n","protected":false},"featured_media":71443,"comment_status":"closed","ping_status":"closed","template":"","meta":{"_lmt_disableupdate":"no","_lmt_disable":""},"product_brand":[],"product_cat":[496,615,616,445],"product_tag":[],"woo-feed-brand":[],"class_list":{"0":"post-43253","1":"product","2":"type-product","3":"status-publish","4":"has-post-thumbnail","6":"product_cat-des-jouets-colores","7":"product_cat-jouets-dactivite","8":"product_cat-jouets-musicaux","9":"product_cat-playtime-fr","11":"first","12":"instock","13":"taxable","14":"shipping-taxable","15":"purchasable","16":"product-type-simple"},"_links":{"self":[{"href":"https:\/\/www.bojungle.eu\/fr\/wp-json\/wp\/v2\/product\/43253","targetHints":{"allow":["GET"]}}],"collection":[{"href":"https:\/\/www.bojungle.eu\/fr\/wp-json\/wp\/v2\/product"}],"about":[{"href":"https:\/\/www.bojungle.eu\/fr\/wp-json\/wp\/v2\/types\/product"}],"replies":[{"embeddable":true,"href":"https:\/\/www.bojungle.eu\/fr\/wp-json\/wp\/v2\/comments?post=43253"}],"version-history":[{"count":1,"href":"https:\/\/www.bojungle.eu\/fr\/wp-json\/wp\/v2\/product\/43253\/revisions"}],"predecessor-version":[{"id":79068,"href":"https:\/\/www.bojungle.eu\/fr\/wp-json\/wp\/v2\/product\/43253\/revisions\/79068"}],"wp:featuredmedia":[{"embeddable":true,"href":"https:\/\/www.bojungle.eu\/fr\/wp-json\/wp\/v2\/media\/71443"}],"wp:attachment":[{"href":"https:\/\/www.bojungle.eu\/fr\/wp-json\/wp\/v2\/media?parent=43253"}],"wp:term":[{"taxonomy":"product_brand","embeddable":true,"href":"https:\/\/www.bojungle.eu\/fr\/wp-json\/wp\/v2\/product_brand?post=43253"},{"taxonomy":"product_cat","embeddable":true,"href":"https:\/\/www.bojungle.eu\/fr\/wp-json\/wp\/v2\/product_cat?post=43253"},{"taxonomy":"product_tag","embeddable":true,"href":"https:\/\/www.bojungle.eu\/fr\/wp-json\/wp\/v2\/product_tag?post=43253"},{"taxonomy":"woo-feed-brand","embeddable":true,"href":"https:\/\/www.bojungle.eu\/fr\/wp-json\/wp\/v2\/woo-feed-brand?post=43253"}],"curies":[{"name":"wp","href":"https:\/\/api.w.org\/{rel}","templated":true}]}}